{"id":1486,"date":"2026-01-20T12:11:11","date_gmt":"2026-01-20T12:11:11","guid":{"rendered":"https:\/\/bonuskongcasino.com\/login-and-registration\/"},"modified":"2026-03-26T13:04:38","modified_gmt":"2026-03-26T13:04:38","slug":"logowanie-i-rejestracja","status":"publish","type":"page","link":"https:\/\/spin-stein-casino.com\/pl\/logowanie-i-rejestracja\/","title":{"rendered":"Logowanie i rejestracja"},"content":{"rendered":"<h1>Logowanie do Spinstein<\/h1>\n<p>Nasze najlepsze kasyno online zaczyna si\u0119 od Spinstein login, po kt\u00f3rym polscy u\u017cytkownicy mog\u0105 cieszy\u0107 si\u0119 p\u0142ynn\u0105 rozgrywk\u0105. Jest ono dost\u0119pne dla naszych graczy i oferuje wszystkie funkcje oraz bonusy platformy. Mo\u017cesz cieszy\u0107 si\u0119 bezpiecznym dost\u0119pem do wszystkich funkcji, w tym gier hazardowych na prawdziwe pieni\u0105dze, bonus\u00f3w i zarz\u0105dzania kontem. Logowanie to wej\u015bcie do wygodnego \u015bwiata kasyna na komputerze lub telefonie.<\/p>\n<p><div class=\"banner-wrap\" aria-label=\"Banner\"><img src=\"https:\/\/spin-stein-casino.com\/wp-content\/uploads\/Spinstein-banner-carousel-800\u0445400.webp\" class=\"w-100 d-none d-lg-block img-pc main-banner-img\" alt=\"promo desktop\" fetchpriority=\"high\" decoding=\"async\"><img src=\"https:\/\/spin-stein-casino.com\/wp-content\/uploads\/spinstein-banner-mobile.webp\" class=\"w-100 d-none d-md-block d-lg-none main-banner-img\" alt=\"promo mobile\" fetchpriority=\"high\" decoding=\"async\"><img src=\"https:\/\/spin-stein-casino.com\/wp-content\/uploads\/spinstein-banner-mobile.webp\" class=\"w-100 d-md-none\" alt=\"promo mobile\" fetchpriority=\"high\" decoding=\"async\"><div class=\"banner-description\">\n<div class=\"banner-title\">Bonusy powitalne<\/div>\n<p class=\"banner-header-title\">1500 \u20ac<\/p>\n<div class=\"banner-header-AdditionalText\">+ 250 Darmowe spiny<\/div>\n<button data-item=\"homepage_banner_link\" class=\"goto m-button m-gradient-border m-button--primary m-button--large banner-button btn-orange\">\n            <div class=\"m-button-content\">\n                <span>Zarejestruj si\u0119 teraz<\/span>\n                <span><\/span>\n            <\/div>\n        <\/button>\n<\/div>\n<div class=\"WelcomePack\">\n<p><img loading=\"lazy\" decoding=\"async\" class=\"alignnone size-full wp-image-1856\" src=\"https:\/\/spin-stein-casino.com\/wp-content\/uploads\/2026\/03\/welcome-crown.png\" alt=\"crown\" width=\"25\" height=\"26\" \/><\/p>\n<div class=\"WelcomePack-Info\">Cotygodniowy zwrot got\u00f3wki do 25%<\/div>\n<p><img loading=\"lazy\" decoding=\"async\" class=\"alignnone size-full wp-image-1856\" src=\"https:\/\/spin-stein-casino.com\/wp-content\/uploads\/2026\/03\/welcome-crown.png\" alt=\"crown\" width=\"25\" height=\"26\" \/><\/p>\n<\/div>\n<\/div><div class=\"scrollable-content-wrap my-5\"><div class=\"scrollable-content-inner\"><h2>Procedura rejestracji w Spinstein<\/h2>\n<p>Za\u0142o\u017cenie konta w kasynie Spinstein oferuje wiele korzy\u015bci, kt\u00f3re poprawiaj\u0105 Twoje wra\u017cenia z gry. Aktywny profil pozwala na dost\u0119p do pe\u0142nej gamy gier, wyj\u0105tkowych ofert promocyjnych, bezpiecznych metod p\u0142atno\u015bci oraz indywidualnej obs\u0142ugi klienta.<\/p>\n<p>Proces tworzenia profilu zajmuje zaledwie kilka minut i zaczyna si\u0119 od podania podstawowych informacji (wystarczy adres e-mail i has\u0142o). Po rejestracji mo\u017cesz zacz\u0105\u0107 korzysta\u0107 z w pe\u0142ni spersonalizowanej obs\u0142ugi, z mo\u017cliwo\u015bci\u0105 ustawienia limit\u00f3w wp\u0142at i dost\u0119pu do narz\u0119dzi odpowiedzialnej gry.<\/p>\n<p>Rejestracja odbywa si\u0119 zawsze za po\u015brednictwem strony Spinstein i przebiega zgodnie z nast\u0119puj\u0105cymi krokami:<\/p>\n<ol>\n<li>Kliknij przycisk rejestracji, kt\u00f3ry jest wyra\u017anie widoczny w prawym g\u00f3rnym rogu strony g\u0142\u00f3wnej.<\/li>\n<li>U\u017cyj swojego prawdziwego adresu e-mail i stw\u00f3rz silne has\u0142o, u\u017cywaj\u0105c wielkich i ma\u0142ych liter, cyfr oraz znak\u00f3w specjalnych.<\/li>\n<li>Wpisz kod promocyjny, aby otrzyma\u0107 natychmiastowe nagrody.<\/li>\n<li>Potwierd\u017a, \u017ce masz uko\u0144czone 18 lat i zaakceptuj regulamin platformy.<\/li>\n<li>Kliknij przycisk aktywacji i poczekaj na wiadomo\u015b\u0107 potwierdzaj\u0105c\u0105 od kasyna Spinstein w swojej skrzynce odbiorczej.<\/li>\n<\/ol>\n<p>W Spin Stein wszystko jest proste i przejrzyste. Nie ma potrzeby wykonywania skomplikowanych czynno\u015bci. Rejestracja umo\u017cliwia r\u00f3wnie\u017c weryfikacj\u0119, kt\u00f3ra jest niezb\u0119dna dla bezpiecze\u0144stwa konta.<\/p>\n<h2>Procedura logowania do Spinstein<\/h2>\n<p>Po aktywacji konta mo\u017cesz zacz\u0105\u0107 korzysta\u0107 ze wszystkich dost\u0119pnych funkcji. Proces logowania do profilu w Spinstein Casino jest szybki i bezpieczny. Po jego zako\u0144czeniu uzyskasz dost\u0119p do pulpitu nawigacyjnego swojego profilu. U\u017cytkownicy mog\u0105 zarz\u0105dza\u0107 swoimi kontami w Spin Stein, wp\u0142aca\u0107 i wyp\u0142aca\u0107 pieni\u0105dze oraz zmienia\u0107 ustawienia wed\u0142ug w\u0142asnego uznania.<\/p>\n<p>Aby si\u0119 zalogowa\u0107:<\/p>\n<ol>\n<li>Znajd\u017a przycisk logowania w prawym g\u00f3rnym rogu strony g\u0142\u00f3wnej kasyna Spinstein.<\/li>\n<li>Wpisz sw\u00f3j zarejestrowany adres e-mail i has\u0142o.<\/li>\n<li>Przejd\u017a do konta jednym klikni\u0119ciem na ko\u0144cu formularza.<\/li>\n<\/ol>\n<p>Po zalogowaniu gracze mog\u0105 przej\u015b\u0107 do panelu swojego profilu, aby:<\/p>\n<ul>\n<li>Przejrze\u0107 histori\u0119 wcze\u015bniejszych dzia\u0142a\u0144 i transakcji.<\/li>\n<li>Wp\u0142aci\u0107 lub wyp\u0142aci\u0107 \u015brodki.<\/li>\n<li>Dostosowa\u0107 funkcje odpowiedzialnej gry.<\/li>\n<li>Skorzysta\u0107 z wieloj\u0119zycznej pomocy, np. czatu na \u017cywo.<\/li>\n<\/ul>\n<p>Panel pozwala u\u017cytkownikom szybko aktualizowa\u0107 informacje o koncie. Mo\u017cesz tu te\u017c sprawdzi\u0107 status procesu weryfikacji, kt\u00f3ry jest wymagany od ka\u017cdego gracza Spin Stein.<\/p>\n<p><img loading=\"lazy\" decoding=\"async\" class=\"alignnone size-full wp-image-1933\" src=\"https:\/\/spin-stein-casino.com\/wp-content\/uploads\/Spinstein-Login.webp\" alt=\"Spinstein Login\" width=\"1248\" height=\"536\" srcset=\"https:\/\/spin-stein-casino.com\/wp-content\/uploads\/Spinstein-Login.webp 1248w, https:\/\/spin-stein-casino.com\/wp-content\/uploads\/Spinstein-Login-300x129.webp 300w, https:\/\/spin-stein-casino.com\/wp-content\/uploads\/Spinstein-Login-1024x440.webp 1024w, https:\/\/spin-stein-casino.com\/wp-content\/uploads\/Spinstein-Login-768x330.webp 768w\" sizes=\"auto, (max-width: 1248px) 100vw, 1248px\" \/><\/p>\n<h2>Zarz\u0105dzanie sesjami<\/h2>\n<p>Nasz system zarz\u0105dzania sesjami zosta\u0142 zaprojektowany tak, aby by\u0142 bezpieczny i wygodny dla u\u017cytkownik\u00f3w kasyna Spinstein. Ka\u017cda sesja na platformie ma limit czasowy wynosz\u0105cy 30\u201360 minut bezczynno\u015bci. Je\u015bli przez d\u0142u\u017cszy czas nic nie robisz, sesja ko\u0144czy si\u0119 automatycznie i musisz zalogowa\u0107 si\u0119 ponownie. Pomaga to zapobiega\u0107 nieautoryzowanemu dost\u0119powi, gdy jeste\u015b nieobecny zbyt d\u0142ugo.<\/p>\n<p>Aby kontynuowa\u0107 gr\u0119, po prostu ponownie wprowad\u017a swoje dane logowania do Spinstein. Korzystamy r\u00f3wnie\u017c z funkcji utrzymania sesji na zaufanych urz\u0105dzeniach, co poprawia komfort u\u017cytkowania przy zachowaniu bezpiecze\u0144stwa.<\/p>\n<p>Aby zapewni\u0107 Ci dodatkow\u0105 ochron\u0119, zach\u0119camy do w\u0142\u0105czenia uwierzytelniania dwusk\u0142adnikowego (2FA). Pami\u0119taj jednak, \u017ce je\u015bli ta opcja jest w\u0142\u0105czona, musisz zawsze mie\u0107 pod r\u0119k\u0105 swoje urz\u0105dzenie do weryfikacji kodem OTP.<\/p>\n<h2>Jak zadba\u0107 o bezpiecze\u0144stwo swojego konta<\/h2>\n<p>Bezpiecze\u0144stwo Twojego konta w Spinstein jest dla nas priorytetem. Jako \u015brodki bezpiecze\u0144stwa stosujemy 256-bitowe szyfrowanie AES oraz 2FA. Aby zwi\u0119kszy\u0107 bezpiecze\u0144stwo swojego profilu, wykonaj nast\u0119puj\u0105ce czynno\u015bci:<\/p>\n<table>\n<tbody>\n<tr>\n<td>Zasady bezpiecze\u0144stwa<\/td>\n<td>Dlaczego to wa\u017cne<\/td>\n<\/tr>\n<tr>\n<td>U\u017cywaj silnego, z\u0142o\u017conego has\u0142a zawieraj\u0105cego wielkie i ma\u0142e litery, cyfry oraz symbole<\/td>\n<td>Zapobiega to nieautoryzowanemu dost\u0119powi, utrudniaj\u0105c odgadni\u0119cie lub z\u0142amanie has\u0142a.<\/td>\n<\/tr>\n<tr>\n<td>W\u0142\u0105cz uwierzytelnianie dwusk\u0142adnikowe (2FA)<\/td>\n<td>Wykorzystuje jednorazowe kody OTP, do kt\u00f3rych masz dost\u0119p tylko z okre\u015blonego urz\u0105dzenia.<\/td>\n<\/tr>\n<tr>\n<td>Regularnie sprawdzaj aktywno\u015b\u0107 na profilu i transakcje<\/td>\n<td>Pomaga wcze\u015bnie wykry\u0107 wszelkie nieautoryzowane lub podejrzane dzia\u0142ania.<\/td>\n<\/tr>\n<tr>\n<td>Nigdy nie ujawniaj swoich danych logowania do Spinstein<\/td>\n<td>Chroni Twoje konto przed nieautoryzowanym dost\u0119pem.<\/td>\n<\/tr>\n<tr>\n<td>Zg\u0142aszaj podejrzane dzia\u0142ania zespo\u0142owi pomocy technicznej<\/td>\n<td>Gwarantuje szybk\u0105 reakcj\u0119 w celu zabezpieczenia Twojego konta i zapobie\u017cenia potencjalnym oszustwom lub w\u0142amaniom.<\/td>\n<\/tr>\n<\/tbody>\n<\/table>\n<h2>Cz\u0119sto zadawane pytania<\/h2>\n<h3>Czy mog\u0119 korzysta\u0107 z tego samego konta na wielu urz\u0105dzeniach?<\/h3>\n<p>Tak, Twoje konto w Spinstein Casino jest dost\u0119pne na r\u00f3\u017cnych urz\u0105dzeniach. Niemniej jednak, aby zapewni\u0107 bezpiecze\u0144stwo, zalecamy korzystanie wy\u0142\u0105cznie z zaufanych smartfon\u00f3w\/tablet\u00f3w\/komputer\u00f3w oraz stosowanie uwierzytelniania dwusk\u0142adnikowego, kt\u00f3re zapewnia dodatkow\u0105 ochron\u0119. Napisz do nas na czacie na \u017cywo, je\u015bli napotkasz jakiekolwiek problemy z logowaniem si\u0119 do swojego profilu z nowego urz\u0105dzenia.<\/p>\n<h3>Jak skonfigurowa\u0107 uwierzytelnianie dwusk\u0142adnikowe?<\/h3>\n<p>Aktywacja 2FA wymaga zalogowania si\u0119 do Spinstein, przej\u015bcia do ustawie\u0144 profilu i post\u0119powania zgodnie z instrukcjami, aby doda\u0107 swoje dane do aplikacji uwierzytelniaj\u0105cej. Ta operacja dodaje kolejny \u015brodek bezpiecze\u0144stwa wymagaj\u0105cy podania kodu jednorazowego podczas logowania.<\/p>\n<h3>Dlaczego ci\u0105gle jestem automatycznie wylogowywany?<\/h3>\n<p>Aby zapobiec nieautoryzowanemu dost\u0119powi do Twojego konta Spin Stein, automatyczne wylogowanie nast\u0119puje po 30 i 60 minutach bezczynno\u015bci. Po prostu zaloguj si\u0119 ponownie, korzystaj\u0105c z formularza logowania Spinstein, i nie martw si\u0119.<\/p>\n<h3>Co mam zrobi\u0107, je\u015bli pojawia si\u0119 b\u0142\u0105d \u201enieprawid\u0142owe has\u0142o\u201d?<\/h3>\n<p>Upewnij si\u0119, \u017ce wpisujesz prawid\u0142owe dane logowania i zwracasz uwag\u0119 na wielko\u015b\u0107 liter. Czasami nawet nie zauwa\u017camy, \u017ce piszemy na niew\u0142a\u015bciwej klawiaturze. Je\u015bli problem nadal wyst\u0119puje, mo\u017cesz zresetowa\u0107 has\u0142o, aby bezpiecznie wygenerowa\u0107 nowe has\u0142o do Spin Stein.<\/p>\n<\/div><\/div><\/p>\n","protected":false},"excerpt":{"rendered":"<p>Logowanie do Spinstein Nasze najlepsze kasyno online zaczyna si\u0119 od Spinstein login, po kt\u00f3rym polscy u\u017cytkownicy mog\u0105 cieszy\u0107 si\u0119 p\u0142ynn\u0105 rozgrywk\u0105. Jest ono dost\u0119pne dla naszych graczy i oferuje wszystkie funkcje oraz bonusy platformy. Mo\u017cesz cieszy\u0107 si\u0119 bezpiecznym dost\u0119pem do wszystkich funkcji, w tym gier hazardowych na prawdziwe pieni\u0105dze, bonus\u00f3w i zarz\u0105dzania kontem. Logowanie to [&hellip;]<\/p>\n","protected":false},"author":1,"featured_media":0,"parent":0,"menu_order":0,"comment_status":"closed","ping_status":"closed","template":"template-builder.php","meta":{"_acf_changed":false,"inline_featured_image":false,"footnotes":""},"class_list":["post-1486","page","type-page","status-publish","hentry"],"acf":[],"yoast_head":"<!-- This site is optimized with the Yoast SEO plugin v27.3 - https:\/\/yoast.com\/product\/yoast-seo-wordpress\/ -->\n<title>Spinstein Casino Login &amp; Rejestracja | Bezpieczny Dost\u0119p<\/title>\n<meta name=\"description\" content=\"Spinstein Casino Login \u2013 utw\u00f3rz konto w kilka chwil lub zaloguj si\u0119 z pewno\u015bci\u0105 dzi\u0119ki zaawansowanemu szyfrowaniu. Sprawd\u017a histori\u0119 wp\u0142at, status bonus\u00f3w i ustawienia osobiste w jednym miejscu w Spin Stein.\" \/>\n<meta name=\"robots\" content=\"index, follow, max-snippet:-1, max-image-preview:large, max-video-preview:-1\" \/>\n<link rel=\"canonical\" href=\"https:\/\/spin-stein-casino.com\/pl\/logowanie-i-rejestracja\/\" \/>\n<meta property=\"og:locale\" content=\"pl_PL\" \/>\n<meta property=\"og:type\" content=\"article\" \/>\n<meta property=\"og:title\" content=\"Spinstein Casino Login &amp; Rejestracja | Bezpieczny Dost\u0119p\" \/>\n<meta property=\"og:description\" content=\"Spinstein Casino Login \u2013 utw\u00f3rz konto w kilka chwil lub zaloguj si\u0119 z pewno\u015bci\u0105 dzi\u0119ki zaawansowanemu szyfrowaniu. Sprawd\u017a histori\u0119 wp\u0142at, status bonus\u00f3w i ustawienia osobiste w jednym miejscu w Spin Stein.\" \/>\n<meta property=\"og:url\" content=\"https:\/\/spin-stein-casino.com\/pl\/logowanie-i-rejestracja\/\" \/>\n<meta property=\"og:site_name\" content=\"spinstein\" \/>\n<meta property=\"article:modified_time\" content=\"2026-03-26T13:04:38+00:00\" \/>\n<meta name=\"twitter:card\" content=\"summary_large_image\" \/>\n<meta name=\"twitter:label1\" content=\"Est. reading time\" \/>\n\t<meta name=\"twitter:data1\" content=\"1 minute\" \/>\n<script type=\"application\/ld+json\" class=\"yoast-schema-graph\">{\"@context\":\"https:\\\/\\\/schema.org\",\"@graph\":[{\"@type\":\"WebPage\",\"@id\":\"https:\\\/\\\/spin-stein-casino.com\\\/pl\\\/logowanie-i-rejestracja\\\/\",\"url\":\"https:\\\/\\\/spin-stein-casino.com\\\/pl\\\/logowanie-i-rejestracja\\\/\",\"name\":\"Spinstein Casino Login & Rejestracja | Bezpieczny Dost\u0119p\",\"isPartOf\":{\"@id\":\"https:\\\/\\\/spin-stein-casino.com\\\/pl\\\/#website\"},\"datePublished\":\"2026-01-20T12:11:11+00:00\",\"dateModified\":\"2026-03-26T13:04:38+00:00\",\"description\":\"Spinstein Casino Login \u2013 utw\u00f3rz konto w kilka chwil lub zaloguj si\u0119 z pewno\u015bci\u0105 dzi\u0119ki zaawansowanemu szyfrowaniu. Sprawd\u017a histori\u0119 wp\u0142at, status bonus\u00f3w i ustawienia osobiste w jednym miejscu w Spin Stein.\",\"breadcrumb\":{\"@id\":\"https:\\\/\\\/spin-stein-casino.com\\\/pl\\\/logowanie-i-rejestracja\\\/#breadcrumb\"},\"inLanguage\":\"pl-PL\",\"potentialAction\":[{\"@type\":\"ReadAction\",\"target\":[\"https:\\\/\\\/spin-stein-casino.com\\\/pl\\\/logowanie-i-rejestracja\\\/\"]}]},{\"@type\":\"BreadcrumbList\",\"@id\":\"https:\\\/\\\/spin-stein-casino.com\\\/pl\\\/logowanie-i-rejestracja\\\/#breadcrumb\",\"itemListElement\":[{\"@type\":\"ListItem\",\"position\":1,\"name\":\"Spinstein\",\"item\":\"https:\\\/\\\/spin-stein-casino.com\\\/pl\\\/\"},{\"@type\":\"ListItem\",\"position\":2,\"name\":\"Logowanie i rejestracja\"}]},{\"@type\":\"WebSite\",\"@id\":\"https:\\\/\\\/spin-stein-casino.com\\\/pl\\\/#website\",\"url\":\"https:\\\/\\\/spin-stein-casino.com\\\/pl\\\/\",\"name\":\"Spinstein\",\"description\":\"\",\"publisher\":{\"@id\":\"https:\\\/\\\/spin-stein-casino.com\\\/pl\\\/#organization\"},\"potentialAction\":[{\"@type\":\"SearchAction\",\"target\":{\"@type\":\"EntryPoint\",\"urlTemplate\":\"https:\\\/\\\/spin-stein-casino.com\\\/pl\\\/?s={search_term_string}\"},\"query-input\":{\"@type\":\"PropertyValueSpecification\",\"valueRequired\":true,\"valueName\":\"search_term_string\"}}],\"inLanguage\":\"pl-PL\"},{\"@type\":\"Organization\",\"@id\":\"https:\\\/\\\/spin-stein-casino.com\\\/pl\\\/#organization\",\"name\":\"Spinstein\",\"url\":\"https:\\\/\\\/spin-stein-casino.com\\\/pl\\\/\",\"logo\":{\"@type\":\"ImageObject\",\"inLanguage\":\"pl-PL\",\"@id\":\"https:\\\/\\\/spin-stein-casino.com\\\/pl\\\/#\\\/schema\\\/logo\\\/image\\\/\",\"url\":\"https:\\\/\\\/spin-stein-casino.com\\\/wp-content\\\/uploads\\\/2026\\\/03\\\/spinstein-logo.png\",\"contentUrl\":\"https:\\\/\\\/spin-stein-casino.com\\\/wp-content\\\/uploads\\\/2026\\\/03\\\/spinstein-logo.png\",\"width\":166,\"height\":40,\"caption\":\"Spinstein\"},\"image\":{\"@id\":\"https:\\\/\\\/spin-stein-casino.com\\\/pl\\\/#\\\/schema\\\/logo\\\/image\\\/\"}}]}<\/script>\n<!-- \/ Yoast SEO plugin. -->","yoast_head_json":{"title":"Spinstein Casino Login & Rejestracja | Bezpieczny Dost\u0119p","description":"Spinstein Casino Login \u2013 utw\u00f3rz konto w kilka chwil lub zaloguj si\u0119 z pewno\u015bci\u0105 dzi\u0119ki zaawansowanemu szyfrowaniu. Sprawd\u017a histori\u0119 wp\u0142at, status bonus\u00f3w i ustawienia osobiste w jednym miejscu w Spin Stein.","robots":{"index":"index","follow":"follow","max-snippet":"max-snippet:-1","max-image-preview":"max-image-preview:large","max-video-preview":"max-video-preview:-1"},"canonical":"https:\/\/spin-stein-casino.com\/pl\/logowanie-i-rejestracja\/","og_locale":"pl_PL","og_type":"article","og_title":"Spinstein Casino Login & Rejestracja | Bezpieczny Dost\u0119p","og_description":"Spinstein Casino Login \u2013 utw\u00f3rz konto w kilka chwil lub zaloguj si\u0119 z pewno\u015bci\u0105 dzi\u0119ki zaawansowanemu szyfrowaniu. Sprawd\u017a histori\u0119 wp\u0142at, status bonus\u00f3w i ustawienia osobiste w jednym miejscu w Spin Stein.","og_url":"https:\/\/spin-stein-casino.com\/pl\/logowanie-i-rejestracja\/","og_site_name":"spinstein","article_modified_time":"2026-03-26T13:04:38+00:00","twitter_card":"summary_large_image","twitter_misc":{"Est. reading time":"1 minute"},"schema":{"@context":"https:\/\/schema.org","@graph":[{"@type":"WebPage","@id":"https:\/\/spin-stein-casino.com\/pl\/logowanie-i-rejestracja\/","url":"https:\/\/spin-stein-casino.com\/pl\/logowanie-i-rejestracja\/","name":"Spinstein Casino Login & Rejestracja | Bezpieczny Dost\u0119p","isPartOf":{"@id":"https:\/\/spin-stein-casino.com\/pl\/#website"},"datePublished":"2026-01-20T12:11:11+00:00","dateModified":"2026-03-26T13:04:38+00:00","description":"Spinstein Casino Login \u2013 utw\u00f3rz konto w kilka chwil lub zaloguj si\u0119 z pewno\u015bci\u0105 dzi\u0119ki zaawansowanemu szyfrowaniu. Sprawd\u017a histori\u0119 wp\u0142at, status bonus\u00f3w i ustawienia osobiste w jednym miejscu w Spin Stein.","breadcrumb":{"@id":"https:\/\/spin-stein-casino.com\/pl\/logowanie-i-rejestracja\/#breadcrumb"},"inLanguage":"pl-PL","potentialAction":[{"@type":"ReadAction","target":["https:\/\/spin-stein-casino.com\/pl\/logowanie-i-rejestracja\/"]}]},{"@type":"BreadcrumbList","@id":"https:\/\/spin-stein-casino.com\/pl\/logowanie-i-rejestracja\/#breadcrumb","itemListElement":[{"@type":"ListItem","position":1,"name":"Spinstein","item":"https:\/\/spin-stein-casino.com\/pl\/"},{"@type":"ListItem","position":2,"name":"Logowanie i rejestracja"}]},{"@type":"WebSite","@id":"https:\/\/spin-stein-casino.com\/pl\/#website","url":"https:\/\/spin-stein-casino.com\/pl\/","name":"Spinstein","description":"","publisher":{"@id":"https:\/\/spin-stein-casino.com\/pl\/#organization"},"potentialAction":[{"@type":"SearchAction","target":{"@type":"EntryPoint","urlTemplate":"https:\/\/spin-stein-casino.com\/pl\/?s={search_term_string}"},"query-input":{"@type":"PropertyValueSpecification","valueRequired":true,"valueName":"search_term_string"}}],"inLanguage":"pl-PL"},{"@type":"Organization","@id":"https:\/\/spin-stein-casino.com\/pl\/#organization","name":"Spinstein","url":"https:\/\/spin-stein-casino.com\/pl\/","logo":{"@type":"ImageObject","inLanguage":"pl-PL","@id":"https:\/\/spin-stein-casino.com\/pl\/#\/schema\/logo\/image\/","url":"https:\/\/spin-stein-casino.com\/wp-content\/uploads\/2026\/03\/spinstein-logo.png","contentUrl":"https:\/\/spin-stein-casino.com\/wp-content\/uploads\/2026\/03\/spinstein-logo.png","width":166,"height":40,"caption":"Spinstein"},"image":{"@id":"https:\/\/spin-stein-casino.com\/pl\/#\/schema\/logo\/image\/"}}]}},"_links":{"self":[{"href":"https:\/\/spin-stein-casino.com\/pl\/wp-json\/wp\/v2\/pages\/1486","targetHints":{"allow":["GET"]}}],"collection":[{"href":"https:\/\/spin-stein-casino.com\/pl\/wp-json\/wp\/v2\/pages"}],"about":[{"href":"https:\/\/spin-stein-casino.com\/pl\/wp-json\/wp\/v2\/types\/page"}],"author":[{"embeddable":true,"href":"https:\/\/spin-stein-casino.com\/pl\/wp-json\/wp\/v2\/users\/1"}],"replies":[{"embeddable":true,"href":"https:\/\/spin-stein-casino.com\/pl\/wp-json\/wp\/v2\/comments?post=1486"}],"version-history":[{"count":3,"href":"https:\/\/spin-stein-casino.com\/pl\/wp-json\/wp\/v2\/pages\/1486\/revisions"}],"predecessor-version":[{"id":1991,"href":"https:\/\/spin-stein-casino.com\/pl\/wp-json\/wp\/v2\/pages\/1486\/revisions\/1991"}],"wp:attachment":[{"href":"https:\/\/spin-stein-casino.com\/pl\/wp-json\/wp\/v2\/media?parent=1486"}],"curies":[{"name":"wp","href":"https:\/\/api.w.org\/{rel}","templated":true}]}}