{"id":1447,"date":"2026-01-20T12:08:23","date_gmt":"2026-01-20T12:08:23","guid":{"rendered":"https:\/\/bonuskongcasino.com\/app\/"},"modified":"2026-03-26T13:03:09","modified_gmt":"2026-03-26T13:03:09","slug":"aplikacja","status":"publish","type":"page","link":"https:\/\/spin-stein-casino.com\/pl\/aplikacja\/","title":{"rendered":"Aplikacja"},"content":{"rendered":"<h1>Aplikacja Spinstein: gry kasynowe na urz\u0105dzenia mobilne<\/h1>\n<p>Spinstein app ca\u0142kowicie zmienia spos\u00f3b, w jaki fani gier mobilnych postrzegaj\u0105 kasyna online. Zaprojektowali\u015bmy j\u0105 z my\u015bl\u0105 o doskona\u0142ej wydajno\u015bci cyfrowej. Nasza aplikacja PWA zapewnia p\u0142ynne i intuicyjne dzia\u0142anie, dostosowane do wszystkich urz\u0105dze\u0144 mobilnych. Mo\u017cesz bez problemu bra\u0107 udzia\u0142 w grach z krupierem na \u017cywo lub zarz\u0105dza\u0107 swoim kontem, a nasza aplikacja oferuje wszystkie te kluczowe funkcje w kompaktowym, \u0142atwym w obs\u0142udze pakiecie. Jeste\u015bmy ulubionym wyborem polskich graczy, kt\u00f3rzy szukaj\u0105 godnego zaufania, wci\u0105gaj\u0105cego do\u015bwiadczenia z grami w podr\u00f3\u017cy.<\/p>\n<div class=\"banner-wrap\" aria-label=\"Banner\"><img src=\"https:\/\/spin-stein-casino.com\/wp-content\/uploads\/Spinstein-banner-carousel-800\u0445400.webp\" class=\"w-100 d-none d-lg-block img-pc main-banner-img\" alt=\"promo desktop\" fetchpriority=\"high\" decoding=\"async\"><img src=\"https:\/\/spin-stein-casino.com\/wp-content\/uploads\/spinstein-banner-mobile.webp\" class=\"w-100 d-none d-md-block d-lg-none main-banner-img\" alt=\"promo mobile\" fetchpriority=\"high\" decoding=\"async\"><img src=\"https:\/\/spin-stein-casino.com\/wp-content\/uploads\/spinstein-banner-mobile.webp\" class=\"w-100 d-md-none\" alt=\"promo mobile\" fetchpriority=\"high\" decoding=\"async\"><div class=\"banner-description\">\n<div class=\"banner-title\">Bonusy powitalne<\/div>\n<p class=\"banner-header-title\">1500 \u20ac<\/p>\n<div class=\"banner-header-AdditionalText\">+ 250 Darmowe spiny<\/div>\n<button data-item=\"homepage_banner_link\" class=\"goto m-button m-gradient-border m-button--primary m-button--large banner-button btn-orange\">\n            <div class=\"m-button-content\">\n                <span>Zarejestruj si\u0119 teraz<\/span>\n                <span><\/span>\n            <\/div>\n        <\/button>\n<\/div>\n<div class=\"WelcomePack\">\n<p><img loading=\"lazy\" decoding=\"async\" class=\"alignnone size-full wp-image-1856\" src=\"https:\/\/spin-stein-casino.com\/wp-content\/uploads\/2026\/03\/welcome-crown.png\" alt=\"crown\" width=\"25\" height=\"26\" \/><\/p>\n<div class=\"WelcomePack-Info\">Cotygodniowy zwrot got\u00f3wki do 25%<\/div>\n<p><img loading=\"lazy\" decoding=\"async\" class=\"alignnone size-full wp-image-1856\" src=\"https:\/\/spin-stein-casino.com\/wp-content\/uploads\/2026\/03\/welcome-crown.png\" alt=\"crown\" width=\"25\" height=\"26\" \/><\/p>\n<\/div>\n<\/div>\n<h2>Funkcje aplikacji Spinstein<\/h2>\n<p>Nasza aplikacja zapewnia szeroki wachlarz korzy\u015bci w por\u00f3wnaniu z gr\u0105 na komputerze stacjonarnym lub w przegl\u0105darce. Jej uproszczony interfejs gwarantuje szybkie \u0142adowanie nawet przy s\u0142abym po\u0142\u0105czeniu, nie wp\u0142ywaj\u0105c przy tym negatywnie na grafik\u0119 ani p\u0142ynno\u015b\u0107 dzia\u0142ania. Aplikacja Spinstein Casino ma lekk\u0105 architektur\u0119, dzi\u0119ki czemu zajmuje niewiele miejsca i wymaga automatycznych aktualizacji, aby zapewni\u0107 najnowsze funkcje bez zak\u0142\u00f3cania rozgrywki.<\/p>\n<p>Najwa\u017cniejsze cechy aplikacji Spinstein to:<\/p>\n<ul>\n<li>Nieograniczony dost\u0119p do pe\u0142nej oferty automat\u00f3w online, gier sto\u0142owych i opcji z krupierem na \u017cywo.<\/li>\n<li>\u0141atwa obs\u0142uga konta, np. wp\u0142aty, wyp\u0142aty i proces weryfikacji (KYC).<\/li>\n<li>Ulepszone zabezpieczenia, takie jak szyfrowanie (TLS 1.3), zapory WAF i bezpieczne logowanie.<\/li>\n<li>Powiadomienia push o promocjach, grach i koncie.<\/li>\n<li>Mo\u017cliwo\u015b\u0107 dostosowania pulpitu nawigacyjnego do ustawie\u0144 Twojego urz\u0105dzenia.<\/li>\n<li>Instalacja przebiega szybko i mo\u017cna j\u0105 przeprowadzi\u0107 bez opuszczania oficjalnej strony Spinstein Casino. Nie potrzebujesz zewn\u0119trznych sklep\u00f3w z aplikacjami.<\/li>\n<\/ul>\n<p>Por\u00f3wnajmy zalety i wady wersji mobilnej, \u017ceby lepiej zrozumie\u0107, czy warto z niej korzysta\u0107.<\/p>\n<table>\n<tbody>\n<tr>\n<td>Zalety<\/td>\n<td>Ograniczenia<\/td>\n<\/tr>\n<tr>\n<td>Natychmiastowy dost\u0119p do kasyna i gier bez instalacji<\/td>\n<td>Mo\u017ce wymaga\u0107 troch\u0119 miejsca na dysku, \u017ceby dzia\u0142a\u0107 optymalnie<\/td>\n<\/tr>\n<tr>\n<td>Powiadomienia w czasie rzeczywistym o ofertach promocyjnych, bonusach i wa\u017cnych informacjach<\/td>\n<td>Ograniczenia dla graczy z niekt\u00f3rych region\u00f3w geograficznych<\/td>\n<\/tr>\n<tr>\n<td>Intuicyjny interfejs u\u017cytkownika z p\u0142ynn\u0105 nawigacj\u0105 i dostosowalnym uk\u0142adem<\/td>\n<td>Je\u015bli masz starsze urz\u0105dzenie, mog\u0105 pojawi\u0107 si\u0119 problemy z kompatybilno\u015bci\u0105<\/td>\n<\/tr>\n<tr>\n<td>Szybka i p\u0142ynna rozgrywka z minimalnym czasem \u0142adowania<\/td>\n<td><\/td>\n<\/tr>\n<\/tbody>\n<\/table>\n<p>Wszystko to sk\u0142ada si\u0119 na wci\u0105gaj\u0105ce wra\u017cenia z gry, kt\u00f3re mog\u0105 konkurowa\u0107 z wersj\u0105 na komputery stacjonarne, a jednocze\u015bnie zapewnia wygod\u0119 dost\u0119pu z urz\u0105dze\u0144 mobilnych.<\/p>\n<p><div class=\"scrollable-content-wrap my-5\"><div class=\"scrollable-content-inner\"><h2>Aplikacja Spinstein na Androida<\/h2>\n<p>U\u017cytkownicy Androida maj\u0105 dost\u0119p do pe\u0142nej funkcjonalno\u015bci kasyna Spinstein dzi\u0119ki specjalnej ofercie, bez ryzyka zwi\u0105zanego z pobieraniem pliku APK. Aplikacja to po prostu PWA, wi\u0119c nie ma \u017cadnych problem\u00f3w z nasz\u0105 prost\u0105 procedur\u0105 instalacji, kt\u00f3ra zajmuje tylko kilka minut.<\/p>\n<ol>\n<li>Wystarczy przewin\u0105\u0107 stron\u0119 kasyna Spin Stein w d\u00f3\u0142 i klikn\u0105\u0107 przycisk \u201eCasino App\u201d.<\/li>\n<li>Kliknij przycisk \u201eZarejestruj si\u0119\u201d.<\/li>\n<li>Potwierd\u017a instalacj\u0119 po wy\u015bwietleniu banera.<\/li>\n<li>Wybierz opcj\u0119 \u201eDodaj do ekranu g\u0142\u00f3wnego\u201d.<\/li>\n<\/ol>\n<p>Po zako\u0144czeniu instalacji ikona aplikacji Spinstein pojawi si\u0119 na ekranie g\u0142\u00f3wnym. Teraz masz bezpo\u015bredni i szybki dost\u0119p do wszystkich gier. Aplikacja poprosi Ci\u0119 tylko o przyznanie niezb\u0119dnych uprawnie\u0144, najcz\u0119\u015bciej dost\u0119pu do internetu w celu grania i otrzymywania powiadomie\u0144, co ma niewielki lub \u017caden wp\u0142yw na bezpiecze\u0144stwo i wydajno\u015b\u0107 Twojego urz\u0105dzenia.<\/p>\n<p>Nasza aplikacja jest kompatybilna ze wszystkimi g\u0142\u00f3wnymi wersjami Androida. Wymagania sprz\u0119towe zapewniaj\u0105 p\u0142ynn\u0105 rozgrywk\u0119, niezale\u017cnie od wieku czy marki urz\u0105dzenia. Po zalogowaniu mo\u017cesz efektywnie zarz\u0105dza\u0107 automatami online, grami z krupierem na \u017cywo i grami sto\u0142owymi, a sterowanie dotykowe jest dostosowane do rozgrywki mobilnej.<\/p>\n<p><img loading=\"lazy\" decoding=\"async\" class=\"alignnone size-full wp-image-1907\" src=\"https:\/\/spin-stein-casino.com\/wp-content\/uploads\/Spinstein-Android-App.webp\" alt=\"Spinstein Android App\" width=\"1248\" height=\"536\" srcset=\"https:\/\/spin-stein-casino.com\/wp-content\/uploads\/Spinstein-Android-App.webp 1248w, https:\/\/spin-stein-casino.com\/wp-content\/uploads\/Spinstein-Android-App-300x129.webp 300w, https:\/\/spin-stein-casino.com\/wp-content\/uploads\/Spinstein-Android-App-1024x440.webp 1024w, https:\/\/spin-stein-casino.com\/wp-content\/uploads\/Spinstein-Android-App-768x330.webp 768w\" sizes=\"auto, (max-width: 1248px) 100vw, 1248px\" \/><\/p>\n<\/div><\/div><div style=\"clear: both\"><\/div><div class=\"d-flex justify-content-center\"><button data-item=\"decouvrez_link\" data-group=\"website_links\" class=\"goto fw-bold rounded-pill btn btn-orange\" aria-label=\"Pobierz aplikacj\u0119 Spinstein\" >Pobierz aplikacj\u0119 Spinstein<\/button><\/div><div class=\"scrollable-content-wrap my-5\"><div class=\"scrollable-content-inner\"><h2>Aplikacja Spinstein na iOS<\/h2>\n<p>Je\u015bli masz kt\u00f3ry\u015b z poni\u017cszych produkt\u00f3w Apple \u2013 iPhone\u2019a lub iPada \u2013 instalacja naszej aplikacji Spinstein b\u0119dzie dla Ciebie jeszcze \u0142atwiejsza! Spinstein zapewnia r\u00f3wnie dopracowane wra\u017cenia zar\u00f3wno dla u\u017cytkownik\u00f3w iPhone\u2019\u00f3w, jak i iPad\u00f3w. Jest \u0142atwa w instalacji i nie wymaga korzystania z App Store, poniewa\u017c dzia\u0142a jako ikona skr\u00f3tu PWA i zapewnia funkcjonalno\u015b\u0107 aplikacji natywnej, do kt\u00f3rej mo\u017cna uzyska\u0107 dost\u0119p w przegl\u0105darce.<\/p>\n<p>Aplikacj\u0119 Spin Stein instaluje si\u0119 na iPadzie w nast\u0119puj\u0105cy spos\u00f3b:<\/p>\n<ol>\n<li>Przejd\u017a na stron\u0119 kasyna Spin Stein.<\/li>\n<li>Kliknij menu z trzema kropkami na pasku adresu przegl\u0105darki.<\/li>\n<li>Klikni\u0119cie opcji \u201eDodaj do ekranu g\u0142\u00f3wnego\u201d.<\/li>\n<li>Dodaj adres URL naszego kasyna.<\/li>\n<li>Potwierd\u017a instalacj\u0119.<\/li>\n<\/ol>\n<p>Gratulacje \u2013 masz ju\u017c aplikacj\u0119 Spinstein na swoim urz\u0105dzeniu. Mo\u017cesz j\u0105 uruchamia\u0107 zar\u00f3wno na ma\u0142ych ekranach iPhone&#8217;\u00f3w, jak i na wi\u0119kszych iPadach. Aplikacja ma automatycznie dostosowuj\u0105cy si\u0119 interfejs, kt\u00f3ry zapewnia atrakcyjny wygl\u0105d graficzny dla wszystkich u\u017cytkownik\u00f3w.<\/p>\n<p><img loading=\"lazy\" decoding=\"async\" class=\"alignnone size-full wp-image-1915\" src=\"https:\/\/spin-stein-casino.com\/wp-content\/uploads\/Spinstein-iOS-App.webp\" alt=\"Spinstein iOS App\" width=\"1248\" height=\"536\" srcset=\"https:\/\/spin-stein-casino.com\/wp-content\/uploads\/Spinstein-iOS-App.webp 1248w, https:\/\/spin-stein-casino.com\/wp-content\/uploads\/Spinstein-iOS-App-300x129.webp 300w, https:\/\/spin-stein-casino.com\/wp-content\/uploads\/Spinstein-iOS-App-1024x440.webp 1024w, https:\/\/spin-stein-casino.com\/wp-content\/uploads\/Spinstein-iOS-App-768x330.webp 768w\" sizes=\"auto, (max-width: 1248px) 100vw, 1248px\" \/><\/p>\n<\/div><\/div><div style=\"clear: both\"><\/div><div class=\"d-flex justify-content-center\"><button data-item=\"decouvrez_link\" data-group=\"website_links\" class=\"goto fw-bold rounded-pill btn btn-orange\" aria-label=\"Pobierz Spinstein\" >Pobierz Spinstein<\/button><\/div><div class=\"scrollable-content-wrap my-5\"><div class=\"scrollable-content-inner\"><h2>Kompatybilno\u015b\u0107 z urz\u0105dzeniami<\/h2>\n<p>Aplikacja mobilna kasyna Spinstein jest szeroko kompatybilna. Automatycznie dostosowuje si\u0119 do rozmiaru i rozdzielczo\u015bci urz\u0105dzenia, gwarantuj\u0105c maksymaln\u0105 p\u0142ynno\u015b\u0107 rozgrywki i wygod\u0119 u\u017cytkowania. Aplikacja obs\u0142uguje:<\/p>\n<ul>\n<li>Wysokowydajne smartfony, kt\u00f3re zapewniaj\u0105 bardzo szybki dost\u0119p i s\u0105 \u0142atwe w obs\u0142udze.<\/li>\n<li>Tablety oferuj\u0105 wi\u0119kszy ekran, na kt\u00f3rym mo\u017cna szczeg\u00f3\u0142owo ogl\u0105da\u0107 gr\u0119.<\/li>\n<li>Komputery stacjonarne i laptopy zapewniaj\u0105 wra\u017cenia podobne do tych na innych urz\u0105dzeniach, ale z wi\u0119kszymi ekranami.<\/li>\n<\/ul>\n<p>Korzystaj\u0105c ze \u015bredniej klasy telefonu lub tabletu z wy\u017cszej p\u00f3\u0142ki, mo\u017cesz cieszy\u0107 si\u0119 p\u0142ynn\u0105 rozgrywk\u0105 z niewielkimi op\u00f3\u017anieniami. Mamy nadziej\u0119, \u017ce spodoba ci si\u0119 nasza mobilna wersja kasyna. Architektura aplikacji ogranicza zu\u017cycie baterii i transferu danych, dzi\u0119ki czemu \u015bwietnie nadaje si\u0119 do d\u0142ugich sesji gry w podr\u00f3\u017cy.<\/p>\n<h2>Wersja kasyna Spinstein na komputery<\/h2>\n<p>Mimo \u017ce gry mobilne s\u0105 skierowane do graczy b\u0119d\u0105cych w drodze, wersja kasyna Spin Stein na komputery stacjonarne jest niezb\u0119dna dla graczy korzystaj\u0105cych z du\u017cych ekran\u00f3w lub preferuj\u0105cych klasyczny uk\u0142ad strony. Wersja na komputery stacjonarne dzia\u0142a idealnie na systemach Windows i macOS, a dzi\u0119ki solidnym zabezpieczeniom chroni dane naszych u\u017cytkownik\u00f3w i gwarantuje uczciw\u0105 gr\u0119.<\/p>\n<p>Aby odwiedzi\u0107 Spin Stein Casino na komputerze:<\/p>\n<ol>\n<li>Kliknij raz, korzystaj\u0105c ze skr\u00f3tu lub przegl\u0105darki.<\/li>\n<li>Zaloguj si\u0119 do naszego systemu, podaj\u0105c sw\u00f3j adres e-mail i has\u0142o.<\/li>\n<li>Ciesz si\u0119 grami na stronie g\u0142\u00f3wnej lub przegl\u0105daj sw\u00f3j panel u\u017cytkownika.<\/li>\n<\/ol>\n<p>Uk\u0142ad na komputerze pozwala lepiej przyjrze\u0107 si\u0119 naszemu katalogowi Spinstein, zw\u0142aszcza w przypadku sto\u0142\u00f3w z krupierem na \u017cywo, gdzie przejrzysto\u015b\u0107 jest wa\u017cna dla wra\u017ce\u0144 z gry. Wi\u0119kszy ekran u\u0142atwia te\u017c poruszanie si\u0119 po ustawieniach konta, promocjach i rodzajach gier.<\/p>\n<p>Wersja na komputer jest kompatybilna ze wszystkimi urz\u0105dzeniami. Mo\u017cesz r\u00f3wnie\u017c przegl\u0105da\u0107 szczeg\u00f3\u0142y konta, saldo i histori\u0119 aktywno\u015bci, kt\u00f3re s\u0105 automatycznie synchronizowane. Ta sp\u00f3jno\u015b\u0107 zapewnia jednolite wra\u017cenia z gry zar\u00f3wno na komputerze, jak i na urz\u0105dzeniach mobilnych.<\/p>\n<p><img loading=\"lazy\" decoding=\"async\" class=\"alignnone size-full wp-image-1923\" src=\"https:\/\/spin-stein-casino.com\/wp-content\/uploads\/Spinstein-Desktop.webp\" alt=\"Spinstein Desktop\" width=\"1248\" height=\"536\" srcset=\"https:\/\/spin-stein-casino.com\/wp-content\/uploads\/Spinstein-Desktop.webp 1248w, https:\/\/spin-stein-casino.com\/wp-content\/uploads\/Spinstein-Desktop-300x129.webp 300w, https:\/\/spin-stein-casino.com\/wp-content\/uploads\/Spinstein-Desktop-1024x440.webp 1024w, https:\/\/spin-stein-casino.com\/wp-content\/uploads\/Spinstein-Desktop-768x330.webp 768w\" sizes=\"auto, (max-width: 1248px) 100vw, 1248px\" \/><\/p>\n<\/div><\/div><div style=\"clear: both\"><\/div><div class=\"d-flex justify-content-center\"><button data-item=\"decouvrez_link\" data-group=\"website_links\" class=\"goto fw-bold rounded-pill btn btn-orange\" aria-label=\"Pobierz aplikacj\u0119 Spinstein\" >Pobierz aplikacj\u0119 Spinstein<\/button><\/div><div class=\"scrollable-content-wrap my-5\"><div class=\"scrollable-content-inner\"><h2>Dlaczego warto gra\u0107 na telefonie?<\/h2>\n<p>Jak ju\u017c wiesz, korzystanie z mobilnej wersji kasyna Spin Stein jest niezwykle wygodne i elastyczne. Nasza fajna aplikacja pozwala graczom gra\u0107 w ulubione tytu\u0142y podczas przerw, w drodze do pracy lub relaksuj\u0105c si\u0119 w domu. Dost\u0119p do kasyna w dowolnym momencie oznacza brak czekania i rejestracji na r\u00f3\u017cnych platformach.<\/p>\n<p>Gra mobilna opiera si\u0119 na interakcji dotykowej, co zapewnia szybki i \u0142atwy dost\u0119p do gier oraz funkcji zarz\u0105dzania kontem. Szybko\u015b\u0107 dzia\u0142ania aplikacji pozwala unikn\u0105\u0107 problem\u00f3w nawet na urz\u0105dzeniach o stosunkowo niskiej specyfikacji.<\/p>\n<h2>FAQ<\/h2>\n<h3>Czy w aplikacji mog\u0119 prze\u0142\u0105cza\u0107 si\u0119 mi\u0119dzy trybem jasnym a ciemnym?<\/h3>\n<p>Aplikacja Spinstein ma jasny i ciemny motyw, dzi\u0119ki czemu ka\u017cdy mo\u017ce dostosowa\u0107 wygl\u0105d do swoich upodoba\u0144. T\u0119 funkcj\u0119 mo\u017cna w\u0142\u0105czy\u0107 w menu ustawie\u0144 aplikacji.<\/p>\n<h3>Czy musz\u0119 co\u015b pobiera\u0107 z App Store?<\/h3>\n<p>Nasza aplikacja to PWA, wi\u0119c wystarczy klikn\u0105\u0107 przycisk instalacji o nazwie \u201eAplikacja kasyna\u201d lub poprosi\u0107 cz\u0142onka naszego zespo\u0142u wsparcia o pomoc, je\u015bli nie wiesz, jak to zrobi\u0107. W tym celu po prostu kliknij przycisk czatu na \u017cywo. Nie musisz instalowa\u0107 niczego z nieznanych \u017ar\u00f3de\u0142.<\/p>\n<h3>Jakie s\u0105 wymagania systemowe aplikacji mobilnej?<\/h3>\n<p>Aplikacja Spinstein jest kompatybilna z systemem Android 8.0 i nowszym, a tak\u017ce z iOS 12.0 i nowszym. Mo\u017cesz gra\u0107 (technicznie rzecz bior\u0105c) na bardzo starych urz\u0105dzeniach, ale nie mo\u017cemy zagwarantowa\u0107 najlepszej wydajno\u015bci. Aplikacja jest kompatybilna z urz\u0105dzeniami \u015bredniej i wy\u017cszej klasy, a jej wydajno\u015b\u0107 poprawia si\u0119 wraz z najnowszym sprz\u0119tem.<\/p>\n<\/div><\/div><\/p>\n","protected":false},"excerpt":{"rendered":"<p>Aplikacja Spinstein: gry kasynowe na urz\u0105dzenia mobilne Spinstein app ca\u0142kowicie zmienia spos\u00f3b, w jaki fani gier mobilnych postrzegaj\u0105 kasyna online. Zaprojektowali\u015bmy j\u0105 z my\u015bl\u0105 o doskona\u0142ej wydajno\u015bci cyfrowej. Nasza aplikacja PWA zapewnia p\u0142ynne i intuicyjne dzia\u0142anie, dostosowane do wszystkich urz\u0105dze\u0144 mobilnych. Mo\u017cesz bez problemu bra\u0107 udzia\u0142 w grach z krupierem na \u017cywo lub zarz\u0105dza\u0107 swoim [&hellip;]<\/p>\n","protected":false},"author":1,"featured_media":0,"parent":0,"menu_order":0,"comment_status":"closed","ping_status":"closed","template":"template-builder.php","meta":{"_acf_changed":false,"inline_featured_image":false,"footnotes":""},"class_list":["post-1447","page","type-page","status-publish","hentry"],"acf":[],"yoast_head":"<!-- This site is optimized with the Yoast SEO plugin v27.3 - https:\/\/yoast.com\/product\/yoast-seo-wordpress\/ -->\n<title>Spinstein Casino Web App | Mobilna &amp; Desktop<\/title>\n<meta name=\"description\" content=\"Spinstein Web App \u2013 uzyskaj dost\u0119p do ulubionych slot\u00f3w, gier sto\u0142owych i kasyna na \u017cywo bezpo\u015brednio z dowolnej przegl\u0105darki na telefonie lub komputerze. Bez pobierania, natychmiastowa gra i p\u0142ynna synchronizacja konta z Spin Stein.\" \/>\n<meta name=\"robots\" content=\"index, follow, max-snippet:-1, max-image-preview:large, max-video-preview:-1\" \/>\n<link rel=\"canonical\" href=\"https:\/\/spin-stein-casino.com\/pl\/aplikacja\/\" \/>\n<meta property=\"og:locale\" content=\"pl_PL\" \/>\n<meta property=\"og:type\" content=\"article\" \/>\n<meta property=\"og:title\" content=\"Spinstein Casino Web App | Mobilna &amp; Desktop\" \/>\n<meta property=\"og:description\" content=\"Spinstein Web App \u2013 uzyskaj dost\u0119p do ulubionych slot\u00f3w, gier sto\u0142owych i kasyna na \u017cywo bezpo\u015brednio z dowolnej przegl\u0105darki na telefonie lub komputerze. Bez pobierania, natychmiastowa gra i p\u0142ynna synchronizacja konta z Spin Stein.\" \/>\n<meta property=\"og:url\" content=\"https:\/\/spin-stein-casino.com\/pl\/aplikacja\/\" \/>\n<meta property=\"og:site_name\" content=\"spinstein\" \/>\n<meta property=\"article:modified_time\" content=\"2026-03-26T13:03:09+00:00\" \/>\n<meta name=\"twitter:card\" content=\"summary_large_image\" \/>\n<meta name=\"twitter:label1\" content=\"Est. reading time\" \/>\n\t<meta name=\"twitter:data1\" content=\"2 minutes\" \/>\n<script type=\"application\/ld+json\" class=\"yoast-schema-graph\">{\"@context\":\"https:\\\/\\\/schema.org\",\"@graph\":[{\"@type\":\"WebPage\",\"@id\":\"https:\\\/\\\/spin-stein-casino.com\\\/pl\\\/aplikacja\\\/\",\"url\":\"https:\\\/\\\/spin-stein-casino.com\\\/pl\\\/aplikacja\\\/\",\"name\":\"Spinstein Casino Web App | Mobilna & Desktop\",\"isPartOf\":{\"@id\":\"https:\\\/\\\/spin-stein-casino.com\\\/pl\\\/#website\"},\"datePublished\":\"2026-01-20T12:08:23+00:00\",\"dateModified\":\"2026-03-26T13:03:09+00:00\",\"description\":\"Spinstein Web App \u2013 uzyskaj dost\u0119p do ulubionych slot\u00f3w, gier sto\u0142owych i kasyna na \u017cywo bezpo\u015brednio z dowolnej przegl\u0105darki na telefonie lub komputerze. Bez pobierania, natychmiastowa gra i p\u0142ynna synchronizacja konta z Spin Stein.\",\"breadcrumb\":{\"@id\":\"https:\\\/\\\/spin-stein-casino.com\\\/pl\\\/aplikacja\\\/#breadcrumb\"},\"inLanguage\":\"pl-PL\",\"potentialAction\":[{\"@type\":\"ReadAction\",\"target\":[\"https:\\\/\\\/spin-stein-casino.com\\\/pl\\\/aplikacja\\\/\"]}]},{\"@type\":\"BreadcrumbList\",\"@id\":\"https:\\\/\\\/spin-stein-casino.com\\\/pl\\\/aplikacja\\\/#breadcrumb\",\"itemListElement\":[{\"@type\":\"ListItem\",\"position\":1,\"name\":\"Spinstein\",\"item\":\"https:\\\/\\\/spin-stein-casino.com\\\/pl\\\/\"},{\"@type\":\"ListItem\",\"position\":2,\"name\":\"Aplikacja\"}]},{\"@type\":\"WebSite\",\"@id\":\"https:\\\/\\\/spin-stein-casino.com\\\/pl\\\/#website\",\"url\":\"https:\\\/\\\/spin-stein-casino.com\\\/pl\\\/\",\"name\":\"Spinstein\",\"description\":\"\",\"publisher\":{\"@id\":\"https:\\\/\\\/spin-stein-casino.com\\\/pl\\\/#organization\"},\"potentialAction\":[{\"@type\":\"SearchAction\",\"target\":{\"@type\":\"EntryPoint\",\"urlTemplate\":\"https:\\\/\\\/spin-stein-casino.com\\\/pl\\\/?s={search_term_string}\"},\"query-input\":{\"@type\":\"PropertyValueSpecification\",\"valueRequired\":true,\"valueName\":\"search_term_string\"}}],\"inLanguage\":\"pl-PL\"},{\"@type\":\"Organization\",\"@id\":\"https:\\\/\\\/spin-stein-casino.com\\\/pl\\\/#organization\",\"name\":\"Spinstein\",\"url\":\"https:\\\/\\\/spin-stein-casino.com\\\/pl\\\/\",\"logo\":{\"@type\":\"ImageObject\",\"inLanguage\":\"pl-PL\",\"@id\":\"https:\\\/\\\/spin-stein-casino.com\\\/pl\\\/#\\\/schema\\\/logo\\\/image\\\/\",\"url\":\"https:\\\/\\\/spin-stein-casino.com\\\/wp-content\\\/uploads\\\/2026\\\/03\\\/spinstein-logo.png\",\"contentUrl\":\"https:\\\/\\\/spin-stein-casino.com\\\/wp-content\\\/uploads\\\/2026\\\/03\\\/spinstein-logo.png\",\"width\":166,\"height\":40,\"caption\":\"Spinstein\"},\"image\":{\"@id\":\"https:\\\/\\\/spin-stein-casino.com\\\/pl\\\/#\\\/schema\\\/logo\\\/image\\\/\"}}]}<\/script>\n<!-- \/ Yoast SEO plugin. -->","yoast_head_json":{"title":"Spinstein Casino Web App | Mobilna & Desktop","description":"Spinstein Web App \u2013 uzyskaj dost\u0119p do ulubionych slot\u00f3w, gier sto\u0142owych i kasyna na \u017cywo bezpo\u015brednio z dowolnej przegl\u0105darki na telefonie lub komputerze. Bez pobierania, natychmiastowa gra i p\u0142ynna synchronizacja konta z Spin Stein.","robots":{"index":"index","follow":"follow","max-snippet":"max-snippet:-1","max-image-preview":"max-image-preview:large","max-video-preview":"max-video-preview:-1"},"canonical":"https:\/\/spin-stein-casino.com\/pl\/aplikacja\/","og_locale":"pl_PL","og_type":"article","og_title":"Spinstein Casino Web App | Mobilna & Desktop","og_description":"Spinstein Web App \u2013 uzyskaj dost\u0119p do ulubionych slot\u00f3w, gier sto\u0142owych i kasyna na \u017cywo bezpo\u015brednio z dowolnej przegl\u0105darki na telefonie lub komputerze. Bez pobierania, natychmiastowa gra i p\u0142ynna synchronizacja konta z Spin Stein.","og_url":"https:\/\/spin-stein-casino.com\/pl\/aplikacja\/","og_site_name":"spinstein","article_modified_time":"2026-03-26T13:03:09+00:00","twitter_card":"summary_large_image","twitter_misc":{"Est. reading time":"2 minutes"},"schema":{"@context":"https:\/\/schema.org","@graph":[{"@type":"WebPage","@id":"https:\/\/spin-stein-casino.com\/pl\/aplikacja\/","url":"https:\/\/spin-stein-casino.com\/pl\/aplikacja\/","name":"Spinstein Casino Web App | Mobilna & Desktop","isPartOf":{"@id":"https:\/\/spin-stein-casino.com\/pl\/#website"},"datePublished":"2026-01-20T12:08:23+00:00","dateModified":"2026-03-26T13:03:09+00:00","description":"Spinstein Web App \u2013 uzyskaj dost\u0119p do ulubionych slot\u00f3w, gier sto\u0142owych i kasyna na \u017cywo bezpo\u015brednio z dowolnej przegl\u0105darki na telefonie lub komputerze. Bez pobierania, natychmiastowa gra i p\u0142ynna synchronizacja konta z Spin Stein.","breadcrumb":{"@id":"https:\/\/spin-stein-casino.com\/pl\/aplikacja\/#breadcrumb"},"inLanguage":"pl-PL","potentialAction":[{"@type":"ReadAction","target":["https:\/\/spin-stein-casino.com\/pl\/aplikacja\/"]}]},{"@type":"BreadcrumbList","@id":"https:\/\/spin-stein-casino.com\/pl\/aplikacja\/#breadcrumb","itemListElement":[{"@type":"ListItem","position":1,"name":"Spinstein","item":"https:\/\/spin-stein-casino.com\/pl\/"},{"@type":"ListItem","position":2,"name":"Aplikacja"}]},{"@type":"WebSite","@id":"https:\/\/spin-stein-casino.com\/pl\/#website","url":"https:\/\/spin-stein-casino.com\/pl\/","name":"Spinstein","description":"","publisher":{"@id":"https:\/\/spin-stein-casino.com\/pl\/#organization"},"potentialAction":[{"@type":"SearchAction","target":{"@type":"EntryPoint","urlTemplate":"https:\/\/spin-stein-casino.com\/pl\/?s={search_term_string}"},"query-input":{"@type":"PropertyValueSpecification","valueRequired":true,"valueName":"search_term_string"}}],"inLanguage":"pl-PL"},{"@type":"Organization","@id":"https:\/\/spin-stein-casino.com\/pl\/#organization","name":"Spinstein","url":"https:\/\/spin-stein-casino.com\/pl\/","logo":{"@type":"ImageObject","inLanguage":"pl-PL","@id":"https:\/\/spin-stein-casino.com\/pl\/#\/schema\/logo\/image\/","url":"https:\/\/spin-stein-casino.com\/wp-content\/uploads\/2026\/03\/spinstein-logo.png","contentUrl":"https:\/\/spin-stein-casino.com\/wp-content\/uploads\/2026\/03\/spinstein-logo.png","width":166,"height":40,"caption":"Spinstein"},"image":{"@id":"https:\/\/spin-stein-casino.com\/pl\/#\/schema\/logo\/image\/"}}]}},"_links":{"self":[{"href":"https:\/\/spin-stein-casino.com\/pl\/wp-json\/wp\/v2\/pages\/1447","targetHints":{"allow":["GET"]}}],"collection":[{"href":"https:\/\/spin-stein-casino.com\/pl\/wp-json\/wp\/v2\/pages"}],"about":[{"href":"https:\/\/spin-stein-casino.com\/pl\/wp-json\/wp\/v2\/types\/page"}],"author":[{"embeddable":true,"href":"https:\/\/spin-stein-casino.com\/pl\/wp-json\/wp\/v2\/users\/1"}],"replies":[{"embeddable":true,"href":"https:\/\/spin-stein-casino.com\/pl\/wp-json\/wp\/v2\/comments?post=1447"}],"version-history":[{"count":3,"href":"https:\/\/spin-stein-casino.com\/pl\/wp-json\/wp\/v2\/pages\/1447\/revisions"}],"predecessor-version":[{"id":1989,"href":"https:\/\/spin-stein-casino.com\/pl\/wp-json\/wp\/v2\/pages\/1447\/revisions\/1989"}],"wp:attachment":[{"href":"https:\/\/spin-stein-casino.com\/pl\/wp-json\/wp\/v2\/media?parent=1447"}],"curies":[{"name":"wp","href":"https:\/\/api.w.org\/{rel}","templated":true}]}}