{"id":1485,"date":"2026-01-20T12:11:11","date_gmt":"2026-01-20T12:11:11","guid":{"rendered":"https:\/\/bonuskongcasino.com\/login-and-registration\/"},"modified":"2026-03-26T12:47:16","modified_gmt":"2026-03-26T12:47:16","slug":"accesso-e-registrazione","status":"publish","type":"page","link":"https:\/\/spin-stein-casino.com\/it\/accesso-e-registrazione\/","title":{"rendered":"Accesso e registrazione"},"content":{"rendered":"<h1>Accesso a Spinstein<\/h1>\n<p>Il nostro casin\u00f2 online di punta inizia con Spinstein login, dopo il quale gli utenti italiani possono godersi un&#8217;esperienza di gioco fluida. \u00c8 disponibile per i nostri giocatori e include tutte le funzionalit\u00e0 e i bonus della piattaforma. Puoi accedere in tutta sicurezza a tutte le funzionalit\u00e0, tra cui il gioco d&#8217;azzardo con soldi veri, i bonus e la gestione dell&#8217;account. L&#8217;accesso \u00e8 la porta d&#8217;ingresso a un comodo mondo di casin\u00f2 su desktop o telefono.<\/p>\n<p><div class=\"banner-wrap\" aria-label=\"Banner\"><img src=\"https:\/\/spin-stein-casino.com\/wp-content\/uploads\/Spinstein-banner-carousel-800\u0445400.webp\" class=\"w-100 d-none d-lg-block img-pc main-banner-img\" alt=\"promo desktop\" fetchpriority=\"high\" decoding=\"async\"><img src=\"https:\/\/spin-stein-casino.com\/wp-content\/uploads\/spinstein-banner-mobile.webp\" class=\"w-100 d-none d-md-block d-lg-none main-banner-img\" alt=\"promo mobile\" fetchpriority=\"high\" decoding=\"async\"><img src=\"https:\/\/spin-stein-casino.com\/wp-content\/uploads\/spinstein-banner-mobile.webp\" class=\"w-100 d-md-none\" alt=\"promo mobile\" fetchpriority=\"high\" decoding=\"async\"><div class=\"banner-description\">\n<div class=\"banner-title\">Bonus di benvenuto<\/div>\n<p class=\"banner-header-title\">1500 \u20ac<\/p>\n<div class=\"banner-header-AdditionalText\">+ 250 Giri gratuiti<\/div>\n<button data-item=\"homepage_banner_link\" class=\"goto m-button m-gradient-border m-button--primary m-button--large banner-button btn-orange\">\n            <div class=\"m-button-content\">\n                <span>Iscriviti ora<\/span>\n                <span><\/span>\n            <\/div>\n        <\/button>\n<\/div>\n<div class=\"WelcomePack\">\n<p><img loading=\"lazy\" decoding=\"async\" class=\"alignnone size-full wp-image-1855\" src=\"https:\/\/spin-stein-casino.com\/wp-content\/uploads\/2026\/03\/welcome-crown.png\" alt=\"crown\" width=\"25\" height=\"26\" \/><\/p>\n<div class=\"WelcomePack-Info\">Cashback settimanale fino al 25%<\/div>\n<p><img loading=\"lazy\" decoding=\"async\" class=\"alignnone size-full wp-image-1855\" src=\"https:\/\/spin-stein-casino.com\/wp-content\/uploads\/2026\/03\/welcome-crown.png\" alt=\"crown\" width=\"25\" height=\"26\" \/><\/p>\n<\/div>\n<\/div><div class=\"scrollable-content-wrap my-5\"><div class=\"scrollable-content-inner\"><h2>Procedura di registrazione su Spinstein<\/h2>\n<p>Creare un account su Spinstein Casino offre molti vantaggi che migliorano la tua esperienza. Un profilo attivo ti permette di accedere alla gamma completa di giochi, a offerte promozionali esclusive, a metodi di pagamento sicuri e a un servizio clienti personalizzato.<\/p>\n<p>Il processo di creazione del tuo profilo richiede solo pochi minuti e inizia con l&#8217;inserimento delle informazioni di base (solo il tuo indirizzo e-mail e la password). Dopo la registrazione, sei pronto per iniziare un&#8217;esperienza completamente personalizzata, con la possibilit\u00e0 di impostare limiti di deposito e accedere a strumenti per il gioco responsabile.<\/p>\n<p>La registrazione avviene sempre tramite il sito di Spinstein e segue questi semplici passaggi:<\/p>\n<ol>\n<li>Clicca sul pulsante di registrazione, ben visibile nell&#8217;angolo in alto a destra della home page.<\/li>\n<li>Usa il tuo indirizzo email valido e crea una password sicura con lettere maiuscole e minuscole, numeri e caratteri speciali.<\/li>\n<li>Inserisci un codice promozionale per ottenere premi immediati.<\/li>\n<li>Conferma di avere almeno 18 anni e accetta i termini e le condizioni della piattaforma.<\/li>\n<li>Clicca sul pulsante di attivazione e attendi la conferma da Spinstein Casino nella tua casella di posta.<\/li>\n<\/ol>\n<p>Su Spin Stein tutto \u00e8 facile e intuitivo. Non servono operazioni complicate. La registrazione consente anche la verifica, necessaria per la sicurezza dell&#8217;account.<\/p>\n<h2>Procedura di accesso a Spinstein<\/h2>\n<p>Una volta attivato il tuo account, potrai iniziare a utilizzare tutte le funzionalit\u00e0 disponibili. Il processo di accesso al tuo profilo su Spinstein Casino \u00e8 rapido e sicuro. Una volta completato, avrai accesso alla dashboard del tuo profilo. Gli utenti possono gestire i propri account Spin Stein, depositare e prelevare denaro e modificare le impostazioni a loro piacimento.<\/p>\n<p>Per accedere:<\/p>\n<ol>\n<li>Trova il pulsante di accesso nell&#8217;angolo in alto a destra della homepage di Spinstein Casino.<\/li>\n<li>Inserisci l&#8217;indirizzo e-mail e la password con cui ti sei registrato.<\/li>\n<li>Accedi all&#8217;account con un clic alla fine del modulo.<\/li>\n<\/ol>\n<p>Una volta effettuato l&#8217;accesso, i giocatori possono passare alla dashboard del proprio profilo per:<\/p>\n<ul>\n<li>Visualizzare una panoramica delle attivit\u00e0 precedenti e della cronologia delle transazioni.<\/li>\n<li>Depositare o prelevare fondi.<\/li>\n<li>Personalizza le funzioni per il gioco responsabile.<\/li>\n<li>Usa le funzioni di assistenza multilingue, come la chat live.<\/li>\n<\/ul>\n<p>La dashboard permette agli utenti di aggiornare rapidamente le informazioni del proprio account. Qui puoi anche controllare lo stato del processo di verifica richiesto per ogni giocatore di Spin Stein.<\/p>\n<p><img loading=\"lazy\" decoding=\"async\" class=\"alignnone size-full wp-image-1932\" src=\"https:\/\/spin-stein-casino.com\/wp-content\/uploads\/Spinstein-Login.webp\" alt=\"Spinstein Login\" width=\"1248\" height=\"536\" srcset=\"https:\/\/spin-stein-casino.com\/wp-content\/uploads\/Spinstein-Login.webp 1248w, https:\/\/spin-stein-casino.com\/wp-content\/uploads\/Spinstein-Login-300x129.webp 300w, https:\/\/spin-stein-casino.com\/wp-content\/uploads\/Spinstein-Login-1024x440.webp 1024w, https:\/\/spin-stein-casino.com\/wp-content\/uploads\/Spinstein-Login-768x330.webp 768w\" sizes=\"auto, (max-width: 1248px) 100vw, 1248px\" \/><\/p>\n<h2>Gestione delle sessioni<\/h2>\n<p>Il nostro sistema di gestione delle sessioni \u00e8 progettato per essere sicuro e comodo per gli utenti di Spinstein Casino. Ogni permanenza sulla piattaforma ha un limite di tempo di 30-60 minuti di inattivit\u00e0. Se rimani inattivo per molto tempo, la sessione termina automaticamente e dovrai effettuare nuovamente l&#8217;accesso. Questo aiuta a prevenire accessi non autorizzati nel caso in cui tu sia assente per troppo tempo.<\/p>\n<p>Per continuare a giocare, basta inserire nuovamente i tuoi dati di accesso a Spinstein. Utilizziamo anche la persistenza della sessione su dispositivi fidati, il che migliora l&#8217;esperienza mantenendo comunque la sicurezza.<\/p>\n<p>Per garantire una maggiore protezione, ti consigliamo di abilitare l&#8217;autenticazione a due fattori (2FA). Tieni presente per\u00f2 che, se \u00e8 attiva, dovrai avere sempre a portata di mano il tuo dispositivo specifico per la verifica OTP.<\/p>\n<h2>Come proteggere il tuo account<\/h2>\n<p>La sicurezza del tuo account Spinstein \u00e8 una priorit\u00e0 per noi. Utilizziamo la crittografia AES a 256 bit e la 2FA come misure di sicurezza. Per aumentare la sicurezza del tuo profilo, procedi come segue:<\/p>\n<table>\n<tbody>\n<tr>\n<td>Pratiche di sicurezza<\/td>\n<td>Perch\u00e9 \u00e8 importante<\/td>\n<\/tr>\n<tr>\n<td>Usa una password forte e complessa con lettere maiuscole e minuscole, numeri e simboli<\/td>\n<td>Impedisce l&#8217;accesso non autorizzato rendendo la tua password difficile da indovinare o da violare.<\/td>\n<\/tr>\n<tr>\n<td>Abilita l&#8217;autenticazione a due fattori (2FA)<\/td>\n<td>Utilizza codici OTP a cui puoi accedere solo da un dispositivo specifico.<\/td>\n<\/tr>\n<tr>\n<td>Controlla periodicamente l&#8217;attivit\u00e0 del profilo e le transazioni<\/td>\n<td>Aiuta a individuare tempestivamente eventuali attivit\u00e0 non autorizzate o sospette.<\/td>\n<\/tr>\n<tr>\n<td>Non rivelare mai le tue credenziali di accesso a Spinstein<\/td>\n<td>Protegge il tuo account da accessi non autorizzati.<\/td>\n<\/tr>\n<tr>\n<td>Segnala le attivit\u00e0 sospette al team di assistenza<\/td>\n<td>Garantisce un intervento rapido per proteggere il tuo account e prevenire potenziali frodi o attacchi hacker.<\/td>\n<\/tr>\n<\/tbody>\n<\/table>\n<h2>Domande frequenti<\/h2>\n<h3>Posso usare lo stesso account su pi\u00f9 dispositivi?<\/h3>\n<p>S\u00ec, il tuo account Spinstein Casino \u00e8 disponibile su vari dispositivi. Tuttavia, per garantire la sicurezza, ti consigliamo di accedere solo da smartphone\/tablet\/PC affidabili e di utilizzare l&#8217;autenticazione a due fattori, che offre una protezione aggiuntiva. Scrivici nella chat live se riscontri problemi nell&#8217;accedere al tuo profilo da un nuovo dispositivo.<\/p>\n<h3>Come si imposta l&#8217;autenticazione a due fattori?<\/h3>\n<p>L&#8217;attivazione della 2FA richiede la procedura di accesso a Spinstein, quindi di andare alle impostazioni del tuo profilo e seguire le istruzioni per aggiungere i tuoi dati a un&#8217;app di autenticazione. Questa operazione aggiunge un&#8217;ulteriore misura di sicurezza che richiede un codice a tempo durante l&#8217;accesso.<\/p>\n<h3>Perch\u00e9 continuo a essere disconnesso automaticamente?<\/h3>\n<p>Per impedire l&#8217;accesso non autorizzato al tuo account Spin Stein, dopo 30 e 60 minuti di inattivit\u00e0 si verifica il logout automatico. Basta effettuare nuovamente l&#8217;accesso utilizzando il modulo di login di Spinstein, non preoccuparti.<\/p>\n<h3>Cosa devo fare se ricevo un errore &#8220;password errata&#8221;?<\/h3>\n<p>Assicurati di inserire le credenziali corrette e di prestare attenzione alle maiuscole e alle minuscole. A volte capita di digitare le cose sulla tastiera sbagliata senza nemmeno accorgersene. Se il problema persiste, puoi reimpostare la password per generarne una nuova in modo sicuro.<\/p>\n<\/div><\/div><\/p>\n","protected":false},"excerpt":{"rendered":"<p>Accesso a Spinstein Il nostro casin\u00f2 online di punta inizia con Spinstein login, dopo il quale gli utenti italiani possono godersi un&#8217;esperienza di gioco fluida. \u00c8 disponibile per i nostri giocatori e include tutte le funzionalit\u00e0 e i bonus della piattaforma. Puoi accedere in tutta sicurezza a tutte le funzionalit\u00e0, tra cui il gioco d&#8217;azzardo [&hellip;]<\/p>\n","protected":false},"author":1,"featured_media":0,"parent":0,"menu_order":0,"comment_status":"closed","ping_status":"closed","template":"template-builder.php","meta":{"_acf_changed":false,"inline_featured_image":false,"footnotes":""},"class_list":["post-1485","page","type-page","status-publish","hentry"],"acf":[],"yoast_head":"<!-- This site is optimized with the Yoast SEO plugin v27.3 - https:\/\/yoast.com\/product\/yoast-seo-wordpress\/ -->\n<title>Spinstein Casino Login &amp; Registrazione | Accesso Sicuro<\/title>\n<meta name=\"description\" content=\"Spinstein Casino Login \u2013 crea il tuo account in pochi istanti o accedi con fiducia grazie alla crittografia avanzata. Consulta lo storico depositi, lo stato dei bonus e le impostazioni personali in un unico posto su Spin Stein.\" \/>\n<meta name=\"robots\" content=\"index, follow, max-snippet:-1, max-image-preview:large, max-video-preview:-1\" \/>\n<link rel=\"canonical\" href=\"https:\/\/spin-stein-casino.com\/it\/accesso-e-registrazione\/\" \/>\n<meta property=\"og:locale\" content=\"it_IT\" \/>\n<meta property=\"og:type\" content=\"article\" \/>\n<meta property=\"og:title\" content=\"Spinstein Casino Login &amp; Registrazione | Accesso Sicuro\" \/>\n<meta property=\"og:description\" content=\"Spinstein Casino Login \u2013 crea il tuo account in pochi istanti o accedi con fiducia grazie alla crittografia avanzata. Consulta lo storico depositi, lo stato dei bonus e le impostazioni personali in un unico posto su Spin Stein.\" \/>\n<meta property=\"og:url\" content=\"https:\/\/spin-stein-casino.com\/it\/accesso-e-registrazione\/\" \/>\n<meta property=\"og:site_name\" content=\"spinstein\" \/>\n<meta property=\"article:modified_time\" content=\"2026-03-26T12:47:16+00:00\" \/>\n<meta name=\"twitter:card\" content=\"summary_large_image\" \/>\n<meta name=\"twitter:label1\" content=\"Est. reading time\" \/>\n\t<meta name=\"twitter:data1\" content=\"1 minute\" \/>\n<script type=\"application\/ld+json\" class=\"yoast-schema-graph\">{\"@context\":\"https:\\\/\\\/schema.org\",\"@graph\":[{\"@type\":\"WebPage\",\"@id\":\"https:\\\/\\\/spin-stein-casino.com\\\/it\\\/accesso-e-registrazione\\\/\",\"url\":\"https:\\\/\\\/spin-stein-casino.com\\\/it\\\/accesso-e-registrazione\\\/\",\"name\":\"Spinstein Casino Login & Registrazione | Accesso Sicuro\",\"isPartOf\":{\"@id\":\"https:\\\/\\\/spin-stein-casino.com\\\/it\\\/#website\"},\"datePublished\":\"2026-01-20T12:11:11+00:00\",\"dateModified\":\"2026-03-26T12:47:16+00:00\",\"description\":\"Spinstein Casino Login \u2013 crea il tuo account in pochi istanti o accedi con fiducia grazie alla crittografia avanzata. Consulta lo storico depositi, lo stato dei bonus e le impostazioni personali in un unico posto su Spin Stein.\",\"breadcrumb\":{\"@id\":\"https:\\\/\\\/spin-stein-casino.com\\\/it\\\/accesso-e-registrazione\\\/#breadcrumb\"},\"inLanguage\":\"it-IT\",\"potentialAction\":[{\"@type\":\"ReadAction\",\"target\":[\"https:\\\/\\\/spin-stein-casino.com\\\/it\\\/accesso-e-registrazione\\\/\"]}]},{\"@type\":\"BreadcrumbList\",\"@id\":\"https:\\\/\\\/spin-stein-casino.com\\\/it\\\/accesso-e-registrazione\\\/#breadcrumb\",\"itemListElement\":[{\"@type\":\"ListItem\",\"position\":1,\"name\":\"Spinstein\",\"item\":\"https:\\\/\\\/spin-stein-casino.com\\\/it\\\/\"},{\"@type\":\"ListItem\",\"position\":2,\"name\":\"Accesso e registrazione\"}]},{\"@type\":\"WebSite\",\"@id\":\"https:\\\/\\\/spin-stein-casino.com\\\/it\\\/#website\",\"url\":\"https:\\\/\\\/spin-stein-casino.com\\\/it\\\/\",\"name\":\"Spinstein\",\"description\":\"\",\"publisher\":{\"@id\":\"https:\\\/\\\/spin-stein-casino.com\\\/it\\\/#organization\"},\"potentialAction\":[{\"@type\":\"SearchAction\",\"target\":{\"@type\":\"EntryPoint\",\"urlTemplate\":\"https:\\\/\\\/spin-stein-casino.com\\\/it\\\/?s={search_term_string}\"},\"query-input\":{\"@type\":\"PropertyValueSpecification\",\"valueRequired\":true,\"valueName\":\"search_term_string\"}}],\"inLanguage\":\"it-IT\"},{\"@type\":\"Organization\",\"@id\":\"https:\\\/\\\/spin-stein-casino.com\\\/it\\\/#organization\",\"name\":\"Spinstein\",\"url\":\"https:\\\/\\\/spin-stein-casino.com\\\/it\\\/\",\"logo\":{\"@type\":\"ImageObject\",\"inLanguage\":\"it-IT\",\"@id\":\"https:\\\/\\\/spin-stein-casino.com\\\/it\\\/#\\\/schema\\\/logo\\\/image\\\/\",\"url\":\"https:\\\/\\\/spin-stein-casino.com\\\/wp-content\\\/uploads\\\/2026\\\/03\\\/spinstein-logo.png\",\"contentUrl\":\"https:\\\/\\\/spin-stein-casino.com\\\/wp-content\\\/uploads\\\/2026\\\/03\\\/spinstein-logo.png\",\"width\":166,\"height\":40,\"caption\":\"Spinstein\"},\"image\":{\"@id\":\"https:\\\/\\\/spin-stein-casino.com\\\/it\\\/#\\\/schema\\\/logo\\\/image\\\/\"}}]}<\/script>\n<!-- \/ Yoast SEO plugin. -->","yoast_head_json":{"title":"Spinstein Casino Login & Registrazione | Accesso Sicuro","description":"Spinstein Casino Login \u2013 crea il tuo account in pochi istanti o accedi con fiducia grazie alla crittografia avanzata. Consulta lo storico depositi, lo stato dei bonus e le impostazioni personali in un unico posto su Spin Stein.","robots":{"index":"index","follow":"follow","max-snippet":"max-snippet:-1","max-image-preview":"max-image-preview:large","max-video-preview":"max-video-preview:-1"},"canonical":"https:\/\/spin-stein-casino.com\/it\/accesso-e-registrazione\/","og_locale":"it_IT","og_type":"article","og_title":"Spinstein Casino Login & Registrazione | Accesso Sicuro","og_description":"Spinstein Casino Login \u2013 crea il tuo account in pochi istanti o accedi con fiducia grazie alla crittografia avanzata. Consulta lo storico depositi, lo stato dei bonus e le impostazioni personali in un unico posto su Spin Stein.","og_url":"https:\/\/spin-stein-casino.com\/it\/accesso-e-registrazione\/","og_site_name":"spinstein","article_modified_time":"2026-03-26T12:47:16+00:00","twitter_card":"summary_large_image","twitter_misc":{"Est. reading time":"1 minute"},"schema":{"@context":"https:\/\/schema.org","@graph":[{"@type":"WebPage","@id":"https:\/\/spin-stein-casino.com\/it\/accesso-e-registrazione\/","url":"https:\/\/spin-stein-casino.com\/it\/accesso-e-registrazione\/","name":"Spinstein Casino Login & Registrazione | Accesso Sicuro","isPartOf":{"@id":"https:\/\/spin-stein-casino.com\/it\/#website"},"datePublished":"2026-01-20T12:11:11+00:00","dateModified":"2026-03-26T12:47:16+00:00","description":"Spinstein Casino Login \u2013 crea il tuo account in pochi istanti o accedi con fiducia grazie alla crittografia avanzata. Consulta lo storico depositi, lo stato dei bonus e le impostazioni personali in un unico posto su Spin Stein.","breadcrumb":{"@id":"https:\/\/spin-stein-casino.com\/it\/accesso-e-registrazione\/#breadcrumb"},"inLanguage":"it-IT","potentialAction":[{"@type":"ReadAction","target":["https:\/\/spin-stein-casino.com\/it\/accesso-e-registrazione\/"]}]},{"@type":"BreadcrumbList","@id":"https:\/\/spin-stein-casino.com\/it\/accesso-e-registrazione\/#breadcrumb","itemListElement":[{"@type":"ListItem","position":1,"name":"Spinstein","item":"https:\/\/spin-stein-casino.com\/it\/"},{"@type":"ListItem","position":2,"name":"Accesso e registrazione"}]},{"@type":"WebSite","@id":"https:\/\/spin-stein-casino.com\/it\/#website","url":"https:\/\/spin-stein-casino.com\/it\/","name":"Spinstein","description":"","publisher":{"@id":"https:\/\/spin-stein-casino.com\/it\/#organization"},"potentialAction":[{"@type":"SearchAction","target":{"@type":"EntryPoint","urlTemplate":"https:\/\/spin-stein-casino.com\/it\/?s={search_term_string}"},"query-input":{"@type":"PropertyValueSpecification","valueRequired":true,"valueName":"search_term_string"}}],"inLanguage":"it-IT"},{"@type":"Organization","@id":"https:\/\/spin-stein-casino.com\/it\/#organization","name":"Spinstein","url":"https:\/\/spin-stein-casino.com\/it\/","logo":{"@type":"ImageObject","inLanguage":"it-IT","@id":"https:\/\/spin-stein-casino.com\/it\/#\/schema\/logo\/image\/","url":"https:\/\/spin-stein-casino.com\/wp-content\/uploads\/2026\/03\/spinstein-logo.png","contentUrl":"https:\/\/spin-stein-casino.com\/wp-content\/uploads\/2026\/03\/spinstein-logo.png","width":166,"height":40,"caption":"Spinstein"},"image":{"@id":"https:\/\/spin-stein-casino.com\/it\/#\/schema\/logo\/image\/"}}]}},"_links":{"self":[{"href":"https:\/\/spin-stein-casino.com\/it\/wp-json\/wp\/v2\/pages\/1485","targetHints":{"allow":["GET"]}}],"collection":[{"href":"https:\/\/spin-stein-casino.com\/it\/wp-json\/wp\/v2\/pages"}],"about":[{"href":"https:\/\/spin-stein-casino.com\/it\/wp-json\/wp\/v2\/types\/page"}],"author":[{"embeddable":true,"href":"https:\/\/spin-stein-casino.com\/it\/wp-json\/wp\/v2\/users\/1"}],"replies":[{"embeddable":true,"href":"https:\/\/spin-stein-casino.com\/it\/wp-json\/wp\/v2\/comments?post=1485"}],"version-history":[{"count":3,"href":"https:\/\/spin-stein-casino.com\/it\/wp-json\/wp\/v2\/pages\/1485\/revisions"}],"predecessor-version":[{"id":1983,"href":"https:\/\/spin-stein-casino.com\/it\/wp-json\/wp\/v2\/pages\/1485\/revisions\/1983"}],"wp:attachment":[{"href":"https:\/\/spin-stein-casino.com\/it\/wp-json\/wp\/v2\/media?parent=1485"}],"curies":[{"name":"wp","href":"https:\/\/api.w.org\/{rel}","templated":true}]}}