{"id":1445,"date":"2026-01-20T12:08:23","date_gmt":"2026-01-20T12:08:23","guid":{"rendered":"https:\/\/bonuskongcasino.com\/app\/"},"modified":"2026-03-26T12:42:09","modified_gmt":"2026-03-26T12:42:09","slug":"applicazione","status":"publish","type":"page","link":"https:\/\/spin-stein-casino.com\/it\/applicazione\/","title":{"rendered":"Applicazione"},"content":{"rendered":"<h1>App Spinstein: giochi da casin\u00f2 mobile<\/h1>\n<p>Spinstein app rivoluziona il modo in cui tutti gli appassionati di gioco mobile vedono i casin\u00f2 online. L&#8217;abbiamo progettata per garantire prestazioni digitali perfette. La nostra PWA offre un&#8217;esperienza fluida e intuitiva su misura per tutti i dispositivi mobili. Puoi partecipare ai giochi con croupier dal vivo o gestire il tuo account senza sforzo, e la nostra app offre tutte queste funzionalit\u00e0 fondamentali in un pacchetto compatto e facile da usare. Siamo la scelta preferita dai giocatori italiani per un&#8217;esperienza di gioco affidabile e coinvolgente ovunque tu sia.<\/p>\n<div class=\"banner-wrap\" aria-label=\"Banner\"><img src=\"https:\/\/spin-stein-casino.com\/wp-content\/uploads\/Spinstein-banner-carousel-800\u0445400.webp\" class=\"w-100 d-none d-lg-block img-pc main-banner-img\" alt=\"promo desktop\" fetchpriority=\"high\" decoding=\"async\"><img src=\"https:\/\/spin-stein-casino.com\/wp-content\/uploads\/spinstein-banner-mobile.webp\" class=\"w-100 d-none d-md-block d-lg-none main-banner-img\" alt=\"promo mobile\" fetchpriority=\"high\" decoding=\"async\"><img src=\"https:\/\/spin-stein-casino.com\/wp-content\/uploads\/spinstein-banner-mobile.webp\" class=\"w-100 d-md-none\" alt=\"promo mobile\" fetchpriority=\"high\" decoding=\"async\"><div class=\"banner-description\">\n<div class=\"banner-title\">Bonus di benvenuto<\/div>\n<p class=\"banner-header-title\">1500 \u20ac<\/p>\n<div class=\"banner-header-AdditionalText\">+ 250 Giri gratuiti<\/div>\n<button data-item=\"homepage_banner_link\" class=\"goto m-button m-gradient-border m-button--primary m-button--large banner-button btn-orange\">\n            <div class=\"m-button-content\">\n                <span>Iscriviti ora<\/span>\n                <span><\/span>\n            <\/div>\n        <\/button>\n<\/div>\n<div class=\"WelcomePack\">\n<p><img loading=\"lazy\" decoding=\"async\" class=\"alignnone size-full wp-image-1855\" src=\"https:\/\/spin-stein-casino.com\/wp-content\/uploads\/2026\/03\/welcome-crown.png\" alt=\"crown\" width=\"25\" height=\"26\" \/><\/p>\n<div class=\"WelcomePack-Info\">Cashback settimanale fino al 25%<\/div>\n<p><img loading=\"lazy\" decoding=\"async\" class=\"alignnone size-full wp-image-1855\" src=\"https:\/\/spin-stein-casino.com\/wp-content\/uploads\/2026\/03\/welcome-crown.png\" alt=\"crown\" width=\"25\" height=\"26\" \/><\/p>\n<\/div>\n<\/div>\n<h2>Caratteristiche dell&#8217;app Spinstein<\/h2>\n<p>La nostra applicazione offre una vasta gamma di vantaggi rispetto al gioco su desktop o browser. La sua interfaccia semplificata garantisce inoltre un caricamento rapido, anche con una connessione scadente, senza compromettere la grafica o la fluidit\u00e0. L&#8217;app Spinstein Casino ha un&#8217;architettura leggera e richiede quindi poco spazio di archiviazione e aggiornamenti automatici per mantenere l&#8217;esperienza sempre aggiornata senza interrompere il flusso di gioco.<\/p>\n<p>Le caratteristiche principali dell&#8217;app Spinstein sono le seguenti:<\/p>\n<ul>\n<li>Accesso illimitato a una selezione completa di slot online, giochi da tavolo e opzioni con croupier dal vivo.<\/li>\n<li>Facile gestione degli account, come effettuare depositi, prelevare denaro e il processo di verifica (KYC).<\/li>\n<li>Misure di sicurezza migliorate come la crittografia (TLS 1.3), i firewall WAF e gli accessi sicuri.<\/li>\n<li>Notifiche push relative a promozioni, giochi e account.<\/li>\n<li>Possibilit\u00e0 di adattare la dashboard alle impostazioni del tuo dispositivo.<\/li>\n<li>Il processo di installazione \u00e8 veloce e pu\u00f2 essere effettuato senza uscire dal sito ufficiale di Spinstein Casino. Non servono app store di terze parti.<\/li>\n<\/ul>\n<p>Confrontiamo i pro e i contro della versione mobile per capire meglio se ne vale la pena.<\/p>\n<table>\n<tbody>\n<tr>\n<td>Vantaggi<\/td>\n<td>Limiti<\/td>\n<\/tr>\n<tr>\n<td>Accesso immediato al casin\u00f2 e ai giochi senza installazione<\/td>\n<td>Potrebbe essere necessario un po&#8217; di spazio di archiviazione per prestazioni ottimali<\/td>\n<\/tr>\n<tr>\n<td>Avvisi in tempo reale per offerte promozionali, bonus e notifiche importanti<\/td>\n<td>Restrizioni per i giocatori in determinate aree geografiche<\/td>\n<\/tr>\n<tr>\n<td>Interfaccia utente intuitiva con navigazione fluida e layout adattabile<\/td>\n<td>Potrebbero verificarsi problemi di compatibilit\u00e0 se il tuo dispositivo \u00e8 vecchio<\/td>\n<\/tr>\n<tr>\n<td>Gameplay veloce e reattivo con tempi di caricamento ridotti al minimo<\/td>\n<td><\/td>\n<\/tr>\n<\/tbody>\n<\/table>\n<p>Tutto questo si combina per creare un&#8217;esperienza di gioco coinvolgente che compete con la versione desktop e la comodit\u00e0 dell&#8217;accesso da dispositivo mobile.<\/p>\n<p><div class=\"scrollable-content-wrap my-5\"><div class=\"scrollable-content-inner\"><h2>App Spinstein per Android<\/h2>\n<p>Gli utenti Android hanno accesso a tutte le funzionalit\u00e0 di Spinstein Casino con l&#8217;offerta speciale senza il rischio di scaricare un APK. L&#8217;applicazione \u00e8 semplicemente una PWA, quindi non ci saranno mai problemi con la nostra procedura di installazione semplice che richiede solo pochi minuti.<\/p>\n<ol>\n<li>Basta scorrere verso il basso la pagina di Spin Stein Casino e cliccare sul pulsante &#8220;Casino App&#8221;.<\/li>\n<li>Clicca sul pulsante \u201cInstalla\u201d.<\/li>\n<li>Conferma l&#8217;installazione dopo che compare il banner.<\/li>\n<li>Scegli l&#8217;opzione &#8220;Aggiungi alla schermata Home&#8221;.<\/li>\n<\/ol>\n<p>Una volta completata l&#8217;installazione, l&#8217;icona dell&#8217;app Spinstein apparir\u00e0 sulla schermata iniziale. Ora hai tutti i giochi a portata di mano, con un accesso diretto e veloce. L&#8217;app ti chieder\u00e0 solo di concederle le autorizzazioni essenziali, solitamente la connessione a Internet per giocare e ricevere notifiche, che hanno un impatto minimo o nullo sulla sicurezza e sulle prestazioni del tuo dispositivo.<\/p>\n<p>La nostra app \u00e8 compatibile con tutte le principali versioni di Android. I requisiti hardware garantiscono un&#8217;esperienza di gioco impeccabile, indipendentemente dall&#8217;et\u00e0 o dalla marca del dispositivo. Dopo aver effettuato l&#8217;accesso, potrai gestire in modo efficace le slot online, i giochi con croupier dal vivo e i giochi da tavolo, e avrai a disposizione comandi touch reattivi per il gioco su dispositivi mobili.<\/p>\n<p><img loading=\"lazy\" decoding=\"async\" class=\"alignnone size-full wp-image-1906\" src=\"https:\/\/spin-stein-casino.com\/wp-content\/uploads\/Spinstein-Android-App.webp\" alt=\"Spinstein Android App\" width=\"1248\" height=\"536\" srcset=\"https:\/\/spin-stein-casino.com\/wp-content\/uploads\/Spinstein-Android-App.webp 1248w, https:\/\/spin-stein-casino.com\/wp-content\/uploads\/Spinstein-Android-App-300x129.webp 300w, https:\/\/spin-stein-casino.com\/wp-content\/uploads\/Spinstein-Android-App-1024x440.webp 1024w, https:\/\/spin-stein-casino.com\/wp-content\/uploads\/Spinstein-Android-App-768x330.webp 768w\" sizes=\"auto, (max-width: 1248px) 100vw, 1248px\" \/><\/p>\n<\/div><\/div><div style=\"clear: both\"><\/div><div class=\"d-flex justify-content-center\"><button data-item=\"decouvrez_link\" data-group=\"website_links\" class=\"goto fw-bold rounded-pill btn btn-orange\" aria-label=\"Scarica l&#039;app Spinstein\" >Scarica l&#039;app Spinstein<\/button><\/div><div class=\"scrollable-content-wrap my-5\"><div class=\"scrollable-content-inner\"><h2>App Spinstein per iOS<\/h2>\n<p>Se possiedi uno dei seguenti prodotti Apple (iPhone, iPad), l&#8217;installazione della nostra app Spinstein \u00e8 ancora pi\u00f9 semplice per te! Spinstein offre un&#8217;esperienza altrettanto raffinata per gli utenti di iPhone e iPad. \u00c8 facile da installare e non richiede l&#8217;uso dell&#8217;App Store perch\u00e9 funziona come un&#8217;icona di collegamento PWA e ti offre le funzionalit\u00e0 di un&#8217;applicazione nativa, accessibile dal browser.<\/p>\n<p>L&#8217;applicazione Spin Stein si installa su un iPad:<\/p>\n<ol>\n<li>Scorrendo verso il basso la pagina di Spin Stein Casino.<\/li>\n<li>Cliccando sul menu con i tre puntini nella barra degli indirizzi del browser.<\/li>\n<li>Toccando il menu &#8220;Aggiungi alla schermata Home&#8221;.<\/li>\n<li>Aggiungendo l&#8217;URL del nostro casin\u00f2.<\/li>\n<li>Confermando l&#8217;installazione.<\/li>\n<\/ol>\n<p>Congratulazioni, ora hai l&#8217;app Spinstein sul tuo dispositivo. Puoi usarla sia sugli schermi pi\u00f9 piccoli degli iPhone che su quelli pi\u00f9 grandi degli iPad. L&#8217;interfaccia \u00e8 automatica e adattabile, offrendo una visualizzazione graficamente accattivante a tutti gli utenti.<\/p>\n<p><img loading=\"lazy\" decoding=\"async\" class=\"alignnone size-full wp-image-1914\" src=\"https:\/\/spin-stein-casino.com\/wp-content\/uploads\/Spinstein-iOS-App.webp\" alt=\"Spinstein iOS App\" width=\"1248\" height=\"536\" srcset=\"https:\/\/spin-stein-casino.com\/wp-content\/uploads\/Spinstein-iOS-App.webp 1248w, https:\/\/spin-stein-casino.com\/wp-content\/uploads\/Spinstein-iOS-App-300x129.webp 300w, https:\/\/spin-stein-casino.com\/wp-content\/uploads\/Spinstein-iOS-App-1024x440.webp 1024w, https:\/\/spin-stein-casino.com\/wp-content\/uploads\/Spinstein-iOS-App-768x330.webp 768w\" sizes=\"auto, (max-width: 1248px) 100vw, 1248px\" \/><\/p>\n<\/div><\/div><div style=\"clear: both\"><\/div><div class=\"d-flex justify-content-center\"><button data-item=\"decouvrez_link\" data-group=\"website_links\" class=\"goto fw-bold rounded-pill btn btn-orange\" aria-label=\"Scarica Spinstein\" >Scarica Spinstein<\/button><\/div><div class=\"scrollable-content-wrap my-5\"><div class=\"scrollable-content-inner\"><h2>Compatibilit\u00e0 dei dispositivi<\/h2>\n<p>L&#8217;applicazione mobile di Spinstein Casino \u00e8 ampiamente compatibile. Si adatta automaticamente alle dimensioni e alla risoluzione del dispositivo, garantendo la massima giocabilit\u00e0 e usabilit\u00e0. L&#8217;app supporta:<\/p>\n<ul>\n<li>Smartphone ad alte prestazioni, molto veloci da utilizzare e facili da usare.<\/li>\n<li>I tablet offrono uno schermo pi\u00f9 grande per visualizzare il gioco in dettaglio.<\/li>\n<li>Computer fissi e portatili offrono un&#8217;esperienza simile a quella degli altri dispositivi, ma con schermi pi\u00f9 grandi.<\/li>\n<\/ul>\n<p>Gli utenti godono di un&#8217;esperienza di gioco veloce e reattiva con un ritardo minimo utilizzando uno smartphone di fascia media o un tablet di fascia alta. Ci auguriamo che ti piaccia la nostra versione mobile del casin\u00f2. L&#8217;architettura dell&#8217;app riduce il consumo della batteria e dei dati, rendendola adatta a lunghe sessioni di gioco in movimento.<\/p>\n<h2>Versione desktop di Spin Stein Casino<\/h2>\n<p>Anche se il gioco mobile \u00e8 pensato per i giocatori in movimento, la versione desktop di Spin Stein Casino \u00e8 una funzionalit\u00e0 indispensabile per chi ha schermi di grandi dimensioni o preferisce un design classico. La versione desktop funziona perfettamente su Windows e macOS con impostazioni di sicurezza avanzate per proteggere le informazioni dei nostri utenti e garantire il fair play.<\/p>\n<p>Per visitare Spin Stein Casino su un desktop:<\/p>\n<ol>\n<li>Fai un solo clic utilizzando un collegamento o un browser.<\/li>\n<li>Accedi al nostro sistema con la tua email e la tua password.<\/li>\n<li>Divertiti con i giochi sulla tua pagina principale o esplora la tua dashboard.<\/li>\n<\/ol>\n<p>Il layout desktop offre una visione pi\u00f9 dettagliata del nostro catalogo Spinstein, in particolare per i tavoli con croupier dal vivo, dove la chiarezza \u00e8 importante per vivere appieno l&#8217;esperienza. Lo schermo pi\u00f9 grande rende anche pi\u00f9 facile navigare tra le impostazioni dell&#8217;account, le promozioni e i tipi di gioco.<\/p>\n<p>La versione desktop \u00e8 compatibile con tutti i dispositivi. Puoi vedere i dettagli del tuo account, il saldo e la cronologia delle attivit\u00e0 sincronizzati automaticamente. Questa uniformit\u00e0 garantisce un&#8217;esperienza di gioco coerente sia su desktop che su dispositivi mobili.<\/p>\n<p><img loading=\"lazy\" decoding=\"async\" class=\"alignnone size-full wp-image-1922\" src=\"https:\/\/spin-stein-casino.com\/wp-content\/uploads\/Spinstein-Desktop.webp\" alt=\"Spinstein Desktop\" width=\"1248\" height=\"536\" srcset=\"https:\/\/spin-stein-casino.com\/wp-content\/uploads\/Spinstein-Desktop.webp 1248w, https:\/\/spin-stein-casino.com\/wp-content\/uploads\/Spinstein-Desktop-300x129.webp 300w, https:\/\/spin-stein-casino.com\/wp-content\/uploads\/Spinstein-Desktop-1024x440.webp 1024w, https:\/\/spin-stein-casino.com\/wp-content\/uploads\/Spinstein-Desktop-768x330.webp 768w\" sizes=\"auto, (max-width: 1248px) 100vw, 1248px\" \/><\/p>\n<\/div><\/div><div style=\"clear: both\"><\/div><div class=\"d-flex justify-content-center\"><button data-item=\"decouvrez_link\" data-group=\"website_links\" class=\"goto fw-bold rounded-pill btn btn-orange\" aria-label=\"Scarica l&#039;app Spinstein\" >Scarica l&#039;app Spinstein<\/button><\/div><div class=\"scrollable-content-wrap my-5\"><div class=\"scrollable-content-inner\"><h2>Perch\u00e9 giocare su dispositivo mobile?<\/h2>\n<p>Come gi\u00e0 saprai, \u00e8 incredibilmente comodo e flessibile utilizzare la versione mobile di Spin Stein Casino. La nostra fantastica app permette ai giocatori di giocare ai loro titoli preferiti durante le pause, mentre si spostano o si rilassano a casa. L&#8217;accessibilit\u00e0 al casin\u00f2 in qualsiasi momento implica l&#8217;assenza di attese o registrazioni su varie piattaforme.<\/p>\n<p>Il gioco su dispositivo mobile si concentra sulle interazioni tattili, che offrono un accesso facile e veloce ai giochi e alle funzioni di gestione dell&#8217;account. La reattivit\u00e0 dell&#8217;app ti aiuta a evitare difficolt\u00e0 anche su un dispositivo con specifiche relativamente basse.<\/p>\n<h2>FAQ<\/h2>\n<h3>Posso passare dalla modalit\u00e0 chiara a quella scura nell&#8217;app?<\/h3>\n<p>L&#8217;applicazione Spinstein offre temi chiari e scuri per permetterti di personalizzare l&#8217;esperienza visiva a tuo piacimento. Questa funzione pu\u00f2 essere attivata nel menu delle impostazioni dell&#8217;app.<\/p>\n<h3>Devo scaricare qualcosa dall&#8217;App Store?<\/h3>\n<p>La nostra app \u00e8 una PWA, e puoi semplicemente cliccare sul pulsante di installazione chiamato &#8220;Casino App&#8221; o chiedere a un membro del nostro team di assistenza di guidarti attraverso il processo se ti senti perso. Per farlo, basta cliccare sul pulsante della chat live. Non c&#8217;\u00e8 bisogno di installare nulla da fonti sconosciute.<\/p>\n<h3>Quali sono i requisiti di sistema per l&#8217;app mobile?<\/h3>\n<p>L&#8217;app Spinstein \u00e8 compatibile con Android 8.0 e versioni successive, cos\u00ec come con iOS 12.0 e versioni successive. Puoi giocare (tecnicamente) su dispositivi molto vecchi, ma non possiamo garantire le migliori prestazioni. \u00c8 compatibile con dispositivi di fascia media e alta, e le sue prestazioni migliorano con l&#8217;hardware pi\u00f9 recente.<\/p>\n<\/div><\/div><\/p>\n","protected":false},"excerpt":{"rendered":"<p>App Spinstein: giochi da casin\u00f2 mobile Spinstein app rivoluziona il modo in cui tutti gli appassionati di gioco mobile vedono i casin\u00f2 online. L&#8217;abbiamo progettata per garantire prestazioni digitali perfette. La nostra PWA offre un&#8217;esperienza fluida e intuitiva su misura per tutti i dispositivi mobili. Puoi partecipare ai giochi con croupier dal vivo o gestire [&hellip;]<\/p>\n","protected":false},"author":1,"featured_media":0,"parent":0,"menu_order":0,"comment_status":"closed","ping_status":"closed","template":"template-builder.php","meta":{"_acf_changed":false,"inline_featured_image":false,"footnotes":""},"class_list":["post-1445","page","type-page","status-publish","hentry"],"acf":[],"yoast_head":"<!-- This site is optimized with the Yoast SEO plugin v27.3 - https:\/\/yoast.com\/product\/yoast-seo-wordpress\/ -->\n<title>Spinstein Casino Web App | Mobile &amp; Desktop<\/title>\n<meta name=\"description\" content=\"Spinstein Web App \u2013 accedi alle tue slot, giochi da tavolo e casin\u00f2 dal vivo preferiti direttamente da qualsiasi browser su mobile o desktop. Nessun download necessario, gioco istantaneo e sincronizzazione perfetta con Spin Stein.\" \/>\n<meta name=\"robots\" content=\"index, follow, max-snippet:-1, max-image-preview:large, max-video-preview:-1\" \/>\n<link rel=\"canonical\" href=\"https:\/\/spin-stein-casino.com\/it\/applicazione\/\" \/>\n<meta property=\"og:locale\" content=\"it_IT\" \/>\n<meta property=\"og:type\" content=\"article\" \/>\n<meta property=\"og:title\" content=\"Spinstein Casino Web App | Mobile &amp; Desktop\" \/>\n<meta property=\"og:description\" content=\"Spinstein Web App \u2013 accedi alle tue slot, giochi da tavolo e casin\u00f2 dal vivo preferiti direttamente da qualsiasi browser su mobile o desktop. Nessun download necessario, gioco istantaneo e sincronizzazione perfetta con Spin Stein.\" \/>\n<meta property=\"og:url\" content=\"https:\/\/spin-stein-casino.com\/it\/applicazione\/\" \/>\n<meta property=\"og:site_name\" content=\"spinstein\" \/>\n<meta property=\"article:modified_time\" content=\"2026-03-26T12:42:09+00:00\" \/>\n<meta name=\"twitter:card\" content=\"summary_large_image\" \/>\n<meta name=\"twitter:label1\" content=\"Est. reading time\" \/>\n\t<meta name=\"twitter:data1\" content=\"2 minutes\" \/>\n<script type=\"application\/ld+json\" class=\"yoast-schema-graph\">{\"@context\":\"https:\\\/\\\/schema.org\",\"@graph\":[{\"@type\":\"WebPage\",\"@id\":\"https:\\\/\\\/spin-stein-casino.com\\\/it\\\/applicazione\\\/\",\"url\":\"https:\\\/\\\/spin-stein-casino.com\\\/it\\\/applicazione\\\/\",\"name\":\"Spinstein Casino Web App | Mobile & Desktop\",\"isPartOf\":{\"@id\":\"https:\\\/\\\/spin-stein-casino.com\\\/it\\\/#website\"},\"datePublished\":\"2026-01-20T12:08:23+00:00\",\"dateModified\":\"2026-03-26T12:42:09+00:00\",\"description\":\"Spinstein Web App \u2013 accedi alle tue slot, giochi da tavolo e casin\u00f2 dal vivo preferiti direttamente da qualsiasi browser su mobile o desktop. Nessun download necessario, gioco istantaneo e sincronizzazione perfetta con Spin Stein.\",\"breadcrumb\":{\"@id\":\"https:\\\/\\\/spin-stein-casino.com\\\/it\\\/applicazione\\\/#breadcrumb\"},\"inLanguage\":\"it-IT\",\"potentialAction\":[{\"@type\":\"ReadAction\",\"target\":[\"https:\\\/\\\/spin-stein-casino.com\\\/it\\\/applicazione\\\/\"]}]},{\"@type\":\"BreadcrumbList\",\"@id\":\"https:\\\/\\\/spin-stein-casino.com\\\/it\\\/applicazione\\\/#breadcrumb\",\"itemListElement\":[{\"@type\":\"ListItem\",\"position\":1,\"name\":\"Spinstein\",\"item\":\"https:\\\/\\\/spin-stein-casino.com\\\/it\\\/\"},{\"@type\":\"ListItem\",\"position\":2,\"name\":\"Applicazione\"}]},{\"@type\":\"WebSite\",\"@id\":\"https:\\\/\\\/spin-stein-casino.com\\\/it\\\/#website\",\"url\":\"https:\\\/\\\/spin-stein-casino.com\\\/it\\\/\",\"name\":\"Spinstein\",\"description\":\"\",\"publisher\":{\"@id\":\"https:\\\/\\\/spin-stein-casino.com\\\/it\\\/#organization\"},\"potentialAction\":[{\"@type\":\"SearchAction\",\"target\":{\"@type\":\"EntryPoint\",\"urlTemplate\":\"https:\\\/\\\/spin-stein-casino.com\\\/it\\\/?s={search_term_string}\"},\"query-input\":{\"@type\":\"PropertyValueSpecification\",\"valueRequired\":true,\"valueName\":\"search_term_string\"}}],\"inLanguage\":\"it-IT\"},{\"@type\":\"Organization\",\"@id\":\"https:\\\/\\\/spin-stein-casino.com\\\/it\\\/#organization\",\"name\":\"Spinstein\",\"url\":\"https:\\\/\\\/spin-stein-casino.com\\\/it\\\/\",\"logo\":{\"@type\":\"ImageObject\",\"inLanguage\":\"it-IT\",\"@id\":\"https:\\\/\\\/spin-stein-casino.com\\\/it\\\/#\\\/schema\\\/logo\\\/image\\\/\",\"url\":\"https:\\\/\\\/spin-stein-casino.com\\\/wp-content\\\/uploads\\\/2026\\\/03\\\/spinstein-logo.png\",\"contentUrl\":\"https:\\\/\\\/spin-stein-casino.com\\\/wp-content\\\/uploads\\\/2026\\\/03\\\/spinstein-logo.png\",\"width\":166,\"height\":40,\"caption\":\"Spinstein\"},\"image\":{\"@id\":\"https:\\\/\\\/spin-stein-casino.com\\\/it\\\/#\\\/schema\\\/logo\\\/image\\\/\"}}]}<\/script>\n<!-- \/ Yoast SEO plugin. -->","yoast_head_json":{"title":"Spinstein Casino Web App | Mobile & Desktop","description":"Spinstein Web App \u2013 accedi alle tue slot, giochi da tavolo e casin\u00f2 dal vivo preferiti direttamente da qualsiasi browser su mobile o desktop. Nessun download necessario, gioco istantaneo e sincronizzazione perfetta con Spin Stein.","robots":{"index":"index","follow":"follow","max-snippet":"max-snippet:-1","max-image-preview":"max-image-preview:large","max-video-preview":"max-video-preview:-1"},"canonical":"https:\/\/spin-stein-casino.com\/it\/applicazione\/","og_locale":"it_IT","og_type":"article","og_title":"Spinstein Casino Web App | Mobile & Desktop","og_description":"Spinstein Web App \u2013 accedi alle tue slot, giochi da tavolo e casin\u00f2 dal vivo preferiti direttamente da qualsiasi browser su mobile o desktop. Nessun download necessario, gioco istantaneo e sincronizzazione perfetta con Spin Stein.","og_url":"https:\/\/spin-stein-casino.com\/it\/applicazione\/","og_site_name":"spinstein","article_modified_time":"2026-03-26T12:42:09+00:00","twitter_card":"summary_large_image","twitter_misc":{"Est. reading time":"2 minutes"},"schema":{"@context":"https:\/\/schema.org","@graph":[{"@type":"WebPage","@id":"https:\/\/spin-stein-casino.com\/it\/applicazione\/","url":"https:\/\/spin-stein-casino.com\/it\/applicazione\/","name":"Spinstein Casino Web App | Mobile & Desktop","isPartOf":{"@id":"https:\/\/spin-stein-casino.com\/it\/#website"},"datePublished":"2026-01-20T12:08:23+00:00","dateModified":"2026-03-26T12:42:09+00:00","description":"Spinstein Web App \u2013 accedi alle tue slot, giochi da tavolo e casin\u00f2 dal vivo preferiti direttamente da qualsiasi browser su mobile o desktop. Nessun download necessario, gioco istantaneo e sincronizzazione perfetta con Spin Stein.","breadcrumb":{"@id":"https:\/\/spin-stein-casino.com\/it\/applicazione\/#breadcrumb"},"inLanguage":"it-IT","potentialAction":[{"@type":"ReadAction","target":["https:\/\/spin-stein-casino.com\/it\/applicazione\/"]}]},{"@type":"BreadcrumbList","@id":"https:\/\/spin-stein-casino.com\/it\/applicazione\/#breadcrumb","itemListElement":[{"@type":"ListItem","position":1,"name":"Spinstein","item":"https:\/\/spin-stein-casino.com\/it\/"},{"@type":"ListItem","position":2,"name":"Applicazione"}]},{"@type":"WebSite","@id":"https:\/\/spin-stein-casino.com\/it\/#website","url":"https:\/\/spin-stein-casino.com\/it\/","name":"Spinstein","description":"","publisher":{"@id":"https:\/\/spin-stein-casino.com\/it\/#organization"},"potentialAction":[{"@type":"SearchAction","target":{"@type":"EntryPoint","urlTemplate":"https:\/\/spin-stein-casino.com\/it\/?s={search_term_string}"},"query-input":{"@type":"PropertyValueSpecification","valueRequired":true,"valueName":"search_term_string"}}],"inLanguage":"it-IT"},{"@type":"Organization","@id":"https:\/\/spin-stein-casino.com\/it\/#organization","name":"Spinstein","url":"https:\/\/spin-stein-casino.com\/it\/","logo":{"@type":"ImageObject","inLanguage":"it-IT","@id":"https:\/\/spin-stein-casino.com\/it\/#\/schema\/logo\/image\/","url":"https:\/\/spin-stein-casino.com\/wp-content\/uploads\/2026\/03\/spinstein-logo.png","contentUrl":"https:\/\/spin-stein-casino.com\/wp-content\/uploads\/2026\/03\/spinstein-logo.png","width":166,"height":40,"caption":"Spinstein"},"image":{"@id":"https:\/\/spin-stein-casino.com\/it\/#\/schema\/logo\/image\/"}}]}},"_links":{"self":[{"href":"https:\/\/spin-stein-casino.com\/it\/wp-json\/wp\/v2\/pages\/1445","targetHints":{"allow":["GET"]}}],"collection":[{"href":"https:\/\/spin-stein-casino.com\/it\/wp-json\/wp\/v2\/pages"}],"about":[{"href":"https:\/\/spin-stein-casino.com\/it\/wp-json\/wp\/v2\/types\/page"}],"author":[{"embeddable":true,"href":"https:\/\/spin-stein-casino.com\/it\/wp-json\/wp\/v2\/users\/1"}],"replies":[{"embeddable":true,"href":"https:\/\/spin-stein-casino.com\/it\/wp-json\/wp\/v2\/comments?post=1445"}],"version-history":[{"count":3,"href":"https:\/\/spin-stein-casino.com\/it\/wp-json\/wp\/v2\/pages\/1445\/revisions"}],"predecessor-version":[{"id":1981,"href":"https:\/\/spin-stein-casino.com\/it\/wp-json\/wp\/v2\/pages\/1445\/revisions\/1981"}],"wp:attachment":[{"href":"https:\/\/spin-stein-casino.com\/it\/wp-json\/wp\/v2\/media?parent=1445"}],"curies":[{"name":"wp","href":"https:\/\/api.w.org\/{rel}","templated":true}]}}