{"id":1482,"date":"2026-01-20T12:11:11","date_gmt":"2026-01-20T12:11:11","guid":{"rendered":"https:\/\/bonuskongcasino.com\/login-and-registration\/"},"modified":"2026-03-26T10:06:35","modified_gmt":"2026-03-26T10:06:35","slug":"connexion-et-inscription","status":"publish","type":"page","link":"https:\/\/spin-stein-casino.com\/fr\/connexion-et-inscription\/","title":{"rendered":"Connexion et inscription"},"content":{"rendered":"<h1>Connexion \u00e0 Spinstein<\/h1>\n<p>Notre casino en ligne de premier plan commence par le Spinstein login, apr\u00e8s quoi les utilisateurs peuvent profiter d&rsquo;une exp\u00e9rience de jeu fluide. Elle est disponible pour nos joueurs et comprend toutes les fonctionnalit\u00e9s et tous les bonus de la plateforme. Tu peux acc\u00e9der en toute s\u00e9curit\u00e9 \u00e0 toutes les fonctionnalit\u00e9s, y compris les jeux d&rsquo;argent r\u00e9el, les bonus et la gestion de compte. La connexion est la porte d&rsquo;entr\u00e9e vers un univers de casino confortable, que ce soit sur ordinateur ou sur t\u00e9l\u00e9phone.<\/p>\n<p><div class=\"banner-wrap\" aria-label=\"Banner\"><img src=\"https:\/\/spin-stein-casino.com\/wp-content\/uploads\/Spinstein-banner-carousel-800\u0445400.webp\" class=\"w-100 d-none d-lg-block img-pc main-banner-img\" alt=\"promo desktop\" fetchpriority=\"high\" decoding=\"async\"><img src=\"https:\/\/spin-stein-casino.com\/wp-content\/uploads\/spinstein-banner-mobile.webp\" class=\"w-100 d-none d-md-block d-lg-none main-banner-img\" alt=\"promo mobile\" fetchpriority=\"high\" decoding=\"async\"><img src=\"https:\/\/spin-stein-casino.com\/wp-content\/uploads\/spinstein-banner-mobile.webp\" class=\"w-100 d-md-none\" alt=\"promo mobile\" fetchpriority=\"high\" decoding=\"async\"><div class=\"banner-description\">\n<div class=\"banner-title\">Bonus de bienvenue<\/div>\n<p class=\"banner-header-title\">1500 \u20ac<\/p>\n<div class=\"banner-header-AdditionalText\">+ 250 Tours gratuits<\/div>\n<button data-item=\"homepage_banner_link\" class=\"goto m-button m-gradient-border m-button--primary m-button--large banner-button btn-orange\">\n            <div class=\"m-button-content\">\n                <span>Inscrivez-vous d\u00e8s maintenant<\/span>\n                <span><\/span>\n            <\/div>\n        <\/button>\n<\/div>\n<div class=\"WelcomePack\">\n<p><img loading=\"lazy\" decoding=\"async\" class=\"alignnone size-full wp-image-1852\" src=\"https:\/\/spin-stein-casino.com\/wp-content\/uploads\/2026\/03\/welcome-crown.png\" alt=\"crown\" width=\"25\" height=\"26\" \/><\/p>\n<div class=\"WelcomePack-Info\">Cashback hebdomadaire jusqu&rsquo;\u00e0 25 %<\/div>\n<p><img loading=\"lazy\" decoding=\"async\" class=\"alignnone size-full wp-image-1852\" src=\"https:\/\/spin-stein-casino.com\/wp-content\/uploads\/2026\/03\/welcome-crown.png\" alt=\"crown\" width=\"25\" height=\"26\" \/><\/p>\n<\/div>\n<\/div><div class=\"scrollable-content-wrap my-5\"><div class=\"scrollable-content-inner\"><h2>Proc\u00e9dure d&rsquo;inscription \u00e0 Spinstein<\/h2>\n<p>Cr\u00e9er un compte sur Spinstein Casino offre de nombreux avantages qui am\u00e9liorent ton exp\u00e9rience. Un profil actif te permet d&rsquo;acc\u00e9der \u00e0 toute la gamme de jeux, \u00e0 des offres promotionnelles uniques, \u00e0 des m\u00e9thodes de paiement s\u00e9curis\u00e9es et \u00e0 un service client personnalis\u00e9.<\/p>\n<p>La cr\u00e9ation de ton profil ne prend que quelques minutes et commence par la saisie d&rsquo;informations de base (juste ton adresse e-mail et ton mot de passe). Une fois inscrit, tu es pr\u00eat \u00e0 profiter d&rsquo;une exp\u00e9rience enti\u00e8rement personnalis\u00e9e, avec la possibilit\u00e9 de d\u00e9finir des limites de d\u00e9p\u00f4t et d&rsquo;acc\u00e9der \u00e0 des outils de jeu responsable.<\/p>\n<p>L&rsquo;inscription se fait toujours via le site Spinstein et suit les \u00e9tapes suivantes :<\/p>\n<ol>\n<li>Clique sur le bouton d&rsquo;inscription, bien visible dans le coin sup\u00e9rieur droit de la page d&rsquo;accueil.<\/li>\n<li>Utilise ton adresse e-mail valide et cr\u00e9e un mot de passe fort comprenant des lettres majuscules et minuscules, des chiffres et des caract\u00e8res sp\u00e9ciaux.<\/li>\n<li>Saisis un code promotionnel pour obtenir des r\u00e9compenses imm\u00e9diates.<\/li>\n<li>Confirme que tu as 18 ans ou plus et accepte les conditions g\u00e9n\u00e9rales de la plateforme.<\/li>\n<li>Clique sur le bouton d&rsquo;activation et attends la confirmation de Spinstein Casino dans ta bo\u00eete de r\u00e9ception.<\/li>\n<\/ol>\n<p>Tout chez Spin Stein est simple et clair. Pas besoin de manipulations compliqu\u00e9es. L&rsquo;inscription permet \u00e9galement la v\u00e9rification, n\u00e9cessaire pour la s\u00e9curit\u00e9 de ton compte.<\/p>\n<h2>Proc\u00e9dure de connexion \u00e0 Spinstein<\/h2>\n<p>Une fois ton compte activ\u00e9, tu peux commencer \u00e0 utiliser toutes les fonctionnalit\u00e9s disponibles. La proc\u00e9dure de connexion \u00e0 ton profil Spinstein Casino est rapide et s\u00e9curis\u00e9e. Une fois celle-ci termin\u00e9e, tu auras acc\u00e8s au tableau de bord de ton profil. Les utilisateurs peuvent g\u00e9rer leur compte Spin Stein, d\u00e9poser et retirer de l&rsquo;argent, et modifier leurs param\u00e8tres comme ils le souhaitent.<\/p>\n<p>Pour te connecter :<\/p>\n<ol>\n<li>Trouve le bouton de connexion dans le coin sup\u00e9rieur droit de la page d&rsquo;accueil de Spinstein Casino.<\/li>\n<li>Saisis ton adresse e-mail et ton mot de passe.<\/li>\n<li>Acc\u00e8de \u00e0 ton compte en cliquant sur le bouton \u00e0 la fin du formulaire.<\/li>\n<\/ol>\n<p>Une fois connect\u00e9s, les joueurs peuvent acc\u00e9der au tableau de bord de leur profil pour :<\/p>\n<ul>\n<li>Consulter l&rsquo;historique de leurs activit\u00e9s et transactions pr\u00e9c\u00e9dentes.<\/li>\n<li>Effectuer des d\u00e9p\u00f4ts ou des retraits.<\/li>\n<li>Personnaliser les fonctionnalit\u00e9s de jeu responsable.<\/li>\n<li>Utiliser les fonctionnalit\u00e9s d&rsquo;assistance multilingue, comme le chat en direct.<\/li>\n<\/ul>\n<p>Le tableau de bord permet aux utilisateurs de mettre \u00e0 jour rapidement les informations de leur compte. Tu peux \u00e9galement y v\u00e9rifier l&rsquo;\u00e9tat d&rsquo;avancement du processus de v\u00e9rification obligatoire pour tous les joueurs de Spin Stein.<\/p>\n<p><img loading=\"lazy\" decoding=\"async\" class=\"alignnone size-full wp-image-1929\" src=\"https:\/\/spin-stein-casino.com\/wp-content\/uploads\/Spinstein-Login.webp\" alt=\"Spinstein Login\" width=\"1248\" height=\"536\" srcset=\"https:\/\/spin-stein-casino.com\/wp-content\/uploads\/Spinstein-Login.webp 1248w, https:\/\/spin-stein-casino.com\/wp-content\/uploads\/Spinstein-Login-300x129.webp 300w, https:\/\/spin-stein-casino.com\/wp-content\/uploads\/Spinstein-Login-1024x440.webp 1024w, https:\/\/spin-stein-casino.com\/wp-content\/uploads\/Spinstein-Login-768x330.webp 768w\" sizes=\"auto, (max-width: 1248px) 100vw, 1248px\" \/><\/p>\n<h2>Gestion des sessions<\/h2>\n<p>Notre syst\u00e8me de gestion des sessions est con\u00e7u pour \u00eatre \u00e0 la fois s\u00e9curis\u00e9 et pratique pour les utilisateurs de Spinstein Casino. Chaque connexion \u00e0 la plateforme est limit\u00e9e \u00e0 une p\u00e9riode d&rsquo;inactivit\u00e9 de 30 \u00e0 60 minutes. Si tu restes inactif pendant trop longtemps, la session se termine automatiquement et tu devras te reconnecter. Cela permet d&#8217;emp\u00eacher tout acc\u00e8s non autoris\u00e9 au cas o\u00f9 tu t&rsquo;absenterais trop longtemps.<\/p>\n<p>Pour continuer \u00e0 jouer, il te suffit de saisir \u00e0 nouveau tes identifiants Spinstein. Nous utilisons \u00e9galement la persistance de session sur les appareils de confiance, ce qui am\u00e9liore l&rsquo;exp\u00e9rience tout en pr\u00e9servant la s\u00e9curit\u00e9.<\/p>\n<p>Pour renforcer ta protection, nous te recommandons d&rsquo;activer l&rsquo;authentification \u00e0 deux facteurs (2FA). Mais n&rsquo;oublie pas que si cette option est activ\u00e9e, tu dois toujours avoir ton appareil sp\u00e9cifique \u00e0 port\u00e9e de main pour la v\u00e9rification par mot de passe \u00e0 usage unique (OTP).<\/p>\n<h2>Comment prot\u00e9ger ton compte<\/h2>\n<p>La s\u00e9curit\u00e9 de ton compte Spinstein est une priorit\u00e9 pour nous. Nous utilisons un cryptage AES 256 bits et la 2FA comme mesures de s\u00e9curit\u00e9. Pour renforcer la s\u00e9curit\u00e9 de ton profil, proc\u00e8de comme suit :<\/p>\n<table>\n<tbody>\n<tr>\n<td>Pratiques de s\u00e9curit\u00e9<\/td>\n<td>Pourquoi c&rsquo;est important<\/td>\n<\/tr>\n<tr>\n<td>Utilise un mot de passe fort et complexe comprenant des lettres majuscules et minuscules, des chiffres et des symboles<\/td>\n<td>Cela emp\u00eache tout acc\u00e8s non autoris\u00e9 en rendant ton mot de passe difficile \u00e0 deviner ou \u00e0 pirater.<\/td>\n<\/tr>\n<tr>\n<td>Active l&rsquo;authentification \u00e0 deux facteurs (2FA)<\/td>\n<td>Utilise des mots de passe \u00e0 usage unique (OTP) auxquels tu ne peux acc\u00e9der qu&rsquo;\u00e0 partir d&rsquo;un appareil sp\u00e9cifique.<\/td>\n<\/tr>\n<tr>\n<td>V\u00e9rifie r\u00e9guli\u00e8rement l&rsquo;activit\u00e9 de ton profil et tes transactions<\/td>\n<td>Cela permet de d\u00e9tecter rapidement toute activit\u00e9 non autoris\u00e9e ou suspecte.<\/td>\n<\/tr>\n<tr>\n<td>Ne divulgue jamais tes identifiants Spinstein<\/td>\n<td>Cela prot\u00e8ge ton compte contre tout acc\u00e8s non autoris\u00e9.<\/td>\n<\/tr>\n<tr>\n<td>Signale toute activit\u00e9 suspecte \u00e0 l&rsquo;\u00e9quipe d&rsquo;assistance<\/td>\n<td>Cela garantit une intervention rapide pour s\u00e9curiser ton compte et pr\u00e9venir toute fraude ou piratage potentiel.<\/td>\n<\/tr>\n<\/tbody>\n<\/table>\n<h2>FAQ<\/h2>\n<h3>Puis-je utiliser le m\u00eame compte sur plusieurs appareils ?<\/h3>\n<p>Oui, ton compte Spinstein Casino est accessible sur diff\u00e9rents appareils. Toutefois, pour garantir la s\u00e9curit\u00e9, nous te conseillons de ne te connecter qu&rsquo;\u00e0 partir de smartphones, tablettes ou PC de confiance et d&rsquo;utiliser l&rsquo;authentification \u00e0 deux facteurs, qui offre une protection suppl\u00e9mentaire. \u00c9cris-nous via le chat en direct si tu rencontres des probl\u00e8mes pour acc\u00e9der \u00e0 ton profil depuis un nouvel appareil.<\/p>\n<h3>Comment configurer l&rsquo;authentification \u00e0 deux facteurs ?<\/h3>\n<p>L&rsquo;activation de la 2FA n\u00e9cessite de te connecter \u00e0 Spinstein, puis d&rsquo;acc\u00e9der aux param\u00e8tres de ton profil et de suivre les instructions pour ajouter tes informations \u00e0 une application d&rsquo;authentification. Cette op\u00e9ration ajoute une mesure de s\u00e9curit\u00e9 suppl\u00e9mentaire qui n\u00e9cessite un code \u00e0 dur\u00e9e limit\u00e9e lors de la connexion.<\/p>\n<h3>Pourquoi suis-je d\u00e9connect\u00e9 automatiquement ?<\/h3>\n<p>Pour emp\u00eacher tout acc\u00e8s non autoris\u00e9 \u00e0 ton compte Spinstein, la d\u00e9connexion automatique intervient apr\u00e8s 30 et 60 minutes d&rsquo;inactivit\u00e9. Il te suffit de te reconnecter via le formulaire de connexion Spinstein, et ne t&rsquo;inqui\u00e8te pas.<\/p>\n<h3>Que dois-je faire si je re\u00e7ois une erreur \u00ab mot de passe incorrect \u00bb ?<\/h3>\n<p>Assure-toi de saisir les identifiants corrects et de respecter la casse. Il arrive parfois qu&rsquo;on ne se rende m\u00eame pas compte qu&rsquo;on tape sur le mauvais clavier. Si le probl\u00e8me persiste, tu peux r\u00e9initialiser ton mot de passe pour en g\u00e9n\u00e9rer un nouveau en toute s\u00e9curit\u00e9.<\/p>\n<\/div><\/div><\/p>\n","protected":false},"excerpt":{"rendered":"<p>Connexion \u00e0 Spinstein Notre casino en ligne de premier plan commence par le Spinstein login, apr\u00e8s quoi les utilisateurs peuvent profiter d&rsquo;une exp\u00e9rience de jeu fluide. Elle est disponible pour nos joueurs et comprend toutes les fonctionnalit\u00e9s et tous les bonus de la plateforme. Tu peux acc\u00e9der en toute s\u00e9curit\u00e9 \u00e0 toutes les fonctionnalit\u00e9s, y [&hellip;]<\/p>\n","protected":false},"author":1,"featured_media":0,"parent":0,"menu_order":0,"comment_status":"closed","ping_status":"closed","template":"template-builder.php","meta":{"_acf_changed":false,"inline_featured_image":false,"footnotes":""},"class_list":["post-1482","page","type-page","status-publish","hentry"],"acf":[],"yoast_head":"<!-- This site is optimized with the Yoast SEO plugin v27.3 - https:\/\/yoast.com\/product\/yoast-seo-wordpress\/ -->\n<title>Spinstein Casino Connexion &amp; Inscription | Acc\u00e8s S\u00e9curis\u00e9<\/title>\n<meta name=\"description\" content=\"Spinstein Casino Connexion \u2013 cr\u00e9ez votre compte en quelques instants ou connectez-vous en toute confiance gr\u00e2ce au cryptage avanc\u00e9. Acc\u00e9dez \u00e0 l&#039;historique des d\u00e9p\u00f4ts, au statut des bonus et aux param\u00e8tres personnels en un seul endroit chez Spin Stein.\" \/>\n<meta name=\"robots\" content=\"index, follow, max-snippet:-1, max-image-preview:large, max-video-preview:-1\" \/>\n<link rel=\"canonical\" href=\"https:\/\/spin-stein-casino.com\/fr\/connexion-et-inscription\/\" \/>\n<meta property=\"og:locale\" content=\"fr_FR\" \/>\n<meta property=\"og:type\" content=\"article\" \/>\n<meta property=\"og:title\" content=\"Spinstein Casino Connexion &amp; Inscription | Acc\u00e8s S\u00e9curis\u00e9\" \/>\n<meta property=\"og:description\" content=\"Spinstein Casino Connexion \u2013 cr\u00e9ez votre compte en quelques instants ou connectez-vous en toute confiance gr\u00e2ce au cryptage avanc\u00e9. Acc\u00e9dez \u00e0 l&#039;historique des d\u00e9p\u00f4ts, au statut des bonus et aux param\u00e8tres personnels en un seul endroit chez Spin Stein.\" \/>\n<meta property=\"og:url\" content=\"https:\/\/spin-stein-casino.com\/fr\/connexion-et-inscription\/\" \/>\n<meta property=\"og:site_name\" content=\"spinstein\" \/>\n<meta property=\"article:modified_time\" content=\"2026-03-26T10:06:35+00:00\" \/>\n<meta name=\"twitter:card\" content=\"summary_large_image\" \/>\n<meta name=\"twitter:label1\" content=\"Dur\u00e9e de lecture estim\u00e9e\" \/>\n\t<meta name=\"twitter:data1\" content=\"1 minute\" \/>\n<script type=\"application\/ld+json\" class=\"yoast-schema-graph\">{\"@context\":\"https:\\\/\\\/schema.org\",\"@graph\":[{\"@type\":\"WebPage\",\"@id\":\"https:\\\/\\\/spin-stein-casino.com\\\/fr\\\/connexion-et-inscription\\\/\",\"url\":\"https:\\\/\\\/spin-stein-casino.com\\\/fr\\\/connexion-et-inscription\\\/\",\"name\":\"Spinstein Casino Connexion & Inscription | Acc\u00e8s S\u00e9curis\u00e9\",\"isPartOf\":{\"@id\":\"https:\\\/\\\/spin-stein-casino.com\\\/fr\\\/#website\"},\"datePublished\":\"2026-01-20T12:11:11+00:00\",\"dateModified\":\"2026-03-26T10:06:35+00:00\",\"description\":\"Spinstein Casino Connexion \u2013 cr\u00e9ez votre compte en quelques instants ou connectez-vous en toute confiance gr\u00e2ce au cryptage avanc\u00e9. Acc\u00e9dez \u00e0 l'historique des d\u00e9p\u00f4ts, au statut des bonus et aux param\u00e8tres personnels en un seul endroit chez Spin Stein.\",\"breadcrumb\":{\"@id\":\"https:\\\/\\\/spin-stein-casino.com\\\/fr\\\/connexion-et-inscription\\\/#breadcrumb\"},\"inLanguage\":\"fr-FR\",\"potentialAction\":[{\"@type\":\"ReadAction\",\"target\":[\"https:\\\/\\\/spin-stein-casino.com\\\/fr\\\/connexion-et-inscription\\\/\"]}]},{\"@type\":\"BreadcrumbList\",\"@id\":\"https:\\\/\\\/spin-stein-casino.com\\\/fr\\\/connexion-et-inscription\\\/#breadcrumb\",\"itemListElement\":[{\"@type\":\"ListItem\",\"position\":1,\"name\":\"Spinstein\",\"item\":\"https:\\\/\\\/spin-stein-casino.com\\\/fr\\\/\"},{\"@type\":\"ListItem\",\"position\":2,\"name\":\"Connexion et inscription\"}]},{\"@type\":\"WebSite\",\"@id\":\"https:\\\/\\\/spin-stein-casino.com\\\/fr\\\/#website\",\"url\":\"https:\\\/\\\/spin-stein-casino.com\\\/fr\\\/\",\"name\":\"Spinstein\",\"description\":\"\",\"publisher\":{\"@id\":\"https:\\\/\\\/spin-stein-casino.com\\\/fr\\\/#organization\"},\"potentialAction\":[{\"@type\":\"SearchAction\",\"target\":{\"@type\":\"EntryPoint\",\"urlTemplate\":\"https:\\\/\\\/spin-stein-casino.com\\\/fr\\\/?s={search_term_string}\"},\"query-input\":{\"@type\":\"PropertyValueSpecification\",\"valueRequired\":true,\"valueName\":\"search_term_string\"}}],\"inLanguage\":\"fr-FR\"},{\"@type\":\"Organization\",\"@id\":\"https:\\\/\\\/spin-stein-casino.com\\\/fr\\\/#organization\",\"name\":\"Spinstein\",\"url\":\"https:\\\/\\\/spin-stein-casino.com\\\/fr\\\/\",\"logo\":{\"@type\":\"ImageObject\",\"inLanguage\":\"fr-FR\",\"@id\":\"https:\\\/\\\/spin-stein-casino.com\\\/fr\\\/#\\\/schema\\\/logo\\\/image\\\/\",\"url\":\"https:\\\/\\\/spin-stein-casino.com\\\/wp-content\\\/uploads\\\/2026\\\/03\\\/spinstein-logo.png\",\"contentUrl\":\"https:\\\/\\\/spin-stein-casino.com\\\/wp-content\\\/uploads\\\/2026\\\/03\\\/spinstein-logo.png\",\"width\":166,\"height\":40,\"caption\":\"Spinstein\"},\"image\":{\"@id\":\"https:\\\/\\\/spin-stein-casino.com\\\/fr\\\/#\\\/schema\\\/logo\\\/image\\\/\"}}]}<\/script>\n<!-- \/ Yoast SEO plugin. -->","yoast_head_json":{"title":"Spinstein Casino Connexion & Inscription | Acc\u00e8s S\u00e9curis\u00e9","description":"Spinstein Casino Connexion \u2013 cr\u00e9ez votre compte en quelques instants ou connectez-vous en toute confiance gr\u00e2ce au cryptage avanc\u00e9. Acc\u00e9dez \u00e0 l'historique des d\u00e9p\u00f4ts, au statut des bonus et aux param\u00e8tres personnels en un seul endroit chez Spin Stein.","robots":{"index":"index","follow":"follow","max-snippet":"max-snippet:-1","max-image-preview":"max-image-preview:large","max-video-preview":"max-video-preview:-1"},"canonical":"https:\/\/spin-stein-casino.com\/fr\/connexion-et-inscription\/","og_locale":"fr_FR","og_type":"article","og_title":"Spinstein Casino Connexion & Inscription | Acc\u00e8s S\u00e9curis\u00e9","og_description":"Spinstein Casino Connexion \u2013 cr\u00e9ez votre compte en quelques instants ou connectez-vous en toute confiance gr\u00e2ce au cryptage avanc\u00e9. Acc\u00e9dez \u00e0 l'historique des d\u00e9p\u00f4ts, au statut des bonus et aux param\u00e8tres personnels en un seul endroit chez Spin Stein.","og_url":"https:\/\/spin-stein-casino.com\/fr\/connexion-et-inscription\/","og_site_name":"spinstein","article_modified_time":"2026-03-26T10:06:35+00:00","twitter_card":"summary_large_image","twitter_misc":{"Dur\u00e9e de lecture estim\u00e9e":"1 minute"},"schema":{"@context":"https:\/\/schema.org","@graph":[{"@type":"WebPage","@id":"https:\/\/spin-stein-casino.com\/fr\/connexion-et-inscription\/","url":"https:\/\/spin-stein-casino.com\/fr\/connexion-et-inscription\/","name":"Spinstein Casino Connexion & Inscription | Acc\u00e8s S\u00e9curis\u00e9","isPartOf":{"@id":"https:\/\/spin-stein-casino.com\/fr\/#website"},"datePublished":"2026-01-20T12:11:11+00:00","dateModified":"2026-03-26T10:06:35+00:00","description":"Spinstein Casino Connexion \u2013 cr\u00e9ez votre compte en quelques instants ou connectez-vous en toute confiance gr\u00e2ce au cryptage avanc\u00e9. Acc\u00e9dez \u00e0 l'historique des d\u00e9p\u00f4ts, au statut des bonus et aux param\u00e8tres personnels en un seul endroit chez Spin Stein.","breadcrumb":{"@id":"https:\/\/spin-stein-casino.com\/fr\/connexion-et-inscription\/#breadcrumb"},"inLanguage":"fr-FR","potentialAction":[{"@type":"ReadAction","target":["https:\/\/spin-stein-casino.com\/fr\/connexion-et-inscription\/"]}]},{"@type":"BreadcrumbList","@id":"https:\/\/spin-stein-casino.com\/fr\/connexion-et-inscription\/#breadcrumb","itemListElement":[{"@type":"ListItem","position":1,"name":"Spinstein","item":"https:\/\/spin-stein-casino.com\/fr\/"},{"@type":"ListItem","position":2,"name":"Connexion et inscription"}]},{"@type":"WebSite","@id":"https:\/\/spin-stein-casino.com\/fr\/#website","url":"https:\/\/spin-stein-casino.com\/fr\/","name":"Spinstein","description":"","publisher":{"@id":"https:\/\/spin-stein-casino.com\/fr\/#organization"},"potentialAction":[{"@type":"SearchAction","target":{"@type":"EntryPoint","urlTemplate":"https:\/\/spin-stein-casino.com\/fr\/?s={search_term_string}"},"query-input":{"@type":"PropertyValueSpecification","valueRequired":true,"valueName":"search_term_string"}}],"inLanguage":"fr-FR"},{"@type":"Organization","@id":"https:\/\/spin-stein-casino.com\/fr\/#organization","name":"Spinstein","url":"https:\/\/spin-stein-casino.com\/fr\/","logo":{"@type":"ImageObject","inLanguage":"fr-FR","@id":"https:\/\/spin-stein-casino.com\/fr\/#\/schema\/logo\/image\/","url":"https:\/\/spin-stein-casino.com\/wp-content\/uploads\/2026\/03\/spinstein-logo.png","contentUrl":"https:\/\/spin-stein-casino.com\/wp-content\/uploads\/2026\/03\/spinstein-logo.png","width":166,"height":40,"caption":"Spinstein"},"image":{"@id":"https:\/\/spin-stein-casino.com\/fr\/#\/schema\/logo\/image\/"}}]}},"_links":{"self":[{"href":"https:\/\/spin-stein-casino.com\/fr\/wp-json\/wp\/v2\/pages\/1482","targetHints":{"allow":["GET"]}}],"collection":[{"href":"https:\/\/spin-stein-casino.com\/fr\/wp-json\/wp\/v2\/pages"}],"about":[{"href":"https:\/\/spin-stein-casino.com\/fr\/wp-json\/wp\/v2\/types\/page"}],"author":[{"embeddable":true,"href":"https:\/\/spin-stein-casino.com\/fr\/wp-json\/wp\/v2\/users\/1"}],"replies":[{"embeddable":true,"href":"https:\/\/spin-stein-casino.com\/fr\/wp-json\/wp\/v2\/comments?post=1482"}],"version-history":[{"count":3,"href":"https:\/\/spin-stein-casino.com\/fr\/wp-json\/wp\/v2\/pages\/1482\/revisions"}],"predecessor-version":[{"id":1959,"href":"https:\/\/spin-stein-casino.com\/fr\/wp-json\/wp\/v2\/pages\/1482\/revisions\/1959"}],"wp:attachment":[{"href":"https:\/\/spin-stein-casino.com\/fr\/wp-json\/wp\/v2\/media?parent=1482"}],"curies":[{"name":"wp","href":"https:\/\/api.w.org\/{rel}","templated":true}]}}