{"id":1440,"date":"2026-01-20T12:08:23","date_gmt":"2026-01-20T12:08:23","guid":{"rendered":"https:\/\/bonuskongcasino.com\/app\/"},"modified":"2026-03-26T10:05:11","modified_gmt":"2026-03-26T10:05:11","slug":"app","status":"publish","type":"page","link":"https:\/\/spin-stein-casino.com\/fr\/app\/","title":{"rendered":"App"},"content":{"rendered":"<h1>Application Spinstein : jeux de casino sur mobile<\/h1>\n<p>Spinstein app r\u00e9volutionne la fa\u00e7on dont tous les fans de jeux sur mobile per\u00e7oivent les casinos en ligne. Nous l&rsquo;avons con\u00e7ue pour offrir des performances num\u00e9riques parfaites. Notre PWA offre une exp\u00e9rience fluide et intuitive, adapt\u00e9e \u00e0 tous les appareils mobiles. Tu peux participer \u00e0 des jeux avec croupier en direct ou g\u00e9rer ton compte sans effort, et notre application te propose toutes ces fonctionnalit\u00e9s essentielles dans un format compact et facile \u00e0 utiliser. Nous sommes ton choix privil\u00e9gi\u00e9 pour une exp\u00e9rience de jeu immersive et fiable o\u00f9 que tu sois.<\/p>\n<div class=\"banner-wrap\" aria-label=\"Banner\"><img src=\"https:\/\/spin-stein-casino.com\/wp-content\/uploads\/Spinstein-banner-carousel-800\u0445400.webp\" class=\"w-100 d-none d-lg-block img-pc main-banner-img\" alt=\"promo desktop\" fetchpriority=\"high\" decoding=\"async\"><img src=\"https:\/\/spin-stein-casino.com\/wp-content\/uploads\/spinstein-banner-mobile.webp\" class=\"w-100 d-none d-md-block d-lg-none main-banner-img\" alt=\"promo mobile\" fetchpriority=\"high\" decoding=\"async\"><img src=\"https:\/\/spin-stein-casino.com\/wp-content\/uploads\/spinstein-banner-mobile.webp\" class=\"w-100 d-md-none\" alt=\"promo mobile\" fetchpriority=\"high\" decoding=\"async\"><div class=\"banner-description\">\n<div class=\"banner-title\">Bonus de bienvenue<\/div>\n<p class=\"banner-header-title\">1500 \u20ac<\/p>\n<div class=\"banner-header-AdditionalText\">+ 250 Tours gratuits<\/div>\n<button data-item=\"homepage_banner_link\" class=\"goto m-button m-gradient-border m-button--primary m-button--large banner-button btn-orange\">\n            <div class=\"m-button-content\">\n                <span>Inscrivez-vous d\u00e8s maintenant<\/span>\n                <span><\/span>\n            <\/div>\n        <\/button>\n<\/div>\n<div class=\"WelcomePack\">\n<p><img loading=\"lazy\" decoding=\"async\" class=\"alignnone size-full wp-image-1852\" src=\"https:\/\/spin-stein-casino.com\/wp-content\/uploads\/2026\/03\/welcome-crown.png\" alt=\"crown\" width=\"25\" height=\"26\" \/><\/p>\n<div class=\"WelcomePack-Info\">Cashback hebdomadaire jusqu&rsquo;\u00e0 25 %<\/div>\n<p><img loading=\"lazy\" decoding=\"async\" class=\"alignnone size-full wp-image-1852\" src=\"https:\/\/spin-stein-casino.com\/wp-content\/uploads\/2026\/03\/welcome-crown.png\" alt=\"crown\" width=\"25\" height=\"26\" \/><\/p>\n<\/div>\n<\/div>\n<h2>Fonctionnalit\u00e9s de l&rsquo;application Spinstein<\/h2>\n<p>Notre application offre de nombreux avantages par rapport au jeu sur ordinateur ou via un navigateur. Son interface \u00e9pur\u00e9e garantit \u00e9galement un chargement rapide, m\u00eame avec une connexion de mauvaise qualit\u00e9, sans pour autant compromettre la qualit\u00e9 graphique ni la fluidit\u00e9 du jeu. L&rsquo;application Spinstein Casino dispose d&rsquo;une architecture l\u00e9g\u00e8re et n\u00e9cessite donc peu d&rsquo;espace de stockage ; les mises \u00e0 jour automatiques permettent de maintenir l&rsquo;exp\u00e9rience \u00e0 jour sans interrompre le jeu.<\/p>\n<p>Les caract\u00e9ristiques notables de l&rsquo;appli Spinstein sont les suivantes :<\/p>\n<ul>\n<li>Acc\u00e8s illimit\u00e9 \u00e0 une s\u00e9lection compl\u00e8te de machines \u00e0 sous en ligne, de jeux de table et d&rsquo;options avec croupier en direct.<\/li>\n<li>Gestion facile des comptes, comme les d\u00e9p\u00f4ts, les retraits et le processus de v\u00e9rification (KYC).<\/li>\n<li>Des mesures de s\u00e9curit\u00e9 am\u00e9lior\u00e9es comme le cryptage (TLS 1.3), les pare-feu WAF et les connexions s\u00e9curis\u00e9es.<\/li>\n<li>Notifications push concernant les promotions, les jeux et le compte.<\/li>\n<li>Possibilit\u00e9 d&rsquo;adapter le tableau de bord aux param\u00e8tres de ton appareil.<\/li>\n<li>Le processus d&rsquo;installation est rapide et peut \u00eatre effectu\u00e9 sans quitter le site officiel de Spinstein Casino. Les boutiques d&rsquo;applications tierces ne sont pas n\u00e9cessaires.<\/li>\n<\/ul>\n<p>Comparons les avantages et les inconv\u00e9nients de la version mobile pour mieux comprendre si \u00e7a vaut le coup.<\/p>\n<table>\n<tbody>\n<tr>\n<td>Avantages<\/td>\n<td>Inconv\u00e9nients<\/td>\n<\/tr>\n<tr>\n<td>Acc\u00e8s instantan\u00e9 au casino et aux jeux sans installation<\/td>\n<td>Peut n\u00e9cessiter un peu d&rsquo;espace de stockage pour des performances optimales<\/td>\n<\/tr>\n<tr>\n<td>Alertes en temps r\u00e9el pour les offres promotionnelles, les bonus et les notifications importantes<\/td>\n<td>Restrictions pour les joueurs de certaines r\u00e9gions g\u00e9ographiques<\/td>\n<\/tr>\n<tr>\n<td>Interface utilisateur intuitive avec une navigation fluide et une mise en page adaptable<\/td>\n<td>Des probl\u00e8mes de compatibilit\u00e9 peuvent survenir si ton appareil est ancien<\/td>\n<\/tr>\n<tr>\n<td>Gameplay rapide et r\u00e9actif avec des temps de chargement r\u00e9duits au minimum<\/td>\n<td><\/td>\n<\/tr>\n<\/tbody>\n<\/table>\n<p>Tous ces \u00e9l\u00e9ments s&rsquo;associent pour offrir une exp\u00e9rience de jeu immersive qui rivalise avec la version pour ordinateur et la commodit\u00e9 de l&rsquo;acc\u00e8s mobile.<\/p>\n<p><div class=\"scrollable-content-wrap my-5\"><div class=\"scrollable-content-inner\"><h2>Application Spinstein pour Android<\/h2>\n<p>Les utilisateurs d&rsquo;Android ont acc\u00e8s \u00e0 toutes les fonctionnalit\u00e9s de Spinstein Casino gr\u00e2ce \u00e0 l&rsquo;offre sp\u00e9ciale, sans le risque li\u00e9 au t\u00e9l\u00e9chargement d&rsquo;un fichier APK. L&rsquo;application est simplement une PWA, donc tu n&rsquo;auras aucun probl\u00e8me avec notre proc\u00e9dure d&rsquo;installation simple qui ne prend que quelques minutes.<\/p>\n<ol>\n<li>Il te suffit de faire d\u00e9filer la page du casino Spinstein et de cliquer sur le bouton \u00ab Application du casino \u00bb.<\/li>\n<li>Clique sur le bouton \u00ab Installer \u00bb.<\/li>\n<li>Confirme l&rsquo;installation une fois que la banni\u00e8re s&rsquo;affiche.<\/li>\n<li>Choisis l&rsquo;option \u00ab Ajouter \u00e0 l&rsquo;\u00e9cran d&rsquo;accueil \u00bb.<\/li>\n<\/ol>\n<p>L&rsquo;ic\u00f4ne de l&rsquo;application Spinstein appara\u00eet sur l&rsquo;\u00e9cran d&rsquo;accueil une fois l&rsquo;installation termin\u00e9e. Tu as d\u00e9sormais acc\u00e8s \u00e0 tous les jeux de mani\u00e8re directe et rapide. L&rsquo;application ne te demandera que les autorisations essentielles, le plus souvent l&rsquo;acc\u00e8s \u00e0 Internet pour jouer et recevoir des notifications, ce qui n&rsquo;a que peu ou pas d&rsquo;impact sur la s\u00e9curit\u00e9 et les performances de ton appareil.<\/p>\n<p>Notre application est compatible avec toutes les principales versions d&rsquo;Android. La configuration mat\u00e9rielle requise garantit une exp\u00e9rience de jeu fluide, quels que soient l&rsquo;\u00e2ge ou la marque de ton appareil. Une fois connect\u00e9, tu peux g\u00e9rer efficacement les machines \u00e0 sous en ligne, les jeux avec croupier en direct et les jeux de table, et l&rsquo;application dispose de commandes tactiles adapt\u00e9es au jeu sur mobile.<\/p>\n<p><img loading=\"lazy\" decoding=\"async\" class=\"alignnone size-full wp-image-1903\" src=\"https:\/\/spin-stein-casino.com\/wp-content\/uploads\/Spinstein-Android-App.webp\" alt=\"Spinstein Android App\" width=\"1248\" height=\"536\" srcset=\"https:\/\/spin-stein-casino.com\/wp-content\/uploads\/Spinstein-Android-App.webp 1248w, https:\/\/spin-stein-casino.com\/wp-content\/uploads\/Spinstein-Android-App-300x129.webp 300w, https:\/\/spin-stein-casino.com\/wp-content\/uploads\/Spinstein-Android-App-1024x440.webp 1024w, https:\/\/spin-stein-casino.com\/wp-content\/uploads\/Spinstein-Android-App-768x330.webp 768w\" sizes=\"auto, (max-width: 1248px) 100vw, 1248px\" \/><\/p>\n<\/div><\/div><div style=\"clear: both\"><\/div><div class=\"d-flex justify-content-center\"><button data-item=\"decouvrez_link\" data-group=\"website_links\" class=\"goto fw-bold rounded-pill btn btn-orange\" aria-label=\"T\u00e9l\u00e9chargez l&#039;application Spinstein\" >T\u00e9l\u00e9chargez l&#039;application Spinstein<\/button><\/div><div class=\"scrollable-content-wrap my-5\"><div class=\"scrollable-content-inner\"><h2>L&rsquo;application Spinstein pour iOS<\/h2>\n<p>Si tu poss\u00e8des l&rsquo;un des produits Apple suivants (iPhone, iPad), l&rsquo;installation de notre application Spinstein est encore plus simple pour toi ! Spinstein offre une exp\u00e9rience tout aussi raffin\u00e9e aux utilisateurs d&rsquo;iPhone et d&rsquo;iPad. Elle est facile \u00e0 installer et ne n\u00e9cessite pas de passer par l&rsquo;App Store, car elle fonctionne comme une ic\u00f4ne de raccourci PWA et t&rsquo;offre les fonctionnalit\u00e9s d&rsquo;une application native, accessible depuis le navigateur.<\/p>\n<p>Pour installer l&rsquo;application Spin Stein sur un iPad :<\/p>\n<ol>\n<li>En faisant d\u00e9filer la page du casino Spin Stein.<\/li>\n<li>Clique sur le menu \u00e0 trois points dans la barre d&rsquo;adresse du navigateur.<\/li>\n<li>Appuyant sur le menu \u00ab Ajouter \u00e0 l&rsquo;\u00e9cran d&rsquo;accueil \u00bb.<\/li>\n<li>Ajoute l&rsquo;URL de notre casino.<\/li>\n<li>Confirmer l&rsquo;installation.<\/li>\n<\/ol>\n<p>F\u00e9licitations, tu as d\u00e9sormais l&rsquo;app Spinstein sur ton appareil. Tu peux l&rsquo;utiliser sur les petits \u00e9crans des iPhones comme sur les plus grands \u00e9crans des iPads. L&rsquo;interface s&rsquo;adapte automatiquement et offre un affichage visuellement attrayant \u00e0 tous les utilisateurs.<\/p>\n<p><img loading=\"lazy\" decoding=\"async\" class=\"alignnone size-full wp-image-1911\" src=\"https:\/\/spin-stein-casino.com\/wp-content\/uploads\/Spinstein-iOS-App.webp\" alt=\"Spinstein iOS App\" width=\"1248\" height=\"536\" srcset=\"https:\/\/spin-stein-casino.com\/wp-content\/uploads\/Spinstein-iOS-App.webp 1248w, https:\/\/spin-stein-casino.com\/wp-content\/uploads\/Spinstein-iOS-App-300x129.webp 300w, https:\/\/spin-stein-casino.com\/wp-content\/uploads\/Spinstein-iOS-App-1024x440.webp 1024w, https:\/\/spin-stein-casino.com\/wp-content\/uploads\/Spinstein-iOS-App-768x330.webp 768w\" sizes=\"auto, (max-width: 1248px) 100vw, 1248px\" \/><\/p>\n<\/div><\/div><div style=\"clear: both\"><\/div><div class=\"d-flex justify-content-center\"><button data-item=\"decouvrez_link\" data-group=\"website_links\" class=\"goto fw-bold rounded-pill btn btn-orange\" aria-label=\"T\u00e9l\u00e9charger Spinstein\" >T\u00e9l\u00e9charger Spinstein<\/button><\/div><div class=\"scrollable-content-wrap my-5\"><div class=\"scrollable-content-inner\"><h2>Compatibilit\u00e9 des appareils<\/h2>\n<p>L&rsquo;application mobile de Spinstein Casino est largement compatible. Elle s&rsquo;adapte automatiquement \u00e0 la taille et \u00e0 la r\u00e9solution de l&rsquo;appareil, garantissant une exp\u00e9rience de jeu et une facilit\u00e9 d&rsquo;utilisation optimales. L&rsquo;application prend en charge :<\/p>\n<ul>\n<li>Les smartphones haut de gamme, tr\u00e8s rapides et faciles \u00e0 utiliser.<\/li>\n<li>Les tablettes, qui offrent un \u00e9cran plus grand pour voir le jeu en d\u00e9tail.<\/li>\n<li>Les ordinateurs de bureau et les ordinateurs portables offrent une exp\u00e9rience similaire \u00e0 celle des autres appareils, mais avec des \u00e9crans plus grands.<\/li>\n<\/ul>\n<p>Les utilisateurs b\u00e9n\u00e9ficient d&rsquo;une exp\u00e9rience de jeu rapide et r\u00e9active, avec peu de latence, qu&rsquo;ils utilisent un t\u00e9l\u00e9phone de milieu de gamme ou une tablette haut de gamme. Nous esp\u00e9rons que tu appr\u00e9cieras notre version mobile du casino. L&rsquo;architecture de l&rsquo;application r\u00e9duit la consommation de batterie et de donn\u00e9es, ce qui la rend id\u00e9ale pour de longues sessions de jeu lors de tes d\u00e9placements.<\/p>\n<h2>Version pour ordinateur de bureau de Spin Stein Casino<\/h2>\n<p>M\u00eame si le jeu mobile s&rsquo;adresse aux joueurs en d\u00e9placement, la version pour ordinateur de Spin Stein Casino est un \u00e9l\u00e9ment indispensable pour les joueurs disposant de grands \u00e9crans ou qui pr\u00e9f\u00e8rent un design classique. La version pour ordinateur fonctionne parfaitement sous Windows et macOS avec des param\u00e8tres de s\u00e9curit\u00e9 robustes pour prot\u00e9ger les informations de nos utilisateurs et garantir un jeu \u00e9quitable.<\/p>\n<p>Pour acc\u00e9der \u00e0 Spin Stein Casino sur un ordinateur :<\/p>\n<ol>\n<li>Clique une seule fois \u00e0 l&rsquo;aide d&rsquo;un raccourci ou via un navigateur.<\/li>\n<li>Connecte-toi \u00e0 notre syst\u00e8me avec ton adresse e-mail et ton mot de passe.<\/li>\n<li>Profite des jeux sur ta page d&rsquo;accueil ou explore ton tableau de bord.<\/li>\n<\/ol>\n<p>La mise en page sur ordinateur te permet de d\u00e9couvrir plus en d\u00e9tail notre catalogue Spinstein, en particulier les tables avec croupiers en direct, o\u00f9 la clart\u00e9 est essentielle pour profiter pleinement de l&rsquo;exp\u00e9rience. L&rsquo;\u00e9cran plus grand facilite \u00e9galement la navigation dans les param\u00e8tres de compte, les promotions et les types de jeux.<\/p>\n<p>La version pour ordinateur est compatible avec tous les appareils. Tu peux \u00e9galement consulter les d\u00e9tails de ton compte, ton solde et l&rsquo;historique de tes activit\u00e9s, qui sont automatiquement synchronis\u00e9s. Cette uniformit\u00e9 garantit une exp\u00e9rience de jeu coh\u00e9rente, que ce soit sur ordinateur ou sur mobile.<\/p>\n<p><img loading=\"lazy\" decoding=\"async\" class=\"alignnone size-full wp-image-1919\" src=\"https:\/\/spin-stein-casino.com\/wp-content\/uploads\/Spinstein-Desktop.webp\" alt=\"Spinstein Desktop\" width=\"1248\" height=\"536\" srcset=\"https:\/\/spin-stein-casino.com\/wp-content\/uploads\/Spinstein-Desktop.webp 1248w, https:\/\/spin-stein-casino.com\/wp-content\/uploads\/Spinstein-Desktop-300x129.webp 300w, https:\/\/spin-stein-casino.com\/wp-content\/uploads\/Spinstein-Desktop-1024x440.webp 1024w, https:\/\/spin-stein-casino.com\/wp-content\/uploads\/Spinstein-Desktop-768x330.webp 768w\" sizes=\"auto, (max-width: 1248px) 100vw, 1248px\" \/><\/p>\n<\/div><\/div><div style=\"clear: both\"><\/div><div class=\"d-flex justify-content-center\"><button data-item=\"decouvrez_link\" data-group=\"website_links\" class=\"goto fw-bold rounded-pill btn btn-orange\" aria-label=\"T\u00e9l\u00e9chargez l&#039;application Spinstein\" >T\u00e9l\u00e9chargez l&#039;application Spinstein<\/button><\/div><div class=\"scrollable-content-wrap my-5\"><div class=\"scrollable-content-inner\"><h2>Pourquoi jouer sur mobile ?<\/h2>\n<p>Comme tu le sais d\u00e9j\u00e0, la version mobile de Spin Stein Casino est incroyablement pratique et flexible. Notre super appli permet aux joueurs de jouer \u00e0 leurs jeux pr\u00e9f\u00e9r\u00e9s pendant leurs pauses, leurs trajets ou lorsqu&rsquo;ils se d\u00e9tendent chez eux. L&rsquo;acc\u00e8s au casino \u00e0 tout moment signifie qu&rsquo;il n&rsquo;y a pas d&rsquo;attente ni d&rsquo;inscription sur diff\u00e9rentes plateformes.<\/p>\n<p>Le jeu sur mobile mise sur les interactions tactiles, qui offrent un acc\u00e8s rapide et facile aux jeux et aux fonctionnalit\u00e9s de gestion de compte. La r\u00e9activit\u00e9 de l&rsquo;application t&rsquo;aide \u00e0 \u00e9viter les difficult\u00e9s, m\u00eame sur un appareil aux sp\u00e9cifications relativement modestes.<\/p>\n<h2>FAQ<\/h2>\n<h3>Puis-je passer du mode clair au mode sombre dans l&rsquo;application ?<\/h3>\n<p>L&rsquo;application Spinstein propose des th\u00e8mes clair et sombre pour que tu puisses personnaliser l&rsquo;exp\u00e9rience visuelle \u00e0 ton go\u00fbt. Cette fonctionnalit\u00e9 peut \u00eatre activ\u00e9e dans le menu des param\u00e8tres de l&rsquo;application.<\/p>\n<h3>Dois-je t\u00e9l\u00e9charger quelque chose depuis l&rsquo;App Store ?<\/h3>\n<p>Notre application est une PWA, et tu peux simplement cliquer sur le bouton d&rsquo;installation intitul\u00e9 \u00ab Casino App \u00bb ou demander \u00e0 un membre de notre \u00e9quipe d&rsquo;assistance de te guider tout au long du processus si tu ne sais pas comment faire. Pour cela, il suffit de cliquer sur le bouton de chat en direct. Pas besoin d&rsquo;installer quoi que ce soit provenant de sources inconnues.<\/p>\n<h3>Quelle est la configuration syst\u00e8me requise pour l&rsquo;application mobile ?<\/h3>\n<p>L&rsquo;application Spinstein est compatible avec Android 8.0 et versions ult\u00e9rieures, ainsi qu&rsquo;avec iOS 12.0 et versions ult\u00e9rieures. Tu peux jouer (techniquement) sur des appareils tr\u00e8s anciens, mais nous ne pouvons pas garantir les meilleures performances. Elle est compatible avec les appareils de milieu et haut de gamme, et ses performances s&rsquo;am\u00e9liorent avec le mat\u00e9riel le plus r\u00e9cent.<\/p>\n<\/div><\/div><\/p>\n","protected":false},"excerpt":{"rendered":"<p>Application Spinstein : jeux de casino sur mobile Spinstein app r\u00e9volutionne la fa\u00e7on dont tous les fans de jeux sur mobile per\u00e7oivent les casinos en ligne. Nous l&rsquo;avons con\u00e7ue pour offrir des performances num\u00e9riques parfaites. Notre PWA offre une exp\u00e9rience fluide et intuitive, adapt\u00e9e \u00e0 tous les appareils mobiles. Tu peux participer \u00e0 des jeux [&hellip;]<\/p>\n","protected":false},"author":1,"featured_media":0,"parent":0,"menu_order":0,"comment_status":"closed","ping_status":"closed","template":"template-builder.php","meta":{"_acf_changed":false,"inline_featured_image":false,"footnotes":""},"class_list":["post-1440","page","type-page","status-publish","hentry"],"acf":[],"yoast_head":"<!-- This site is optimized with the Yoast SEO plugin v27.3 - https:\/\/yoast.com\/product\/yoast-seo-wordpress\/ -->\n<title>Spinstein Casino Web App | Mobile &amp; Bureau<\/title>\n<meta name=\"description\" content=\"Spinstein Web App \u2013 acc\u00e9dez \u00e0 vos machines \u00e0 sous, jeux de table et casino en direct pr\u00e9f\u00e9r\u00e9s directement depuis n&#039;importe quel navigateur sur mobile ou bureau. Aucun t\u00e9l\u00e9chargement requis, jeu instantan\u00e9 et synchronisation fluide avec Spin Stein.\" \/>\n<meta name=\"robots\" content=\"index, follow, max-snippet:-1, max-image-preview:large, max-video-preview:-1\" \/>\n<link rel=\"canonical\" href=\"https:\/\/spin-stein-casino.com\/fr\/app\/\" \/>\n<meta property=\"og:locale\" content=\"fr_FR\" \/>\n<meta property=\"og:type\" content=\"article\" \/>\n<meta property=\"og:title\" content=\"Spinstein Casino Web App | Mobile &amp; Bureau\" \/>\n<meta property=\"og:description\" content=\"Spinstein Web App \u2013 acc\u00e9dez \u00e0 vos machines \u00e0 sous, jeux de table et casino en direct pr\u00e9f\u00e9r\u00e9s directement depuis n&#039;importe quel navigateur sur mobile ou bureau. Aucun t\u00e9l\u00e9chargement requis, jeu instantan\u00e9 et synchronisation fluide avec Spin Stein.\" \/>\n<meta property=\"og:url\" content=\"https:\/\/spin-stein-casino.com\/fr\/app\/\" \/>\n<meta property=\"og:site_name\" content=\"spinstein\" \/>\n<meta property=\"article:modified_time\" content=\"2026-03-26T10:05:11+00:00\" \/>\n<meta name=\"twitter:card\" content=\"summary_large_image\" \/>\n<meta name=\"twitter:label1\" content=\"Dur\u00e9e de lecture estim\u00e9e\" \/>\n\t<meta name=\"twitter:data1\" content=\"2 minutes\" \/>\n<script type=\"application\/ld+json\" class=\"yoast-schema-graph\">{\"@context\":\"https:\\\/\\\/schema.org\",\"@graph\":[{\"@type\":\"WebPage\",\"@id\":\"https:\\\/\\\/spin-stein-casino.com\\\/fr\\\/app\\\/\",\"url\":\"https:\\\/\\\/spin-stein-casino.com\\\/fr\\\/app\\\/\",\"name\":\"Spinstein Casino Web App | Mobile & Bureau\",\"isPartOf\":{\"@id\":\"https:\\\/\\\/spin-stein-casino.com\\\/fr\\\/#website\"},\"datePublished\":\"2026-01-20T12:08:23+00:00\",\"dateModified\":\"2026-03-26T10:05:11+00:00\",\"description\":\"Spinstein Web App \u2013 acc\u00e9dez \u00e0 vos machines \u00e0 sous, jeux de table et casino en direct pr\u00e9f\u00e9r\u00e9s directement depuis n'importe quel navigateur sur mobile ou bureau. Aucun t\u00e9l\u00e9chargement requis, jeu instantan\u00e9 et synchronisation fluide avec Spin Stein.\",\"breadcrumb\":{\"@id\":\"https:\\\/\\\/spin-stein-casino.com\\\/fr\\\/app\\\/#breadcrumb\"},\"inLanguage\":\"fr-FR\",\"potentialAction\":[{\"@type\":\"ReadAction\",\"target\":[\"https:\\\/\\\/spin-stein-casino.com\\\/fr\\\/app\\\/\"]}]},{\"@type\":\"BreadcrumbList\",\"@id\":\"https:\\\/\\\/spin-stein-casino.com\\\/fr\\\/app\\\/#breadcrumb\",\"itemListElement\":[{\"@type\":\"ListItem\",\"position\":1,\"name\":\"Spinstein\",\"item\":\"https:\\\/\\\/spin-stein-casino.com\\\/fr\\\/\"},{\"@type\":\"ListItem\",\"position\":2,\"name\":\"App\"}]},{\"@type\":\"WebSite\",\"@id\":\"https:\\\/\\\/spin-stein-casino.com\\\/fr\\\/#website\",\"url\":\"https:\\\/\\\/spin-stein-casino.com\\\/fr\\\/\",\"name\":\"Spinstein\",\"description\":\"\",\"publisher\":{\"@id\":\"https:\\\/\\\/spin-stein-casino.com\\\/fr\\\/#organization\"},\"potentialAction\":[{\"@type\":\"SearchAction\",\"target\":{\"@type\":\"EntryPoint\",\"urlTemplate\":\"https:\\\/\\\/spin-stein-casino.com\\\/fr\\\/?s={search_term_string}\"},\"query-input\":{\"@type\":\"PropertyValueSpecification\",\"valueRequired\":true,\"valueName\":\"search_term_string\"}}],\"inLanguage\":\"fr-FR\"},{\"@type\":\"Organization\",\"@id\":\"https:\\\/\\\/spin-stein-casino.com\\\/fr\\\/#organization\",\"name\":\"Spinstein\",\"url\":\"https:\\\/\\\/spin-stein-casino.com\\\/fr\\\/\",\"logo\":{\"@type\":\"ImageObject\",\"inLanguage\":\"fr-FR\",\"@id\":\"https:\\\/\\\/spin-stein-casino.com\\\/fr\\\/#\\\/schema\\\/logo\\\/image\\\/\",\"url\":\"https:\\\/\\\/spin-stein-casino.com\\\/wp-content\\\/uploads\\\/2026\\\/03\\\/spinstein-logo.png\",\"contentUrl\":\"https:\\\/\\\/spin-stein-casino.com\\\/wp-content\\\/uploads\\\/2026\\\/03\\\/spinstein-logo.png\",\"width\":166,\"height\":40,\"caption\":\"Spinstein\"},\"image\":{\"@id\":\"https:\\\/\\\/spin-stein-casino.com\\\/fr\\\/#\\\/schema\\\/logo\\\/image\\\/\"}}]}<\/script>\n<!-- \/ Yoast SEO plugin. -->","yoast_head_json":{"title":"Spinstein Casino Web App | Mobile & Bureau","description":"Spinstein Web App \u2013 acc\u00e9dez \u00e0 vos machines \u00e0 sous, jeux de table et casino en direct pr\u00e9f\u00e9r\u00e9s directement depuis n'importe quel navigateur sur mobile ou bureau. Aucun t\u00e9l\u00e9chargement requis, jeu instantan\u00e9 et synchronisation fluide avec Spin Stein.","robots":{"index":"index","follow":"follow","max-snippet":"max-snippet:-1","max-image-preview":"max-image-preview:large","max-video-preview":"max-video-preview:-1"},"canonical":"https:\/\/spin-stein-casino.com\/fr\/app\/","og_locale":"fr_FR","og_type":"article","og_title":"Spinstein Casino Web App | Mobile & Bureau","og_description":"Spinstein Web App \u2013 acc\u00e9dez \u00e0 vos machines \u00e0 sous, jeux de table et casino en direct pr\u00e9f\u00e9r\u00e9s directement depuis n'importe quel navigateur sur mobile ou bureau. Aucun t\u00e9l\u00e9chargement requis, jeu instantan\u00e9 et synchronisation fluide avec Spin Stein.","og_url":"https:\/\/spin-stein-casino.com\/fr\/app\/","og_site_name":"spinstein","article_modified_time":"2026-03-26T10:05:11+00:00","twitter_card":"summary_large_image","twitter_misc":{"Dur\u00e9e de lecture estim\u00e9e":"2 minutes"},"schema":{"@context":"https:\/\/schema.org","@graph":[{"@type":"WebPage","@id":"https:\/\/spin-stein-casino.com\/fr\/app\/","url":"https:\/\/spin-stein-casino.com\/fr\/app\/","name":"Spinstein Casino Web App | Mobile & Bureau","isPartOf":{"@id":"https:\/\/spin-stein-casino.com\/fr\/#website"},"datePublished":"2026-01-20T12:08:23+00:00","dateModified":"2026-03-26T10:05:11+00:00","description":"Spinstein Web App \u2013 acc\u00e9dez \u00e0 vos machines \u00e0 sous, jeux de table et casino en direct pr\u00e9f\u00e9r\u00e9s directement depuis n'importe quel navigateur sur mobile ou bureau. Aucun t\u00e9l\u00e9chargement requis, jeu instantan\u00e9 et synchronisation fluide avec Spin Stein.","breadcrumb":{"@id":"https:\/\/spin-stein-casino.com\/fr\/app\/#breadcrumb"},"inLanguage":"fr-FR","potentialAction":[{"@type":"ReadAction","target":["https:\/\/spin-stein-casino.com\/fr\/app\/"]}]},{"@type":"BreadcrumbList","@id":"https:\/\/spin-stein-casino.com\/fr\/app\/#breadcrumb","itemListElement":[{"@type":"ListItem","position":1,"name":"Spinstein","item":"https:\/\/spin-stein-casino.com\/fr\/"},{"@type":"ListItem","position":2,"name":"App"}]},{"@type":"WebSite","@id":"https:\/\/spin-stein-casino.com\/fr\/#website","url":"https:\/\/spin-stein-casino.com\/fr\/","name":"Spinstein","description":"","publisher":{"@id":"https:\/\/spin-stein-casino.com\/fr\/#organization"},"potentialAction":[{"@type":"SearchAction","target":{"@type":"EntryPoint","urlTemplate":"https:\/\/spin-stein-casino.com\/fr\/?s={search_term_string}"},"query-input":{"@type":"PropertyValueSpecification","valueRequired":true,"valueName":"search_term_string"}}],"inLanguage":"fr-FR"},{"@type":"Organization","@id":"https:\/\/spin-stein-casino.com\/fr\/#organization","name":"Spinstein","url":"https:\/\/spin-stein-casino.com\/fr\/","logo":{"@type":"ImageObject","inLanguage":"fr-FR","@id":"https:\/\/spin-stein-casino.com\/fr\/#\/schema\/logo\/image\/","url":"https:\/\/spin-stein-casino.com\/wp-content\/uploads\/2026\/03\/spinstein-logo.png","contentUrl":"https:\/\/spin-stein-casino.com\/wp-content\/uploads\/2026\/03\/spinstein-logo.png","width":166,"height":40,"caption":"Spinstein"},"image":{"@id":"https:\/\/spin-stein-casino.com\/fr\/#\/schema\/logo\/image\/"}}]}},"_links":{"self":[{"href":"https:\/\/spin-stein-casino.com\/fr\/wp-json\/wp\/v2\/pages\/1440","targetHints":{"allow":["GET"]}}],"collection":[{"href":"https:\/\/spin-stein-casino.com\/fr\/wp-json\/wp\/v2\/pages"}],"about":[{"href":"https:\/\/spin-stein-casino.com\/fr\/wp-json\/wp\/v2\/types\/page"}],"author":[{"embeddable":true,"href":"https:\/\/spin-stein-casino.com\/fr\/wp-json\/wp\/v2\/users\/1"}],"replies":[{"embeddable":true,"href":"https:\/\/spin-stein-casino.com\/fr\/wp-json\/wp\/v2\/comments?post=1440"}],"version-history":[{"count":3,"href":"https:\/\/spin-stein-casino.com\/fr\/wp-json\/wp\/v2\/pages\/1440\/revisions"}],"predecessor-version":[{"id":1957,"href":"https:\/\/spin-stein-casino.com\/fr\/wp-json\/wp\/v2\/pages\/1440\/revisions\/1957"}],"wp:attachment":[{"href":"https:\/\/spin-stein-casino.com\/fr\/wp-json\/wp\/v2\/media?parent=1440"}],"curies":[{"name":"wp","href":"https:\/\/api.w.org\/{rel}","templated":true}]}}