{"id":1487,"date":"2026-01-20T12:11:11","date_gmt":"2026-01-20T12:11:11","guid":{"rendered":"https:\/\/bonuskongcasino.com\/login-and-registration\/"},"modified":"2026-03-26T13:24:43","modified_gmt":"2026-03-26T13:24:43","slug":"inicio-de-sesion-y-registro","status":"publish","type":"page","link":"https:\/\/spin-stein-casino.com\/es\/inicio-de-sesion-y-registro\/","title":{"rendered":"Inicio de sesi\u00f3n y Registro"},"content":{"rendered":"<h1>Inicio de sesi\u00f3n en Spinstein<\/h1>\n<p>Nuestro mejor casino online empieza con el Spinstein login, tras lo cual los usuarios espa\u00f1oles pueden disfrutar de una experiencia de juego fluida. Est\u00e1 disponible para nuestros jugadores e incluye todas las funciones y bonificaciones de la plataforma. Puedes disfrutar de un acceso seguro a todas las funcionalidades, incluyendo el juego con dinero real, bonificaciones y gesti\u00f3n de la cuenta. El inicio de sesi\u00f3n es la puerta de entrada a un c\u00f3modo mundo de casino desde el ordenador o el m\u00f3vil.<\/p>\n<p><div class=\"banner-wrap\" aria-label=\"Banner\"><img src=\"https:\/\/spin-stein-casino.com\/wp-content\/uploads\/Spinstein-banner-carousel-800\u0445400.webp\" class=\"w-100 d-none d-lg-block img-pc main-banner-img\" alt=\"promo desktop\" fetchpriority=\"high\" decoding=\"async\"><img src=\"https:\/\/spin-stein-casino.com\/wp-content\/uploads\/spinstein-banner-mobile.webp\" class=\"w-100 d-none d-md-block d-lg-none main-banner-img\" alt=\"promo mobile\" fetchpriority=\"high\" decoding=\"async\"><img src=\"https:\/\/spin-stein-casino.com\/wp-content\/uploads\/spinstein-banner-mobile.webp\" class=\"w-100 d-md-none\" alt=\"promo mobile\" fetchpriority=\"high\" decoding=\"async\"><div class=\"banner-description\">\n<div class=\"banner-title\">Bonos de bienvenida<\/div>\n<p class=\"banner-header-title\">1500 \u20ac<\/p>\n<div class=\"banner-header-AdditionalText\">+ 250 Tiradas gratis<\/div>\n<button data-item=\"homepage_banner_link\" class=\"goto m-button m-gradient-border m-button--primary m-button--large banner-button btn-orange\">\n            <div class=\"m-button-content\">\n                <span>Reg\u00edstrate ahora<\/span>\n                <span><\/span>\n            <\/div>\n        <\/button>\n<\/div>\n<div class=\"WelcomePack\">\n<p><img loading=\"lazy\" decoding=\"async\" class=\"alignnone size-full wp-image-1857\" src=\"https:\/\/spin-stein-casino.com\/wp-content\/uploads\/2026\/03\/welcome-crown.png\" alt=\"crown\" width=\"25\" height=\"26\" \/><\/p>\n<div class=\"WelcomePack-Info\">Reembolso semanal de hasta el 25 %<\/div>\n<p><img loading=\"lazy\" decoding=\"async\" class=\"alignnone size-full wp-image-1857\" src=\"https:\/\/spin-stein-casino.com\/wp-content\/uploads\/2026\/03\/welcome-crown.png\" alt=\"crown\" width=\"25\" height=\"26\" \/><\/p>\n<\/div>\n<\/div><div class=\"scrollable-content-wrap my-5\"><div class=\"scrollable-content-inner\"><h2>Procedimiento de registro en Spinstein<\/h2>\n<p>Crear una cuenta en Spinstein Casino te ofrece muchas ventajas que mejoran tu experiencia. Un perfil activo te permite acceder a toda la gama de juegos, a ofertas promocionales exclusivas, a m\u00e9todos de pago seguros y a un servicio de atenci\u00f3n al cliente personalizado.<\/p>\n<p>El proceso de creaci\u00f3n de tu perfil solo lleva unos minutos y empieza por proporcionar informaci\u00f3n b\u00e1sica (solo tu direcci\u00f3n de correo electr\u00f3nico y contrase\u00f1a). Una vez registrado, estar\u00e1s listo para disfrutar de una experiencia totalmente personalizada, con la posibilidad de establecer l\u00edmites de dep\u00f3sito y acceder a herramientas de juego responsable.<\/p>\n<p>El registro siempre se realiza a trav\u00e9s de la p\u00e1gina web de Spinstein y sigue unos pasos b\u00e1sicos:<\/p>\n<ol>\n<li>Haz clic en el bot\u00f3n de registro, que aparece claramente en la esquina superior derecha de la p\u00e1gina de inicio.<\/li>\n<li>Utiliza tu direcci\u00f3n de correo electr\u00f3nico v\u00e1lida y crea una contrase\u00f1a segura con may\u00fasculas, min\u00fasculas, n\u00fameros y caracteres especiales.<\/li>\n<li>Introduce un c\u00f3digo promocional para obtener recompensas inmediatas.<\/li>\n<li>Confirma que tienes 18 a\u00f1os o m\u00e1s y acepta los t\u00e9rminos y condiciones de la plataforma.<\/li>\n<li>Haz clic en el bot\u00f3n de activaci\u00f3n y espera a recibir la confirmaci\u00f3n de Spinstein Casino en tu bandeja de entrada.<\/li>\n<\/ol>\n<p>Todo en Spin Stein es f\u00e1cil y sencillo. No hay necesidad de realizar acciones complicadas. El registro tambi\u00e9n permite la verificaci\u00f3n, que es necesaria para la seguridad de la cuenta.<\/p>\n<h2>Procedimiento de inicio de sesi\u00f3n en Spinstein<\/h2>\n<p>Una vez activada tu cuenta, podr\u00e1s empezar a disfrutar de todas las funciones disponibles. El proceso de inicio de sesi\u00f3n en tu perfil de Spinstein Casino es r\u00e1pido y seguro. Una vez completado, tendr\u00e1s acceso al panel de control de tu perfil. Los usuarios pueden gestionar sus cuentas de Spin Stein, depositar y retirar dinero y cambiar la configuraci\u00f3n como deseen.<\/p>\n<p>Para iniciar sesi\u00f3n:<\/p>\n<ol>\n<li>Busca el bot\u00f3n de inicio de sesi\u00f3n en la esquina superior derecha de la p\u00e1gina de inicio de Spinstein Casino.<\/li>\n<li>Introduce tu correo electr\u00f3nico y contrase\u00f1a registrados.<\/li>\n<li>Accede a la cuenta con un solo clic al final del formulario.<\/li>\n<\/ol>\n<p>Al iniciar sesi\u00f3n, los jugadores pueden acceder al panel de control de su perfil para:<\/p>\n<ul>\n<li>Ver un resumen de la actividad anterior y el historial de transacciones.<\/li>\n<li>Ingresar o retirar fondos.<\/li>\n<li>Personalizar las funciones de juego responsable.<\/li>\n<li>Usar funciones de asistencia multiling\u00fce, como el chat en vivo.<\/li>\n<\/ul>\n<p>El panel de control permite a los usuarios actualizar r\u00e1pidamente la informaci\u00f3n de su cuenta. Aqu\u00ed tambi\u00e9n puedes comprobar el estado del proceso de verificaci\u00f3n que se exige a todos los jugadores de Spin Stein.<\/p>\n<p><img loading=\"lazy\" decoding=\"async\" class=\"alignnone size-full wp-image-1934\" src=\"https:\/\/spin-stein-casino.com\/wp-content\/uploads\/Spinstein-Login.webp\" alt=\"Spinstein Login\" width=\"1248\" height=\"536\" srcset=\"https:\/\/spin-stein-casino.com\/wp-content\/uploads\/Spinstein-Login.webp 1248w, https:\/\/spin-stein-casino.com\/wp-content\/uploads\/Spinstein-Login-300x129.webp 300w, https:\/\/spin-stein-casino.com\/wp-content\/uploads\/Spinstein-Login-1024x440.webp 1024w, https:\/\/spin-stein-casino.com\/wp-content\/uploads\/Spinstein-Login-768x330.webp 768w\" sizes=\"auto, (max-width: 1248px) 100vw, 1248px\" \/><\/p>\n<h2>Gesti\u00f3n de sesiones<\/h2>\n<p>Nuestro sistema de gesti\u00f3n de sesiones est\u00e1 dise\u00f1ado para ser seguro y c\u00f3modo para los usuarios de Spinstein Casino. Cada sesi\u00f3n en la plataforma tiene un l\u00edmite de tiempo de 30 a 60 minutos de inactividad. Si est\u00e1s inactivo durante mucho tiempo, la sesi\u00f3n finaliza autom\u00e1ticamente y tendr\u00e1s que volver a iniciar sesi\u00f3n. Esto ayuda a evitar el acceso no autorizado en caso de que te ausentes durante demasiado tiempo.<\/p>\n<p>Para seguir jugando, solo tienes que volver a introducir tus datos de inicio de sesi\u00f3n de Spinstein. Tambi\u00e9n utilizamos la persistencia de sesi\u00f3n en dispositivos de confianza, lo que mejora la experiencia sin dejar de mantener la seguridad.<\/p>\n<p>Para a\u00f1adir m\u00e1s protecci\u00f3n, te recomendamos que actives la autenticaci\u00f3n de dos factores (2FA). Pero ten en cuenta que, si est\u00e1 activada, necesitar\u00e1s tener tu dispositivo espec\u00edfico siempre a mano para la verificaci\u00f3n OTP.<\/p>\n<h2>C\u00f3mo mantener tu cuenta segura<\/h2>\n<p>La seguridad de tu cuenta de Spinstein es una prioridad para nosotros. Utilizamos cifrado AES de 256 bits y 2FA como medidas de seguridad. Para aumentar la seguridad de tu perfil, haz lo siguiente:<\/p>\n<table>\n<tbody>\n<tr>\n<td>Pr\u00e1cticas de seguridad<\/td>\n<td>Por qu\u00e9 es importante<\/td>\n<\/tr>\n<tr>\n<td>Usa una contrase\u00f1a segura y compleja con may\u00fasculas, min\u00fasculas, n\u00fameros y s\u00edmbolos<\/td>\n<td>Evita el acceso no autorizado al hacer que tu contrase\u00f1a sea dif\u00edcil de adivinar o descifrar.<\/td>\n<\/tr>\n<tr>\n<td>Activa la autenticaci\u00f3n de dos factores (2FA)<\/td>\n<td>Utiliza c\u00f3digos OTP a los que solo puedes acceder desde un dispositivo espec\u00edfico.<\/td>\n<\/tr>\n<tr>\n<td>Revisa peri\u00f3dicamente la actividad de tu perfil y las transacciones<\/td>\n<td>Ayuda a detectar cualquier actividad no autorizada o sospechosa a tiempo.<\/td>\n<\/tr>\n<tr>\n<td>Nunca reveles tu informaci\u00f3n de inicio de sesi\u00f3n de Spinstein<\/td>\n<td>Protege tu cuenta contra el acceso no autorizado.<\/td>\n<\/tr>\n<tr>\n<td>Informa de cualquier actividad sospechosa al equipo de asistencia<\/td>\n<td>Garantiza una respuesta r\u00e1pida para proteger tu cuenta y evitar posibles fraudes o ataques de hackers.<\/td>\n<\/tr>\n<\/tbody>\n<\/table>\n<h2>Preguntas frecuentes<\/h2>\n<h3>\u00bfPuedo usar la misma cuenta en varios dispositivos?<\/h3>\n<p>S\u00ed, tu cuenta de Spinstein Casino est\u00e1 disponible en varios dispositivos. No obstante, para garantizar la seguridad, te recomendamos que solo accedas desde smartphones, tabletas o PC de confianza y que utilices la autenticaci\u00f3n de dos factores, que ofrece una protecci\u00f3n adicional. Escr\u00edbenos por el chat en vivo si tienes alg\u00fan problema al acceder a tu perfil desde un dispositivo nuevo.<\/p>\n<h3>\u00bfC\u00f3mo configuro la autenticaci\u00f3n de dos factores?<\/h3>\n<p>Para activar la autenticaci\u00f3n de dos factores, debes iniciar sesi\u00f3n en Spinstein, ir a la configuraci\u00f3n de tu perfil y seguir las instrucciones para a\u00f1adir tus datos a una aplicaci\u00f3n de autenticaci\u00f3n. Esta operaci\u00f3n a\u00f1ade otra medida de seguridad que requiere un c\u00f3digo de uso \u00fanico al iniciar sesi\u00f3n.<\/p>\n<h3>\u00bfPor qu\u00e9 me desconecta autom\u00e1ticamente?<\/h3>\n<p>Para evitar el acceso no autorizado a tu cuenta de Spinstein, se producen cierres de sesi\u00f3n autom\u00e1ticos tras 30 y 60 minutos de inactividad. Solo tienes que volver a iniciar sesi\u00f3n utilizando el formulario de inicio de sesi\u00f3n de Spinstein, y no te preocupes.<\/p>\n<h3>\u00bfQu\u00e9 debo hacer si me sale el error de \u00abcontrase\u00f1a incorrecta\u00bb?<\/h3>\n<p>Aseg\u00farate de introducir las credenciales correctas y de respetar las may\u00fasculas y min\u00fasculas. A veces, ni siquiera nos damos cuenta de que estamos escribiendo en el teclado equivocado. Si el problema persiste, puedes restablecer la contrase\u00f1a para generar una nueva contrase\u00f1a de Spin Stein de forma segura.<\/p>\n<\/div><\/div><\/p>\n","protected":false},"excerpt":{"rendered":"<p>Inicio de sesi\u00f3n en Spinstein Nuestro mejor casino online empieza con el Spinstein login, tras lo cual los usuarios espa\u00f1oles pueden disfrutar de una experiencia de juego fluida. Est\u00e1 disponible para nuestros jugadores e incluye todas las funciones y bonificaciones de la plataforma. Puedes disfrutar de un acceso seguro a todas las funcionalidades, incluyendo el [&hellip;]<\/p>\n","protected":false},"author":1,"featured_media":0,"parent":0,"menu_order":0,"comment_status":"closed","ping_status":"closed","template":"template-builder.php","meta":{"_acf_changed":false,"inline_featured_image":false,"footnotes":""},"class_list":["post-1487","page","type-page","status-publish","hentry"],"acf":[],"yoast_head":"<!-- This site is optimized with the Yoast SEO plugin v27.3 - https:\/\/yoast.com\/product\/yoast-seo-wordpress\/ -->\n<title>Spinstein Casino Login &amp; Registro | Acceso Seguro<\/title>\n<meta name=\"description\" content=\"Spinstein Casino Login \u2013 crea tu cuenta en segundos o inicia sesi\u00f3n con confianza usando encriptaci\u00f3n avanzada. Consulta historial de dep\u00f3sitos, estado de bonos y configuraci\u00f3n personal en un solo lugar en Spin Stein.\" \/>\n<meta name=\"robots\" content=\"index, follow, max-snippet:-1, max-image-preview:large, max-video-preview:-1\" \/>\n<link rel=\"canonical\" href=\"https:\/\/spin-stein-casino.com\/es\/inicio-de-sesion-y-registro\/\" \/>\n<meta property=\"og:locale\" content=\"es_ES\" \/>\n<meta property=\"og:type\" content=\"article\" \/>\n<meta property=\"og:title\" content=\"Spinstein Casino Login &amp; Registro | Acceso Seguro\" \/>\n<meta property=\"og:description\" content=\"Spinstein Casino Login \u2013 crea tu cuenta en segundos o inicia sesi\u00f3n con confianza usando encriptaci\u00f3n avanzada. Consulta historial de dep\u00f3sitos, estado de bonos y configuraci\u00f3n personal en un solo lugar en Spin Stein.\" \/>\n<meta property=\"og:url\" content=\"https:\/\/spin-stein-casino.com\/es\/inicio-de-sesion-y-registro\/\" \/>\n<meta property=\"og:site_name\" content=\"spinstein\" \/>\n<meta property=\"article:modified_time\" content=\"2026-03-26T13:24:43+00:00\" \/>\n<meta name=\"twitter:card\" content=\"summary_large_image\" \/>\n<meta name=\"twitter:label1\" content=\"Est. reading time\" \/>\n\t<meta name=\"twitter:data1\" content=\"1 minute\" \/>\n<script type=\"application\/ld+json\" class=\"yoast-schema-graph\">{\"@context\":\"https:\\\/\\\/schema.org\",\"@graph\":[{\"@type\":\"WebPage\",\"@id\":\"https:\\\/\\\/spin-stein-casino.com\\\/es\\\/inicio-de-sesion-y-registro\\\/\",\"url\":\"https:\\\/\\\/spin-stein-casino.com\\\/es\\\/inicio-de-sesion-y-registro\\\/\",\"name\":\"Spinstein Casino Login & Registro | Acceso Seguro\",\"isPartOf\":{\"@id\":\"https:\\\/\\\/spin-stein-casino.com\\\/es\\\/#website\"},\"datePublished\":\"2026-01-20T12:11:11+00:00\",\"dateModified\":\"2026-03-26T13:24:43+00:00\",\"description\":\"Spinstein Casino Login \u2013 crea tu cuenta en segundos o inicia sesi\u00f3n con confianza usando encriptaci\u00f3n avanzada. Consulta historial de dep\u00f3sitos, estado de bonos y configuraci\u00f3n personal en un solo lugar en Spin Stein.\",\"breadcrumb\":{\"@id\":\"https:\\\/\\\/spin-stein-casino.com\\\/es\\\/inicio-de-sesion-y-registro\\\/#breadcrumb\"},\"inLanguage\":\"es-ES\",\"potentialAction\":[{\"@type\":\"ReadAction\",\"target\":[\"https:\\\/\\\/spin-stein-casino.com\\\/es\\\/inicio-de-sesion-y-registro\\\/\"]}]},{\"@type\":\"BreadcrumbList\",\"@id\":\"https:\\\/\\\/spin-stein-casino.com\\\/es\\\/inicio-de-sesion-y-registro\\\/#breadcrumb\",\"itemListElement\":[{\"@type\":\"ListItem\",\"position\":1,\"name\":\"Spinstein\",\"item\":\"https:\\\/\\\/spin-stein-casino.com\\\/es\\\/\"},{\"@type\":\"ListItem\",\"position\":2,\"name\":\"Inicio de sesi\u00f3n y Registro\"}]},{\"@type\":\"WebSite\",\"@id\":\"https:\\\/\\\/spin-stein-casino.com\\\/es\\\/#website\",\"url\":\"https:\\\/\\\/spin-stein-casino.com\\\/es\\\/\",\"name\":\"Spinstein\",\"description\":\"\",\"publisher\":{\"@id\":\"https:\\\/\\\/spin-stein-casino.com\\\/es\\\/#organization\"},\"potentialAction\":[{\"@type\":\"SearchAction\",\"target\":{\"@type\":\"EntryPoint\",\"urlTemplate\":\"https:\\\/\\\/spin-stein-casino.com\\\/es\\\/?s={search_term_string}\"},\"query-input\":{\"@type\":\"PropertyValueSpecification\",\"valueRequired\":true,\"valueName\":\"search_term_string\"}}],\"inLanguage\":\"es-ES\"},{\"@type\":\"Organization\",\"@id\":\"https:\\\/\\\/spin-stein-casino.com\\\/es\\\/#organization\",\"name\":\"Spinstein\",\"url\":\"https:\\\/\\\/spin-stein-casino.com\\\/es\\\/\",\"logo\":{\"@type\":\"ImageObject\",\"inLanguage\":\"es-ES\",\"@id\":\"https:\\\/\\\/spin-stein-casino.com\\\/es\\\/#\\\/schema\\\/logo\\\/image\\\/\",\"url\":\"https:\\\/\\\/spin-stein-casino.com\\\/wp-content\\\/uploads\\\/2026\\\/03\\\/spinstein-logo.png\",\"contentUrl\":\"https:\\\/\\\/spin-stein-casino.com\\\/wp-content\\\/uploads\\\/2026\\\/03\\\/spinstein-logo.png\",\"width\":166,\"height\":40,\"caption\":\"Spinstein\"},\"image\":{\"@id\":\"https:\\\/\\\/spin-stein-casino.com\\\/es\\\/#\\\/schema\\\/logo\\\/image\\\/\"}}]}<\/script>\n<!-- \/ Yoast SEO plugin. -->","yoast_head_json":{"title":"Spinstein Casino Login & Registro | Acceso Seguro","description":"Spinstein Casino Login \u2013 crea tu cuenta en segundos o inicia sesi\u00f3n con confianza usando encriptaci\u00f3n avanzada. Consulta historial de dep\u00f3sitos, estado de bonos y configuraci\u00f3n personal en un solo lugar en Spin Stein.","robots":{"index":"index","follow":"follow","max-snippet":"max-snippet:-1","max-image-preview":"max-image-preview:large","max-video-preview":"max-video-preview:-1"},"canonical":"https:\/\/spin-stein-casino.com\/es\/inicio-de-sesion-y-registro\/","og_locale":"es_ES","og_type":"article","og_title":"Spinstein Casino Login & Registro | Acceso Seguro","og_description":"Spinstein Casino Login \u2013 crea tu cuenta en segundos o inicia sesi\u00f3n con confianza usando encriptaci\u00f3n avanzada. Consulta historial de dep\u00f3sitos, estado de bonos y configuraci\u00f3n personal en un solo lugar en Spin Stein.","og_url":"https:\/\/spin-stein-casino.com\/es\/inicio-de-sesion-y-registro\/","og_site_name":"spinstein","article_modified_time":"2026-03-26T13:24:43+00:00","twitter_card":"summary_large_image","twitter_misc":{"Est. reading time":"1 minute"},"schema":{"@context":"https:\/\/schema.org","@graph":[{"@type":"WebPage","@id":"https:\/\/spin-stein-casino.com\/es\/inicio-de-sesion-y-registro\/","url":"https:\/\/spin-stein-casino.com\/es\/inicio-de-sesion-y-registro\/","name":"Spinstein Casino Login & Registro | Acceso Seguro","isPartOf":{"@id":"https:\/\/spin-stein-casino.com\/es\/#website"},"datePublished":"2026-01-20T12:11:11+00:00","dateModified":"2026-03-26T13:24:43+00:00","description":"Spinstein Casino Login \u2013 crea tu cuenta en segundos o inicia sesi\u00f3n con confianza usando encriptaci\u00f3n avanzada. Consulta historial de dep\u00f3sitos, estado de bonos y configuraci\u00f3n personal en un solo lugar en Spin Stein.","breadcrumb":{"@id":"https:\/\/spin-stein-casino.com\/es\/inicio-de-sesion-y-registro\/#breadcrumb"},"inLanguage":"es-ES","potentialAction":[{"@type":"ReadAction","target":["https:\/\/spin-stein-casino.com\/es\/inicio-de-sesion-y-registro\/"]}]},{"@type":"BreadcrumbList","@id":"https:\/\/spin-stein-casino.com\/es\/inicio-de-sesion-y-registro\/#breadcrumb","itemListElement":[{"@type":"ListItem","position":1,"name":"Spinstein","item":"https:\/\/spin-stein-casino.com\/es\/"},{"@type":"ListItem","position":2,"name":"Inicio de sesi\u00f3n y Registro"}]},{"@type":"WebSite","@id":"https:\/\/spin-stein-casino.com\/es\/#website","url":"https:\/\/spin-stein-casino.com\/es\/","name":"Spinstein","description":"","publisher":{"@id":"https:\/\/spin-stein-casino.com\/es\/#organization"},"potentialAction":[{"@type":"SearchAction","target":{"@type":"EntryPoint","urlTemplate":"https:\/\/spin-stein-casino.com\/es\/?s={search_term_string}"},"query-input":{"@type":"PropertyValueSpecification","valueRequired":true,"valueName":"search_term_string"}}],"inLanguage":"es-ES"},{"@type":"Organization","@id":"https:\/\/spin-stein-casino.com\/es\/#organization","name":"Spinstein","url":"https:\/\/spin-stein-casino.com\/es\/","logo":{"@type":"ImageObject","inLanguage":"es-ES","@id":"https:\/\/spin-stein-casino.com\/es\/#\/schema\/logo\/image\/","url":"https:\/\/spin-stein-casino.com\/wp-content\/uploads\/2026\/03\/spinstein-logo.png","contentUrl":"https:\/\/spin-stein-casino.com\/wp-content\/uploads\/2026\/03\/spinstein-logo.png","width":166,"height":40,"caption":"Spinstein"},"image":{"@id":"https:\/\/spin-stein-casino.com\/es\/#\/schema\/logo\/image\/"}}]}},"_links":{"self":[{"href":"https:\/\/spin-stein-casino.com\/es\/wp-json\/wp\/v2\/pages\/1487","targetHints":{"allow":["GET"]}}],"collection":[{"href":"https:\/\/spin-stein-casino.com\/es\/wp-json\/wp\/v2\/pages"}],"about":[{"href":"https:\/\/spin-stein-casino.com\/es\/wp-json\/wp\/v2\/types\/page"}],"author":[{"embeddable":true,"href":"https:\/\/spin-stein-casino.com\/es\/wp-json\/wp\/v2\/users\/1"}],"replies":[{"embeddable":true,"href":"https:\/\/spin-stein-casino.com\/es\/wp-json\/wp\/v2\/comments?post=1487"}],"version-history":[{"count":3,"href":"https:\/\/spin-stein-casino.com\/es\/wp-json\/wp\/v2\/pages\/1487\/revisions"}],"predecessor-version":[{"id":1999,"href":"https:\/\/spin-stein-casino.com\/es\/wp-json\/wp\/v2\/pages\/1487\/revisions\/1999"}],"wp:attachment":[{"href":"https:\/\/spin-stein-casino.com\/es\/wp-json\/wp\/v2\/media?parent=1487"}],"curies":[{"name":"wp","href":"https:\/\/api.w.org\/{rel}","templated":true}]}}