{"id":1449,"date":"2026-01-20T12:08:23","date_gmt":"2026-01-20T12:08:23","guid":{"rendered":"https:\/\/bonuskongcasino.com\/app-2\/"},"modified":"2026-03-26T13:23:20","modified_gmt":"2026-03-26T13:23:20","slug":"aplicacion","status":"publish","type":"page","link":"https:\/\/spin-stein-casino.com\/es\/aplicacion\/","title":{"rendered":"Aplicaci\u00f3n"},"content":{"rendered":"<h1>Aplicaci\u00f3n de Spinstein: juegos de casino para m\u00f3vil<\/h1>\n<p>Spinstein app revoluciona la forma en que los aficionados a los juegos m\u00f3viles ven los casinos online. La hemos dise\u00f1ado para ofrecer un rendimiento digital perfecto. Nuestra PWA ofrece una experiencia fluida e intuitiva, adaptada a todos los dispositivos m\u00f3viles. Puedes participar en juegos con crupier en vivo o gestionar tu cuenta sin esfuerzo, y nuestra app te ofrece todas estas funciones esenciales en un paquete compacto y f\u00e1cil de usar. Somos la opci\u00f3n preferida de los jugadores espa\u00f1oles para disfrutar de una experiencia de juego inmersiva y de confianza desde cualquier lugar.<\/p>\n<div class=\"banner-wrap\" aria-label=\"Banner\"><img src=\"https:\/\/spin-stein-casino.com\/wp-content\/uploads\/Spinstein-banner-carousel-800\u0445400.webp\" class=\"w-100 d-none d-lg-block img-pc main-banner-img\" alt=\"promo desktop\" fetchpriority=\"high\" decoding=\"async\"><img src=\"https:\/\/spin-stein-casino.com\/wp-content\/uploads\/spinstein-banner-mobile.webp\" class=\"w-100 d-none d-md-block d-lg-none main-banner-img\" alt=\"promo mobile\" fetchpriority=\"high\" decoding=\"async\"><img src=\"https:\/\/spin-stein-casino.com\/wp-content\/uploads\/spinstein-banner-mobile.webp\" class=\"w-100 d-md-none\" alt=\"promo mobile\" fetchpriority=\"high\" decoding=\"async\"><div class=\"banner-description\">\n<div class=\"banner-title\">Bonos de bienvenida<\/div>\n<p class=\"banner-header-title\">1500 \u20ac<\/p>\n<div class=\"banner-header-AdditionalText\">+ 250 Tiradas gratis<\/div>\n<button data-item=\"homepage_banner_link\" class=\"goto m-button m-gradient-border m-button--primary m-button--large banner-button btn-orange\">\n            <div class=\"m-button-content\">\n                <span>Reg\u00edstrate ahora<\/span>\n                <span><\/span>\n            <\/div>\n        <\/button>\n<\/div>\n<div class=\"WelcomePack\">\n<p><img loading=\"lazy\" decoding=\"async\" class=\"alignnone size-full wp-image-1857\" src=\"https:\/\/spin-stein-casino.com\/wp-content\/uploads\/2026\/03\/welcome-crown.png\" alt=\"crown\" width=\"25\" height=\"26\" \/><\/p>\n<div class=\"WelcomePack-Info\">Reembolso semanal de hasta el 25 %<\/div>\n<p><img loading=\"lazy\" decoding=\"async\" class=\"alignnone size-full wp-image-1857\" src=\"https:\/\/spin-stein-casino.com\/wp-content\/uploads\/2026\/03\/welcome-crown.png\" alt=\"crown\" width=\"25\" height=\"26\" \/><\/p>\n<\/div>\n<\/div>\n<h2>Caracter\u00edsticas de la app de Spinstein<\/h2>\n<p>Nuestra aplicaci\u00f3n ofrece una amplia gama de ventajas en comparaci\u00f3n con jugar en un ordenador o un navegador. Su interfaz optimizada tambi\u00e9n garantiza que se cargue r\u00e1pidamente, incluso con una conexi\u00f3n deficiente, sin que ello afecte a los gr\u00e1ficos ni a su fluidez. La aplicaci\u00f3n de Spinstein Casino tiene una arquitectura ligera y, por lo tanto, requiere poco espacio de almacenamiento y actualizaciones autom\u00e1ticas para mantener la experiencia al d\u00eda sin interrumpir el flujo.<\/p>\n<p>Las caracter\u00edsticas m\u00e1s destacadas de la app de Spinstein son las siguientes:<\/p>\n<ul>\n<li>Acceso ilimitado a una selecci\u00f3n completa de tragamonedas online, juegos de mesa y opciones con crupier en vivo.<\/li>\n<li>F\u00e1cil gesti\u00f3n de las cuentas, como realizar dep\u00f3sitos, retirar dinero y el proceso de verificaci\u00f3n (KYC).<\/li>\n<li>Medidas de seguridad mejoradas, como el cifrado (TLS 1.3), cortafuegos WAF e inicios de sesi\u00f3n seguros.<\/li>\n<li>Notificaciones push de promociones, juegos y cuentas.<\/li>\n<li>Posibilidad de ajustar el panel de control a la configuraci\u00f3n de tu dispositivo.<\/li>\n<li>El proceso de instalaci\u00f3n es r\u00e1pido y se puede realizar sin salir de la p\u00e1gina web oficial de Spinstein Casino. No se necesitan tiendas de aplicaciones de terceros.<\/li>\n<\/ul>\n<p>Comparemos las ventajas y desventajas de la versi\u00f3n m\u00f3vil para entender mejor si vale la pena.<\/p>\n<table>\n<tbody>\n<tr>\n<td>Ventajas<\/td>\n<td>Limitaciones<\/td>\n<\/tr>\n<tr>\n<td>Acceso instant\u00e1neo al casino y a los juegos sin necesidad de instalaci\u00f3n<\/td>\n<td>Puede que necesites un poco de espacio de almacenamiento para un rendimiento \u00f3ptimo<\/td>\n<\/tr>\n<tr>\n<td>Alertas en tiempo real sobre ofertas promocionales, bonos y notificaciones importantes<\/td>\n<td>Restricciones para jugadores de determinadas regiones geogr\u00e1ficas<\/td>\n<\/tr>\n<tr>\n<td>Interfaz de usuario intuitiva con navegaci\u00f3n fluida y dise\u00f1o adaptable<\/td>\n<td>Pueden surgir problemas de compatibilidad si tu dispositivo es antiguo<\/td>\n<\/tr>\n<tr>\n<td>Jugabilidad r\u00e1pida y fluida con tiempos de carga m\u00ednimos<\/td>\n<td><\/td>\n<\/tr>\n<\/tbody>\n<\/table>\n<p>Todo esto se combina para crear una experiencia de juego inmersiva que compite con la versi\u00f3n de escritorio y la comodidad del acceso m\u00f3vil.<\/p>\n<p><div class=\"scrollable-content-wrap my-5\"><div class=\"scrollable-content-inner\"><h2>App de Spinstein para Android<\/h2>\n<p>Los usuarios de Android tienen acceso a todas las funciones de Spinstein Casino con la oferta especial sin el riesgo de descargar un APK. La aplicaci\u00f3n es simplemente una PWA, por lo que nunca tendr\u00e1s problemas con nuestro sencillo procedimiento de instalaci\u00f3n, que solo lleva unos minutos.<\/p>\n<ol>\n<li>Solo tienes que desplazarte hacia abajo en la p\u00e1gina de Spin Stein Casino y hacer clic en el bot\u00f3n \u00abCasino App\u00bb.<\/li>\n<li>Contin\u00faa con el bot\u00f3n \u00abInstalar\u00bb.<\/li>\n<li>Confirma la instalaci\u00f3n cuando aparezca el banner.<\/li>\n<li>Elige la opci\u00f3n \u00abA\u00f1adir a la pantalla de inicio\u00bb.<\/li>\n<\/ol>\n<p>El icono de la app de Spinstein aparecer\u00e1 en la pantalla de inicio una vez finalizada la instalaci\u00f3n. Ahora tienes todos los juegos con acceso directo y r\u00e1pido. La app solo te pedir\u00e1 que le concedas permisos esenciales, normalmente conexi\u00f3n a Internet para jugar y recibir notificaciones, lo cual tiene poco o ning\u00fan impacto en la seguridad y el rendimiento de tu dispositivo.<\/p>\n<p>Nuestra app es compatible con todas las principales versiones de Android. Los requisitos de hardware garantizan una experiencia de juego impecable, independientemente de la antig\u00fcedad o la marca del dispositivo. Una vez que hayas iniciado sesi\u00f3n, podr\u00e1s gestionar eficazmente las tragaperras online, los juegos con crupier en vivo y los juegos de mesa, y cuenta con controles t\u00e1ctiles que se adaptan perfectamente al juego en el m\u00f3vil.<\/p>\n<p><img loading=\"lazy\" decoding=\"async\" class=\"alignnone size-full wp-image-1908\" src=\"https:\/\/spin-stein-casino.com\/wp-content\/uploads\/Spinstein-Android-App.webp\" alt=\"Spinstein Android App\" width=\"1248\" height=\"536\" srcset=\"https:\/\/spin-stein-casino.com\/wp-content\/uploads\/Spinstein-Android-App.webp 1248w, https:\/\/spin-stein-casino.com\/wp-content\/uploads\/Spinstein-Android-App-300x129.webp 300w, https:\/\/spin-stein-casino.com\/wp-content\/uploads\/Spinstein-Android-App-1024x440.webp 1024w, https:\/\/spin-stein-casino.com\/wp-content\/uploads\/Spinstein-Android-App-768x330.webp 768w\" sizes=\"auto, (max-width: 1248px) 100vw, 1248px\" \/><\/p>\n<\/div><\/div><div style=\"clear: both\"><\/div><div class=\"d-flex justify-content-center\"><button data-item=\"decouvrez_link\" data-group=\"website_links\" class=\"goto fw-bold rounded-pill btn btn-orange\" aria-label=\"Descarga la aplicaci\u00f3n Spinstein\" >Descarga la aplicaci\u00f3n Spinstein<\/button><\/div><div class=\"scrollable-content-wrap my-5\"><div class=\"scrollable-content-inner\"><h2>App de Spinstein para iOS<\/h2>\n<p>Si tienes alguno de los siguientes productos de Apple \u2014iPhone, iPad\u2014, \u00a1la instalaci\u00f3n de nuestra app Spinstein te resultar\u00e1 a\u00fan m\u00e1s f\u00e1cil! Spinstein ofrece una experiencia igual de refinada para los usuarios de iPhone y iPad. Es f\u00e1cil de instalar y no hace falta usar la App Store, ya que funciona como un icono de acceso directo PWA y te ofrece la funcionalidad de una aplicaci\u00f3n nativa, a la que se puede acceder desde el navegador.<\/p>\n<p>La aplicaci\u00f3n Spin Stein se instala en un iPad de la siguiente manera:<\/p>\n<ol>\n<li>Navegando hasta la parte inferior de la p\u00e1gina de Spin Stein Casino.<\/li>\n<li>Haz clic en el men\u00fa de los tres puntos en la barra de direcciones del navegador.<\/li>\n<li>Tocando el men\u00fa \u00abA\u00f1adir a la pantalla de inicio\u00bb.<\/li>\n<li>A\u00f1adiendo la URL de nuestro casino.<\/li>\n<li>Confirmando la instalaci\u00f3n.<\/li>\n<\/ol>\n<p>Enhorabuena por tener la app de Spinstein en tu dispositivo. Puedes usarla tanto en las pantallas peque\u00f1as de los iPhones como en las m\u00e1s grandes de los iPads. Cuenta con una interfaz autom\u00e1tica y adaptable que ofrece una visualizaci\u00f3n muy atractiva para todos los usuarios.<\/p>\n<p><img loading=\"lazy\" decoding=\"async\" class=\"alignnone size-full wp-image-1916\" src=\"https:\/\/spin-stein-casino.com\/wp-content\/uploads\/Spinstein-iOS-App.webp\" alt=\"Spinstein iOS App\" width=\"1248\" height=\"536\" srcset=\"https:\/\/spin-stein-casino.com\/wp-content\/uploads\/Spinstein-iOS-App.webp 1248w, https:\/\/spin-stein-casino.com\/wp-content\/uploads\/Spinstein-iOS-App-300x129.webp 300w, https:\/\/spin-stein-casino.com\/wp-content\/uploads\/Spinstein-iOS-App-1024x440.webp 1024w, https:\/\/spin-stein-casino.com\/wp-content\/uploads\/Spinstein-iOS-App-768x330.webp 768w\" sizes=\"auto, (max-width: 1248px) 100vw, 1248px\" \/><\/p>\n<\/div><\/div><div style=\"clear: both\"><\/div><div class=\"d-flex justify-content-center\"><button data-item=\"decouvrez_link\" data-group=\"website_links\" class=\"goto fw-bold rounded-pill btn btn-orange\" aria-label=\"Descargar Spinstein\" >Descargar Spinstein<\/button><\/div><div class=\"scrollable-content-wrap my-5\"><div class=\"scrollable-content-inner\"><h2>Compatibilidad con dispositivos<\/h2>\n<p>La aplicaci\u00f3n m\u00f3vil de Spinstein Casino es ampliamente compatible. Se ajusta autom\u00e1ticamente al tama\u00f1o y la resoluci\u00f3n del dispositivo, garantizando la m\u00e1xima experiencia de juego y facilidad de uso. La app es compatible con:<\/p>\n<ul>\n<li>Smartphones de alto rendimiento que son muy r\u00e1pidos de acceder y f\u00e1ciles de usar.<\/li>\n<li>Las tabletas ofrecen una pantalla m\u00e1s grande para ver el juego con todo detalle.<\/li>\n<li>Ordenadores de sobremesa y port\u00e1tiles que ofrecen una experiencia similar a la de otros dispositivos, pero con pantallas m\u00e1s grandes.<\/li>\n<\/ul>\n<p>Los usuarios disfrutan de una experiencia de juego r\u00e1pida y fluida, con muy poco retraso, tanto si usan un tel\u00e9fono de gama media como una tableta de gama alta. Esperamos que disfrutes de nuestra versi\u00f3n m\u00f3vil del casino. La arquitectura de la app reduce el consumo de bater\u00eda y de datos, lo que la hace ideal para largas sesiones de juego sobre la marcha.<\/p>\n<h2>Versi\u00f3n de escritorio de Spin Stein Casino<\/h2>\n<p>Aunque los juegos m\u00f3viles est\u00e1n pensados para jugadores que se desplazan, la versi\u00f3n de escritorio de Spin Stein Casino es una caracter\u00edstica imprescindible para los jugadores con pantallas grandes o que prefieren un dise\u00f1o cl\u00e1sico. La versi\u00f3n de escritorio funciona perfectamente en Windows y macOS con una configuraci\u00f3n de seguridad s\u00f3lida para proteger la informaci\u00f3n de nuestros usuarios y garantizar el juego limpio.<\/p>\n<p>Para visitar Spin Stein Casino en un ordenador:<\/p>\n<ol>\n<li>Haz un solo clic con la ayuda de un acceso directo o utilizando un navegador.<\/li>\n<li>Inicia sesi\u00f3n en nuestro sistema con tu correo electr\u00f3nico y contrase\u00f1a.<\/li>\n<li>Disfruta de los juegos en tu p\u00e1gina principal o navega por tu panel de control.<\/li>\n<\/ol>\n<p>El dise\u00f1o de escritorio permite ver con m\u00e1s detalle nuestro cat\u00e1logo de Spinstein, especialmente en las mesas con crupier en vivo, donde la claridad es importante para disfrutar de la experiencia. La pantalla m\u00e1s grande tambi\u00e9n facilita la navegaci\u00f3n por la configuraci\u00f3n de la cuenta, las promociones y los tipos de juegos.<\/p>\n<p>La versi\u00f3n de ordenador es compatible con todos los dispositivos. Podr\u00e1s ver igualmente los detalles de tu cuenta, el saldo y el historial de actividad sincronizados autom\u00e1ticamente. Esta uniformidad garantiza una experiencia de juego consistente tanto en ordenador como en m\u00f3vil.<\/p>\n<p><img loading=\"lazy\" decoding=\"async\" class=\"alignnone size-full wp-image-1924\" src=\"https:\/\/spin-stein-casino.com\/wp-content\/uploads\/Spinstein-Desktop.webp\" alt=\"Spinstein Desktop\" width=\"1248\" height=\"536\" srcset=\"https:\/\/spin-stein-casino.com\/wp-content\/uploads\/Spinstein-Desktop.webp 1248w, https:\/\/spin-stein-casino.com\/wp-content\/uploads\/Spinstein-Desktop-300x129.webp 300w, https:\/\/spin-stein-casino.com\/wp-content\/uploads\/Spinstein-Desktop-1024x440.webp 1024w, https:\/\/spin-stein-casino.com\/wp-content\/uploads\/Spinstein-Desktop-768x330.webp 768w\" sizes=\"auto, (max-width: 1248px) 100vw, 1248px\" \/><\/p>\n<\/div><\/div><div style=\"clear: both\"><\/div><div class=\"d-flex justify-content-center\"><button data-item=\"decouvrez_link\" data-group=\"website_links\" class=\"goto fw-bold rounded-pill btn btn-orange\" aria-label=\"Descarga la aplicaci\u00f3n Spinstein\" >Descarga la aplicaci\u00f3n Spinstein<\/button><\/div><div class=\"scrollable-content-wrap my-5\"><div class=\"scrollable-content-inner\"><h2>\u00bfPor qu\u00e9 jugar en el m\u00f3vil?<\/h2>\n<p>Como ya sabes, usar la versi\u00f3n m\u00f3vil de Spin Stein Casino es incre\u00edblemente c\u00f3modo y flexible. Nuestra genial app permite a los jugadores disfrutar de sus t\u00edtulos favoritos mientras se toman un descanso, van al trabajo o se relajan en casa. El acceso al casino en cualquier momento implica que no hay que esperar ni registrarse en varias plataformas.<\/p>\n<p>El juego m\u00f3vil se centra en las interacciones t\u00e1ctiles, que ofrecen un acceso r\u00e1pido y f\u00e1cil a los juegos y a las funciones de gesti\u00f3n de la cuenta. La capacidad de respuesta de la aplicaci\u00f3n te ayuda a evitar dificultades incluso en un dispositivo con especificaciones relativamente bajas.<\/p>\n<h2>Preguntas frecuentes<\/h2>\n<h3>\u00bfPuedo cambiar entre el modo claro y el modo oscuro en la app?<\/h3>\n<p>La aplicaci\u00f3n de Spinstein tiene temas claros y oscuros para que todos pod\u00e1is personalizar la experiencia visual a vuestro gusto. Esta es una funci\u00f3n que se puede activar en el men\u00fa de ajustes de la aplicaci\u00f3n.<\/p>\n<h3>\u00bfTengo que descargar algo de la App Store?<\/h3>\n<p>Nuestra app es una PWA, y solo tienes que hacer clic en el bot\u00f3n de instalaci\u00f3n llamado \u00abApp del casino\u00bb o pedirle a un miembro de nuestro equipo de atenci\u00f3n al cliente que te gu\u00ede por el proceso si te pierdes. Para eso, solo tienes que hacer clic en el bot\u00f3n de chat en vivo. No hace falta instalar nada de fuentes desconocidas.<\/p>\n<h3>\u00bfCu\u00e1les son los requisitos del sistema para la app m\u00f3vil?<\/h3>\n<p>La app de Spinstein es compatible con Android 8.0 y superior, as\u00ed como con iOS 12.0 y superior. Puedes jugar (t\u00e9cnicamente) en dispositivos muy antiguos, pero no podemos garantizar el mejor rendimiento. Es compatible con dispositivos de gama media y alta, y su rendimiento mejora con el hardware m\u00e1s reciente.<\/p>\n<\/div><\/div><\/p>\n","protected":false},"excerpt":{"rendered":"<p>Aplicaci\u00f3n de Spinstein: juegos de casino para m\u00f3vil Spinstein app revoluciona la forma en que los aficionados a los juegos m\u00f3viles ven los casinos online. La hemos dise\u00f1ado para ofrecer un rendimiento digital perfecto. Nuestra PWA ofrece una experiencia fluida e intuitiva, adaptada a todos los dispositivos m\u00f3viles. Puedes participar en juegos con crupier en [&hellip;]<\/p>\n","protected":false},"author":1,"featured_media":0,"parent":0,"menu_order":0,"comment_status":"closed","ping_status":"closed","template":"template-builder.php","meta":{"_acf_changed":false,"inline_featured_image":false,"footnotes":""},"class_list":["post-1449","page","type-page","status-publish","hentry"],"acf":[],"yoast_head":"<!-- This site is optimized with the Yoast SEO plugin v27.3 - https:\/\/yoast.com\/product\/yoast-seo-wordpress\/ -->\n<title>Spinstein Casino Web App | M\u00f3vil &amp; Escritorio<\/title>\n<meta name=\"description\" content=\"Spinstein Web App \u2013 accede a tus tragamonedas, juegos de mesa y casino en vivo favoritos directamente desde cualquier navegador en m\u00f3vil o escritorio. Sin descarga necesaria, juego instant\u00e1neo y sincronizaci\u00f3n perfecta con Spin Stein.\" \/>\n<meta name=\"robots\" content=\"index, follow, max-snippet:-1, max-image-preview:large, max-video-preview:-1\" \/>\n<link rel=\"canonical\" href=\"https:\/\/spin-stein-casino.com\/es\/aplicacion\/\" \/>\n<meta property=\"og:locale\" content=\"es_ES\" \/>\n<meta property=\"og:type\" content=\"article\" \/>\n<meta property=\"og:title\" content=\"Spinstein Casino Web App | M\u00f3vil &amp; Escritorio\" \/>\n<meta property=\"og:description\" content=\"Spinstein Web App \u2013 accede a tus tragamonedas, juegos de mesa y casino en vivo favoritos directamente desde cualquier navegador en m\u00f3vil o escritorio. Sin descarga necesaria, juego instant\u00e1neo y sincronizaci\u00f3n perfecta con Spin Stein.\" \/>\n<meta property=\"og:url\" content=\"https:\/\/spin-stein-casino.com\/es\/aplicacion\/\" \/>\n<meta property=\"og:site_name\" content=\"spinstein\" \/>\n<meta property=\"article:modified_time\" content=\"2026-03-26T13:23:20+00:00\" \/>\n<meta name=\"twitter:card\" content=\"summary_large_image\" \/>\n<meta name=\"twitter:label1\" content=\"Est. reading time\" \/>\n\t<meta name=\"twitter:data1\" content=\"2 minutes\" \/>\n<script type=\"application\/ld+json\" class=\"yoast-schema-graph\">{\"@context\":\"https:\\\/\\\/schema.org\",\"@graph\":[{\"@type\":\"WebPage\",\"@id\":\"https:\\\/\\\/spin-stein-casino.com\\\/es\\\/aplicacion\\\/\",\"url\":\"https:\\\/\\\/spin-stein-casino.com\\\/es\\\/aplicacion\\\/\",\"name\":\"Spinstein Casino Web App | M\u00f3vil & Escritorio\",\"isPartOf\":{\"@id\":\"https:\\\/\\\/spin-stein-casino.com\\\/es\\\/#website\"},\"datePublished\":\"2026-01-20T12:08:23+00:00\",\"dateModified\":\"2026-03-26T13:23:20+00:00\",\"description\":\"Spinstein Web App \u2013 accede a tus tragamonedas, juegos de mesa y casino en vivo favoritos directamente desde cualquier navegador en m\u00f3vil o escritorio. Sin descarga necesaria, juego instant\u00e1neo y sincronizaci\u00f3n perfecta con Spin Stein.\",\"breadcrumb\":{\"@id\":\"https:\\\/\\\/spin-stein-casino.com\\\/es\\\/aplicacion\\\/#breadcrumb\"},\"inLanguage\":\"es-ES\",\"potentialAction\":[{\"@type\":\"ReadAction\",\"target\":[\"https:\\\/\\\/spin-stein-casino.com\\\/es\\\/aplicacion\\\/\"]}]},{\"@type\":\"BreadcrumbList\",\"@id\":\"https:\\\/\\\/spin-stein-casino.com\\\/es\\\/aplicacion\\\/#breadcrumb\",\"itemListElement\":[{\"@type\":\"ListItem\",\"position\":1,\"name\":\"Spinstein\",\"item\":\"https:\\\/\\\/spin-stein-casino.com\\\/es\\\/\"},{\"@type\":\"ListItem\",\"position\":2,\"name\":\"Aplicaci\u00f3n\"}]},{\"@type\":\"WebSite\",\"@id\":\"https:\\\/\\\/spin-stein-casino.com\\\/es\\\/#website\",\"url\":\"https:\\\/\\\/spin-stein-casino.com\\\/es\\\/\",\"name\":\"Spinstein\",\"description\":\"\",\"publisher\":{\"@id\":\"https:\\\/\\\/spin-stein-casino.com\\\/es\\\/#organization\"},\"potentialAction\":[{\"@type\":\"SearchAction\",\"target\":{\"@type\":\"EntryPoint\",\"urlTemplate\":\"https:\\\/\\\/spin-stein-casino.com\\\/es\\\/?s={search_term_string}\"},\"query-input\":{\"@type\":\"PropertyValueSpecification\",\"valueRequired\":true,\"valueName\":\"search_term_string\"}}],\"inLanguage\":\"es-ES\"},{\"@type\":\"Organization\",\"@id\":\"https:\\\/\\\/spin-stein-casino.com\\\/es\\\/#organization\",\"name\":\"Spinstein\",\"url\":\"https:\\\/\\\/spin-stein-casino.com\\\/es\\\/\",\"logo\":{\"@type\":\"ImageObject\",\"inLanguage\":\"es-ES\",\"@id\":\"https:\\\/\\\/spin-stein-casino.com\\\/es\\\/#\\\/schema\\\/logo\\\/image\\\/\",\"url\":\"https:\\\/\\\/spin-stein-casino.com\\\/wp-content\\\/uploads\\\/2026\\\/03\\\/spinstein-logo.png\",\"contentUrl\":\"https:\\\/\\\/spin-stein-casino.com\\\/wp-content\\\/uploads\\\/2026\\\/03\\\/spinstein-logo.png\",\"width\":166,\"height\":40,\"caption\":\"Spinstein\"},\"image\":{\"@id\":\"https:\\\/\\\/spin-stein-casino.com\\\/es\\\/#\\\/schema\\\/logo\\\/image\\\/\"}}]}<\/script>\n<!-- \/ Yoast SEO plugin. -->","yoast_head_json":{"title":"Spinstein Casino Web App | M\u00f3vil & Escritorio","description":"Spinstein Web App \u2013 accede a tus tragamonedas, juegos de mesa y casino en vivo favoritos directamente desde cualquier navegador en m\u00f3vil o escritorio. Sin descarga necesaria, juego instant\u00e1neo y sincronizaci\u00f3n perfecta con Spin Stein.","robots":{"index":"index","follow":"follow","max-snippet":"max-snippet:-1","max-image-preview":"max-image-preview:large","max-video-preview":"max-video-preview:-1"},"canonical":"https:\/\/spin-stein-casino.com\/es\/aplicacion\/","og_locale":"es_ES","og_type":"article","og_title":"Spinstein Casino Web App | M\u00f3vil & Escritorio","og_description":"Spinstein Web App \u2013 accede a tus tragamonedas, juegos de mesa y casino en vivo favoritos directamente desde cualquier navegador en m\u00f3vil o escritorio. Sin descarga necesaria, juego instant\u00e1neo y sincronizaci\u00f3n perfecta con Spin Stein.","og_url":"https:\/\/spin-stein-casino.com\/es\/aplicacion\/","og_site_name":"spinstein","article_modified_time":"2026-03-26T13:23:20+00:00","twitter_card":"summary_large_image","twitter_misc":{"Est. reading time":"2 minutes"},"schema":{"@context":"https:\/\/schema.org","@graph":[{"@type":"WebPage","@id":"https:\/\/spin-stein-casino.com\/es\/aplicacion\/","url":"https:\/\/spin-stein-casino.com\/es\/aplicacion\/","name":"Spinstein Casino Web App | M\u00f3vil & Escritorio","isPartOf":{"@id":"https:\/\/spin-stein-casino.com\/es\/#website"},"datePublished":"2026-01-20T12:08:23+00:00","dateModified":"2026-03-26T13:23:20+00:00","description":"Spinstein Web App \u2013 accede a tus tragamonedas, juegos de mesa y casino en vivo favoritos directamente desde cualquier navegador en m\u00f3vil o escritorio. Sin descarga necesaria, juego instant\u00e1neo y sincronizaci\u00f3n perfecta con Spin Stein.","breadcrumb":{"@id":"https:\/\/spin-stein-casino.com\/es\/aplicacion\/#breadcrumb"},"inLanguage":"es-ES","potentialAction":[{"@type":"ReadAction","target":["https:\/\/spin-stein-casino.com\/es\/aplicacion\/"]}]},{"@type":"BreadcrumbList","@id":"https:\/\/spin-stein-casino.com\/es\/aplicacion\/#breadcrumb","itemListElement":[{"@type":"ListItem","position":1,"name":"Spinstein","item":"https:\/\/spin-stein-casino.com\/es\/"},{"@type":"ListItem","position":2,"name":"Aplicaci\u00f3n"}]},{"@type":"WebSite","@id":"https:\/\/spin-stein-casino.com\/es\/#website","url":"https:\/\/spin-stein-casino.com\/es\/","name":"Spinstein","description":"","publisher":{"@id":"https:\/\/spin-stein-casino.com\/es\/#organization"},"potentialAction":[{"@type":"SearchAction","target":{"@type":"EntryPoint","urlTemplate":"https:\/\/spin-stein-casino.com\/es\/?s={search_term_string}"},"query-input":{"@type":"PropertyValueSpecification","valueRequired":true,"valueName":"search_term_string"}}],"inLanguage":"es-ES"},{"@type":"Organization","@id":"https:\/\/spin-stein-casino.com\/es\/#organization","name":"Spinstein","url":"https:\/\/spin-stein-casino.com\/es\/","logo":{"@type":"ImageObject","inLanguage":"es-ES","@id":"https:\/\/spin-stein-casino.com\/es\/#\/schema\/logo\/image\/","url":"https:\/\/spin-stein-casino.com\/wp-content\/uploads\/2026\/03\/spinstein-logo.png","contentUrl":"https:\/\/spin-stein-casino.com\/wp-content\/uploads\/2026\/03\/spinstein-logo.png","width":166,"height":40,"caption":"Spinstein"},"image":{"@id":"https:\/\/spin-stein-casino.com\/es\/#\/schema\/logo\/image\/"}}]}},"_links":{"self":[{"href":"https:\/\/spin-stein-casino.com\/es\/wp-json\/wp\/v2\/pages\/1449","targetHints":{"allow":["GET"]}}],"collection":[{"href":"https:\/\/spin-stein-casino.com\/es\/wp-json\/wp\/v2\/pages"}],"about":[{"href":"https:\/\/spin-stein-casino.com\/es\/wp-json\/wp\/v2\/types\/page"}],"author":[{"embeddable":true,"href":"https:\/\/spin-stein-casino.com\/es\/wp-json\/wp\/v2\/users\/1"}],"replies":[{"embeddable":true,"href":"https:\/\/spin-stein-casino.com\/es\/wp-json\/wp\/v2\/comments?post=1449"}],"version-history":[{"count":3,"href":"https:\/\/spin-stein-casino.com\/es\/wp-json\/wp\/v2\/pages\/1449\/revisions"}],"predecessor-version":[{"id":1997,"href":"https:\/\/spin-stein-casino.com\/es\/wp-json\/wp\/v2\/pages\/1449\/revisions\/1997"}],"wp:attachment":[{"href":"https:\/\/spin-stein-casino.com\/es\/wp-json\/wp\/v2\/media?parent=1449"}],"curies":[{"name":"wp","href":"https:\/\/api.w.org\/{rel}","templated":true}]}}