{"id":1483,"date":"2026-01-20T12:11:11","date_gmt":"2026-01-20T12:11:11","guid":{"rendered":"https:\/\/bonuskongcasino.com\/login-and-registration\/"},"modified":"2026-03-26T12:00:50","modified_gmt":"2026-03-26T12:00:50","slug":"anmeldung-und-registrierung","status":"publish","type":"page","link":"https:\/\/spin-stein-casino.com\/de\/anmeldung-und-registrierung\/","title":{"rendered":"Anmeldung und Registrierung"},"content":{"rendered":"<h1>Spinstein Login<\/h1>\n<p>Unser Top-Online-Casino beginnt mit dem Spinstein Login, nach dem Nutzer ein reibungsloses Spielerlebnis genie\u00dfen k\u00f6nnen. Sie steht unseren Spielern zur Verf\u00fcgung und bietet alle Funktionen und Boni der Plattform. Du hast sicheren Zugriff auf alle Funktionen, einschlie\u00dflich Echtgeld-Gl\u00fccksspiel, Boni und Kontoverwaltung. Die Anmeldung ist der Zugang zu einer komfortablen Casino-Welt auf dem Desktop oder Smartphone.<\/p>\n<p><div class=\"banner-wrap\" aria-label=\"Banner\"><img src=\"https:\/\/spin-stein-casino.com\/wp-content\/uploads\/Spinstein-banner-carousel-800\u0445400.webp\" class=\"w-100 d-none d-lg-block img-pc main-banner-img\" alt=\"promo desktop\" fetchpriority=\"high\" decoding=\"async\"><img src=\"https:\/\/spin-stein-casino.com\/wp-content\/uploads\/spinstein-banner-mobile.webp\" class=\"w-100 d-none d-md-block d-lg-none main-banner-img\" alt=\"promo mobile\" fetchpriority=\"high\" decoding=\"async\"><img src=\"https:\/\/spin-stein-casino.com\/wp-content\/uploads\/spinstein-banner-mobile.webp\" class=\"w-100 d-md-none\" alt=\"promo mobile\" fetchpriority=\"high\" decoding=\"async\"><div class=\"banner-description\">\n<div class=\"banner-title\">Willkommensboni<\/div>\n<p class=\"banner-header-title\">1500 \u20ac<\/p>\n<div class=\"banner-header-AdditionalText\">+ 250 Freispiele<\/div>\n<button data-item=\"homepage_banner_link\" class=\"goto m-button m-gradient-border m-button--primary m-button--large banner-button btn-orange\">\n            <div class=\"m-button-content\">\n                <span>Jetzt anmelden<\/span>\n                <span><\/span>\n            <\/div>\n        <\/button>\n<\/div>\n<div class=\"WelcomePack\">\n<p><img loading=\"lazy\" decoding=\"async\" class=\"alignnone size-full wp-image-1853\" src=\"https:\/\/spin-stein-casino.com\/wp-content\/uploads\/2026\/03\/welcome-crown.png\" alt=\"crown\" width=\"25\" height=\"26\" \/><\/p>\n<div class=\"WelcomePack-Info\">W\u00f6chentlicher Cashback von bis zu 25 %<\/div>\n<p><img loading=\"lazy\" decoding=\"async\" class=\"alignnone size-full wp-image-1853\" src=\"https:\/\/spin-stein-casino.com\/wp-content\/uploads\/2026\/03\/welcome-crown.png\" alt=\"crown\" width=\"25\" height=\"26\" \/><\/p>\n<\/div>\n<\/div><div class=\"scrollable-content-wrap my-5\"><div class=\"scrollable-content-inner\"><h2>Spinstein Registrierungsprozess<\/h2>\n<p>Die Erstellung eines Kontos bei Spinstein Casino bietet viele Vorteile, die dein Erlebnis verbessern. Ein aktives Profil erm\u00f6glicht dir den Zugriff auf das gesamte Spielangebot, einzigartige Aktionsangebote, sichere Zahlungsmethoden und individuellen Kundenservice.<\/p>\n<p>Die Erstellung deines Profils dauert nur wenige Minuten und beginnt mit der Angabe grundlegender Informationen (lediglich deine E-Mail-Adresse und dein Passwort). Nach der Registrierung kannst du mit einem vollst\u00e4ndig personalisierten Erlebnis loslegen, einschlie\u00dflich der M\u00f6glichkeit, Einzahlungslimits festzulegen und auf Tools f\u00fcr verantwortungsbewusstes Spielen zuzugreifen.<\/p>\n<p>Die Registrierung erfolgt immer \u00fcber die Spinstein-Website und folgt diesen einfachen Schritten:<\/p>\n<ol>\n<li>Klicke auf den Registrieren Button, der gut sichtbar in der oberen rechten Ecke der Startseite angezeigt wird.<\/li>\n<li>Verwende deine g\u00fcltige E-Mail-Adresse und erstelle ein sicheres Passwort mit Gro\u00df- und Kleinbuchstaben, Zahlen und Sonderzeichen.<\/li>\n<li>Gib einen Aktionscode ein, um sofortige Pr\u00e4mien zu erhalten.<\/li>\n<li>Best\u00e4tige, dass du mindestens 18 Jahre alt bist, und akzeptiere die Allgemeinen Gesch\u00e4ftsbedingungen der Plattform.<\/li>\n<li>Klicke auf den Aktivierungsbutton und warte auf die Best\u00e4tigung von Spinstein Casino in deinem Posteingang.<\/li>\n<\/ol>\n<p>Bei Spin Stein ist alles einfach und unkompliziert. Es sind keine komplizierten Schritte erforderlich. Die Registrierung erm\u00f6glicht auch die Verifizierung, die f\u00fcr die Kontosicherheit notwendig ist.<\/p>\n<h2>Anmeldeverfahren bei Spinstein<\/h2>\n<p>Sobald dein Konto aktiviert ist, kannst du alle verf\u00fcgbaren Funktionen nutzen. Der Anmeldevorgang bei deinem Spinstein CasinoProfil ist schnell und sicher. Nach Abschluss des Vorgangs hast du Zugriff auf dein Profil-Dashboard. Nutzer k\u00f6nnen ihre Spin Stein Konten verwalten, Geld einzahlen und abheben sowie Einstellungen nach Belieben \u00e4ndern.<\/p>\n<p>So loggst du dich ein:<\/p>\n<ol>\n<li>Suche den Anmelde-Button in der oberen rechten Ecke der Spinstein Casino Startseite.<\/li>\n<li>Gib bitte deine registrierte E-Mail-Adresse und dein Passwort ein.<\/li>\n<li>Navigiere mit einem Klick am Ende des Formulars zu deinem Konto.<\/li>\n<\/ol>\n<p>Nach der Anmeldung k\u00f6nnen Spieler zu ihrem Profil-Dashboard wechseln, um:<\/p>\n<ul>\n<li>einen \u00dcberblick \u00fcber fr\u00fchere Aktivit\u00e4ten und den Transaktionsverlauf zu erhalten.<\/li>\n<li>Geld einzuzahlen oder abzuheben.<\/li>\n<li>Funktionen f\u00fcr verantwortungsbewusstes Spielen anzupassen.<\/li>\n<li>Mehrsprachige Support Funktionen wie den Live-Chat nutzen.<\/li>\n<\/ul>\n<p>\u00dcber das Dashboard k\u00f6nnen Nutzer ihre Kontoinformationen schnell aktualisieren. Hier kannst du auch den Status des Verifizierungsprozesses \u00fcberpr\u00fcfen, der f\u00fcr jeden Spin Stein-Spieler erforderlich ist.<\/p>\n<p><img loading=\"lazy\" decoding=\"async\" class=\"alignnone size-full wp-image-1930\" src=\"https:\/\/spin-stein-casino.com\/wp-content\/uploads\/Spinstein-Login.webp\" alt=\"Spinstein Login\" width=\"1248\" height=\"536\" srcset=\"https:\/\/spin-stein-casino.com\/wp-content\/uploads\/Spinstein-Login.webp 1248w, https:\/\/spin-stein-casino.com\/wp-content\/uploads\/Spinstein-Login-300x129.webp 300w, https:\/\/spin-stein-casino.com\/wp-content\/uploads\/Spinstein-Login-1024x440.webp 1024w, https:\/\/spin-stein-casino.com\/wp-content\/uploads\/Spinstein-Login-768x330.webp 768w\" sizes=\"auto, (max-width: 1248px) 100vw, 1248px\" \/><\/p>\n<h2>Sitzungsverwaltung<\/h2>\n<p>Unser Sitzungsverwaltungssystem ist darauf ausgelegt, f\u00fcr die Nutzer von Spinstein Casino sicher und komfortabel zu sein. Jeder Aufenthalt auf der Plattform ist auf 30 bis 60 Minuten Inaktivit\u00e4t begrenzt. Wenn du l\u00e4ngere Zeit inaktiv bist, endet die Sitzung automatisch und du musst dich erneut anmelden. Dies hilft, unbefugten Zugriff zu verhindern, falls du zu lange abwesend bist.<\/p>\n<p>Um weiterzuspielen, gib einfach deine Spinstein-Anmeldedaten erneut ein. Auf vertrauensw\u00fcrdigen Ger\u00e4ten nutzen wir au\u00dferdem die Sitzungsfortf\u00fchrung, was das Spielerlebnis verbessert und gleichzeitig die Sicherheit gew\u00e4hrleistet.<\/p>\n<p>Um dir zus\u00e4tzlichen Schutz zu bieten, empfehlen wir dir, die Zwei-Faktor-Authentifizierung (2FA) zu aktivieren. Beachte jedoch, dass du bei aktivierter 2FA dein spezifisches Ger\u00e4t immer griffbereit haben musst, um den OTP-Code zu \u00fcberpr\u00fcfen.<\/p>\n<h2>So sch\u00fctzt du dein Konto<\/h2>\n<p>Die Sicherheit deines Spinstein-Kontos hat f\u00fcr uns oberste Priorit\u00e4t. Wir nutzen 256-Bit-AES-Verschl\u00fcsselung und 2FA als Sicherheitsma\u00dfnahmen. Um die Sicherheit deines Profils zu erh\u00f6hen, gehe wie folgt vor:<\/p>\n<table>\n<tbody>\n<tr>\n<td>Sicherheitsma\u00dfnahmen<\/td>\n<td>Warum das wichtig ist<\/td>\n<\/tr>\n<tr>\n<td>Verwende ein starkes, komplexes Passwort mit Gro\u00df- und Kleinbuchstaben, Zahlen und Sonderzeichen<\/td>\n<td>Verhindert unbefugten Zugriff, indem dein Passwort schwer zu erraten oder zu knacken ist.<\/td>\n<\/tr>\n<tr>\n<td>Aktiviere die Zwei-Faktor-Authentifizierung (2FA)<\/td>\n<td>Verwendet OTPs, auf die du nur von einem bestimmten Ger\u00e4t aus zugreifen kannst.<\/td>\n<\/tr>\n<tr>\n<td>\u00dcberpr\u00fcfe regelm\u00e4\u00dfig deine Profilaktivit\u00e4ten und Transaktionen<\/td>\n<td>Hilft dabei, unbefugte oder verd\u00e4chtige Aktivit\u00e4ten fr\u00fchzeitig zu erkennen.<\/td>\n<\/tr>\n<tr>\n<td>Gib deine Spinstein-Anmeldedaten niemals weiter<\/td>\n<td>Sch\u00fctzt dein Konto vor unbefugtem Zugriff.<\/td>\n<\/tr>\n<tr>\n<td>Melde verd\u00e4chtige Aktivit\u00e4ten dem Support-Team<\/td>\n<td>Stellt sicher, dass schnell gehandelt wird, um dein Konto zu sichern und potenziellen Betrug oder Hackerangriffe zu verhindern.<\/td>\n<\/tr>\n<\/tbody>\n<\/table>\n<h2>FAQ<\/h2>\n<h3>Kann ich dasselbe Konto auf mehreren Ger\u00e4ten nutzen?<\/h3>\n<p>Ja, dein Spinstein Casino-Konto ist auf verschiedenen Ger\u00e4ten verf\u00fcgbar. Um die Sicherheit zu gew\u00e4hrleisten, empfehlen wir dir jedoch, nur auf vertrauensw\u00fcrdige Smartphones\/Tablets\/PCs zuzugreifen und die Zwei-Faktor-Authentifizierung zu nutzen, die zus\u00e4tzlichen Schutz bietet. Schreib uns im Live Chat, wenn du Probleme hast, dich von einem neuen Ger\u00e4t aus in dein Profil einzuloggen.<\/p>\n<h3>Wie richte ich die Zwei-Faktor-Authentifizierung ein?<\/h3>\n<p>F\u00fcr die 2FA-Aktivierung musst du dich bei Spinstein anmelden, dann zu deinen Profileinstellungen navigieren und den Anweisungen folgen, um deine Daten in einer Authentifizierungs-App hinzuzuf\u00fcgen. Dieser Vorgang f\u00fcgt eine weitere Sicherheitsma\u00dfnahme hinzu, die bei der Anmeldung einen zeitabh\u00e4ngigen Code erfordert.<\/p>\n<h3>Warum werde ich immer wieder automatisch abgemeldet?<\/h3>\n<p>Um unbefugten Zugriff auf dein Spinstein-Konto zu verhindern, erfolgt nach 30 bzw. 60 Minuten Inaktivit\u00e4t eine automatische Abmeldung. Melde dich einfach erneut \u00fcber das Spinstein-Anmeldeformular an, und mach dir keine Sorgen.<\/p>\n<h3>Was soll ich tun, wenn ich die Fehlermeldung \u201eFalsches Passwort\u201c erhalte?<\/h3>\n<p>Stelle sicher, dass du die richtigen Anmeldedaten eingibst und auf Gro\u00df- und Kleinschreibung achtest. Manchmal merken wir gar nicht, dass wir auf der falschen Tastatur tippen. Wenn das Problem weiterhin besteht, kannst du \u00fcber die Passwortzur\u00fccksetzung sicher ein neues Spin Stein Passwort generieren.<\/p>\n<\/div><\/div><\/p>\n","protected":false},"excerpt":{"rendered":"<p>Spinstein Login Unser Top-Online-Casino beginnt mit dem Spinstein Login, nach dem Nutzer ein reibungsloses Spielerlebnis genie\u00dfen k\u00f6nnen. Sie steht unseren Spielern zur Verf\u00fcgung und bietet alle Funktionen und Boni der Plattform. Du hast sicheren Zugriff auf alle Funktionen, einschlie\u00dflich Echtgeld-Gl\u00fccksspiel, Boni und Kontoverwaltung. Die Anmeldung ist der Zugang zu einer komfortablen Casino-Welt auf dem Desktop [&hellip;]<\/p>\n","protected":false},"author":1,"featured_media":0,"parent":0,"menu_order":0,"comment_status":"closed","ping_status":"closed","template":"template-builder.php","meta":{"_acf_changed":false,"inline_featured_image":false,"footnotes":""},"class_list":["post-1483","page","type-page","status-publish","hentry"],"acf":[],"yoast_head":"<!-- This site is optimized with the Yoast SEO plugin v27.3 - https:\/\/yoast.com\/product\/yoast-seo-wordpress\/ -->\n<title>Spinstein Casino Login &amp; Registrierung | Sicherer Zugang<\/title>\n<meta name=\"description\" content=\"Spinstein Casino Login \u2013 erstelle dein Konto in wenigen Augenblicken oder melde dich mit fortschrittlicher Verschl\u00fcsselung sicher an. Greife auf Einzahlungshistorie, Bonusstatus und pers\u00f6nliche Einstellungen an einem Ort bei Spin Stein zu.\" \/>\n<meta name=\"robots\" content=\"index, follow, max-snippet:-1, max-image-preview:large, max-video-preview:-1\" \/>\n<link rel=\"canonical\" href=\"https:\/\/spin-stein-casino.com\/de\/anmeldung-und-registrierung\/\" \/>\n<meta property=\"og:locale\" content=\"de_DE\" \/>\n<meta property=\"og:type\" content=\"article\" \/>\n<meta property=\"og:title\" content=\"Spinstein Casino Login &amp; Registrierung | Sicherer Zugang\" \/>\n<meta property=\"og:description\" content=\"Spinstein Casino Login \u2013 erstelle dein Konto in wenigen Augenblicken oder melde dich mit fortschrittlicher Verschl\u00fcsselung sicher an. Greife auf Einzahlungshistorie, Bonusstatus und pers\u00f6nliche Einstellungen an einem Ort bei Spin Stein zu.\" \/>\n<meta property=\"og:url\" content=\"https:\/\/spin-stein-casino.com\/de\/anmeldung-und-registrierung\/\" \/>\n<meta property=\"og:site_name\" content=\"spinstein\" \/>\n<meta property=\"article:modified_time\" content=\"2026-03-26T12:00:50+00:00\" \/>\n<meta name=\"twitter:card\" content=\"summary_large_image\" \/>\n<meta name=\"twitter:label1\" content=\"Gesch\u00e4tzte Lesezeit\" \/>\n\t<meta name=\"twitter:data1\" content=\"1\u00a0Minute\" \/>\n<script type=\"application\/ld+json\" class=\"yoast-schema-graph\">{\"@context\":\"https:\\\/\\\/schema.org\",\"@graph\":[{\"@type\":\"WebPage\",\"@id\":\"https:\\\/\\\/spin-stein-casino.com\\\/de\\\/anmeldung-und-registrierung\\\/\",\"url\":\"https:\\\/\\\/spin-stein-casino.com\\\/de\\\/anmeldung-und-registrierung\\\/\",\"name\":\"Spinstein Casino Login & Registrierung | Sicherer Zugang\",\"isPartOf\":{\"@id\":\"https:\\\/\\\/spin-stein-casino.com\\\/de\\\/#website\"},\"datePublished\":\"2026-01-20T12:11:11+00:00\",\"dateModified\":\"2026-03-26T12:00:50+00:00\",\"description\":\"Spinstein Casino Login \u2013 erstelle dein Konto in wenigen Augenblicken oder melde dich mit fortschrittlicher Verschl\u00fcsselung sicher an. Greife auf Einzahlungshistorie, Bonusstatus und pers\u00f6nliche Einstellungen an einem Ort bei Spin Stein zu.\",\"breadcrumb\":{\"@id\":\"https:\\\/\\\/spin-stein-casino.com\\\/de\\\/anmeldung-und-registrierung\\\/#breadcrumb\"},\"inLanguage\":\"de\",\"potentialAction\":[{\"@type\":\"ReadAction\",\"target\":[\"https:\\\/\\\/spin-stein-casino.com\\\/de\\\/anmeldung-und-registrierung\\\/\"]}]},{\"@type\":\"BreadcrumbList\",\"@id\":\"https:\\\/\\\/spin-stein-casino.com\\\/de\\\/anmeldung-und-registrierung\\\/#breadcrumb\",\"itemListElement\":[{\"@type\":\"ListItem\",\"position\":1,\"name\":\"Spinstein\",\"item\":\"https:\\\/\\\/spin-stein-casino.com\\\/de\\\/\"},{\"@type\":\"ListItem\",\"position\":2,\"name\":\"Anmeldung und Registrierung\"}]},{\"@type\":\"WebSite\",\"@id\":\"https:\\\/\\\/spin-stein-casino.com\\\/de\\\/#website\",\"url\":\"https:\\\/\\\/spin-stein-casino.com\\\/de\\\/\",\"name\":\"Spinstein\",\"description\":\"\",\"publisher\":{\"@id\":\"https:\\\/\\\/spin-stein-casino.com\\\/de\\\/#organization\"},\"potentialAction\":[{\"@type\":\"SearchAction\",\"target\":{\"@type\":\"EntryPoint\",\"urlTemplate\":\"https:\\\/\\\/spin-stein-casino.com\\\/de\\\/?s={search_term_string}\"},\"query-input\":{\"@type\":\"PropertyValueSpecification\",\"valueRequired\":true,\"valueName\":\"search_term_string\"}}],\"inLanguage\":\"de\"},{\"@type\":\"Organization\",\"@id\":\"https:\\\/\\\/spin-stein-casino.com\\\/de\\\/#organization\",\"name\":\"Spinstein\",\"url\":\"https:\\\/\\\/spin-stein-casino.com\\\/de\\\/\",\"logo\":{\"@type\":\"ImageObject\",\"inLanguage\":\"de\",\"@id\":\"https:\\\/\\\/spin-stein-casino.com\\\/de\\\/#\\\/schema\\\/logo\\\/image\\\/\",\"url\":\"https:\\\/\\\/spin-stein-casino.com\\\/wp-content\\\/uploads\\\/2026\\\/03\\\/spinstein-logo.png\",\"contentUrl\":\"https:\\\/\\\/spin-stein-casino.com\\\/wp-content\\\/uploads\\\/2026\\\/03\\\/spinstein-logo.png\",\"width\":166,\"height\":40,\"caption\":\"Spinstein\"},\"image\":{\"@id\":\"https:\\\/\\\/spin-stein-casino.com\\\/de\\\/#\\\/schema\\\/logo\\\/image\\\/\"}}]}<\/script>\n<!-- \/ Yoast SEO plugin. -->","yoast_head_json":{"title":"Spinstein Casino Login & Registrierung | Sicherer Zugang","description":"Spinstein Casino Login \u2013 erstelle dein Konto in wenigen Augenblicken oder melde dich mit fortschrittlicher Verschl\u00fcsselung sicher an. Greife auf Einzahlungshistorie, Bonusstatus und pers\u00f6nliche Einstellungen an einem Ort bei Spin Stein zu.","robots":{"index":"index","follow":"follow","max-snippet":"max-snippet:-1","max-image-preview":"max-image-preview:large","max-video-preview":"max-video-preview:-1"},"canonical":"https:\/\/spin-stein-casino.com\/de\/anmeldung-und-registrierung\/","og_locale":"de_DE","og_type":"article","og_title":"Spinstein Casino Login & Registrierung | Sicherer Zugang","og_description":"Spinstein Casino Login \u2013 erstelle dein Konto in wenigen Augenblicken oder melde dich mit fortschrittlicher Verschl\u00fcsselung sicher an. Greife auf Einzahlungshistorie, Bonusstatus und pers\u00f6nliche Einstellungen an einem Ort bei Spin Stein zu.","og_url":"https:\/\/spin-stein-casino.com\/de\/anmeldung-und-registrierung\/","og_site_name":"spinstein","article_modified_time":"2026-03-26T12:00:50+00:00","twitter_card":"summary_large_image","twitter_misc":{"Gesch\u00e4tzte Lesezeit":"1\u00a0Minute"},"schema":{"@context":"https:\/\/schema.org","@graph":[{"@type":"WebPage","@id":"https:\/\/spin-stein-casino.com\/de\/anmeldung-und-registrierung\/","url":"https:\/\/spin-stein-casino.com\/de\/anmeldung-und-registrierung\/","name":"Spinstein Casino Login & Registrierung | Sicherer Zugang","isPartOf":{"@id":"https:\/\/spin-stein-casino.com\/de\/#website"},"datePublished":"2026-01-20T12:11:11+00:00","dateModified":"2026-03-26T12:00:50+00:00","description":"Spinstein Casino Login \u2013 erstelle dein Konto in wenigen Augenblicken oder melde dich mit fortschrittlicher Verschl\u00fcsselung sicher an. Greife auf Einzahlungshistorie, Bonusstatus und pers\u00f6nliche Einstellungen an einem Ort bei Spin Stein zu.","breadcrumb":{"@id":"https:\/\/spin-stein-casino.com\/de\/anmeldung-und-registrierung\/#breadcrumb"},"inLanguage":"de","potentialAction":[{"@type":"ReadAction","target":["https:\/\/spin-stein-casino.com\/de\/anmeldung-und-registrierung\/"]}]},{"@type":"BreadcrumbList","@id":"https:\/\/spin-stein-casino.com\/de\/anmeldung-und-registrierung\/#breadcrumb","itemListElement":[{"@type":"ListItem","position":1,"name":"Spinstein","item":"https:\/\/spin-stein-casino.com\/de\/"},{"@type":"ListItem","position":2,"name":"Anmeldung und Registrierung"}]},{"@type":"WebSite","@id":"https:\/\/spin-stein-casino.com\/de\/#website","url":"https:\/\/spin-stein-casino.com\/de\/","name":"Spinstein","description":"","publisher":{"@id":"https:\/\/spin-stein-casino.com\/de\/#organization"},"potentialAction":[{"@type":"SearchAction","target":{"@type":"EntryPoint","urlTemplate":"https:\/\/spin-stein-casino.com\/de\/?s={search_term_string}"},"query-input":{"@type":"PropertyValueSpecification","valueRequired":true,"valueName":"search_term_string"}}],"inLanguage":"de"},{"@type":"Organization","@id":"https:\/\/spin-stein-casino.com\/de\/#organization","name":"Spinstein","url":"https:\/\/spin-stein-casino.com\/de\/","logo":{"@type":"ImageObject","inLanguage":"de","@id":"https:\/\/spin-stein-casino.com\/de\/#\/schema\/logo\/image\/","url":"https:\/\/spin-stein-casino.com\/wp-content\/uploads\/2026\/03\/spinstein-logo.png","contentUrl":"https:\/\/spin-stein-casino.com\/wp-content\/uploads\/2026\/03\/spinstein-logo.png","width":166,"height":40,"caption":"Spinstein"},"image":{"@id":"https:\/\/spin-stein-casino.com\/de\/#\/schema\/logo\/image\/"}}]}},"_links":{"self":[{"href":"https:\/\/spin-stein-casino.com\/de\/wp-json\/wp\/v2\/pages\/1483","targetHints":{"allow":["GET"]}}],"collection":[{"href":"https:\/\/spin-stein-casino.com\/de\/wp-json\/wp\/v2\/pages"}],"about":[{"href":"https:\/\/spin-stein-casino.com\/de\/wp-json\/wp\/v2\/types\/page"}],"author":[{"embeddable":true,"href":"https:\/\/spin-stein-casino.com\/de\/wp-json\/wp\/v2\/users\/1"}],"replies":[{"embeddable":true,"href":"https:\/\/spin-stein-casino.com\/de\/wp-json\/wp\/v2\/comments?post=1483"}],"version-history":[{"count":3,"href":"https:\/\/spin-stein-casino.com\/de\/wp-json\/wp\/v2\/pages\/1483\/revisions"}],"predecessor-version":[{"id":1967,"href":"https:\/\/spin-stein-casino.com\/de\/wp-json\/wp\/v2\/pages\/1483\/revisions\/1967"}],"wp:attachment":[{"href":"https:\/\/spin-stein-casino.com\/de\/wp-json\/wp\/v2\/media?parent=1483"}],"curies":[{"name":"wp","href":"https:\/\/api.w.org\/{rel}","templated":true}]}}