{"id":1442,"date":"2026-01-20T12:08:23","date_gmt":"2026-01-20T12:08:23","guid":{"rendered":"https:\/\/bonuskongcasino.com\/app-2\/"},"modified":"2026-03-26T11:59:29","modified_gmt":"2026-03-26T11:59:29","slug":"app","status":"publish","type":"page","link":"https:\/\/spin-stein-casino.com\/de\/app\/","title":{"rendered":"App"},"content":{"rendered":"<h1>Spinstein App: Mobile Casino-Spiele<\/h1>\n<p>Die Spinstein App revolutioniert die Art und Weise, wie alle Fans von mobilen Spielen Online-Casinos sehen. Wir haben sie f\u00fcr perfekte digitale Leistung entwickelt. Unsere PWA bietet ein fl\u00fcssiges, intuitives Erlebnis, das auf alle mobilen Ger\u00e4te zugeschnitten ist. Du kannst an Live-Dealer-Spielen teilnehmen oder dein Konto m\u00fchelos verwalten, und unsere App bietet all diese wichtigen Funktionen in einem kompakten, benutzerfreundlichen Paket. Wir sind deine erste Wahl f\u00fcr ein vertrauensw\u00fcrdiges, fesselndes Spielerlebnis f\u00fcr unterwegs.<\/p>\n<div class=\"banner-wrap\" aria-label=\"Banner\"><img src=\"https:\/\/spin-stein-casino.com\/wp-content\/uploads\/Spinstein-banner-carousel-800\u0445400.webp\" class=\"w-100 d-none d-lg-block img-pc main-banner-img\" alt=\"promo desktop\" fetchpriority=\"high\" decoding=\"async\"><img src=\"https:\/\/spin-stein-casino.com\/wp-content\/uploads\/spinstein-banner-mobile.webp\" class=\"w-100 d-none d-md-block d-lg-none main-banner-img\" alt=\"promo mobile\" fetchpriority=\"high\" decoding=\"async\"><img src=\"https:\/\/spin-stein-casino.com\/wp-content\/uploads\/spinstein-banner-mobile.webp\" class=\"w-100 d-md-none\" alt=\"promo mobile\" fetchpriority=\"high\" decoding=\"async\"><div class=\"banner-description\">\n<div class=\"banner-title\">Willkommensboni<\/div>\n<p class=\"banner-header-title\">1500 \u20ac<\/p>\n<div class=\"banner-header-AdditionalText\">+ 250 Freispiele<\/div>\n<button data-item=\"homepage_banner_link\" class=\"goto m-button m-gradient-border m-button--primary m-button--large banner-button btn-orange\">\n            <div class=\"m-button-content\">\n                <span>Jetzt anmelden<\/span>\n                <span><\/span>\n            <\/div>\n        <\/button>\n<\/div>\n<div class=\"WelcomePack\">\n<p><img loading=\"lazy\" decoding=\"async\" class=\"alignnone size-full wp-image-1853\" src=\"https:\/\/spin-stein-casino.com\/wp-content\/uploads\/2026\/03\/welcome-crown.png\" alt=\"crown\" width=\"25\" height=\"26\" \/><\/p>\n<div class=\"WelcomePack-Info\">W\u00f6chentlicher Cashback von bis zu 25 %<\/div>\n<p><img loading=\"lazy\" decoding=\"async\" class=\"alignnone size-full wp-image-1853\" src=\"https:\/\/spin-stein-casino.com\/wp-content\/uploads\/2026\/03\/welcome-crown.png\" alt=\"crown\" width=\"25\" height=\"26\" \/><\/p>\n<\/div>\n<\/div>\n<h2>Funktionen der Spinstein App<\/h2>\n<p>Unsere App bietet im Vergleich zum Spielen auf einem Desktop-PC oder im Browser eine Vielzahl von Vorteilen. Dank ihrer optimierten Benutzeroberfl\u00e4che l\u00e4dt sie auch bei einer schlechten Verbindung schnell, ohne dass die Grafikqualit\u00e4t oder die Laufruhe darunter leiden. Die Spinstein Casino App verf\u00fcgt \u00fcber eine schlanke Architektur und ben\u00f6tigt daher nur wenig Speicherplatz. Automatische Updates sorgen daf\u00fcr, dass das Erlebnis immer auf dem neuesten Stand ist, ohne den Spielfluss zu unterbrechen.<\/p>\n<p>Die wichtigsten Merkmale der Spinstein App sind folgende:<\/p>\n<ul>\n<li>Unbegrenzter Zugriff auf eine vollst\u00e4ndige Auswahl an Online-Slots, Tischspielen und Live-Dealer-Optionen.<\/li>\n<li>Einfache Kontoverwaltung, wie Einzahlungen, Auszahlungen und der Verifizierungsprozess (KYC).<\/li>\n<li>Verbesserte Sicherheitsma\u00dfnahmen wie Verschl\u00fcsselung (TLS 1.3), WAF-Firewalls und sichere Anmeldungen.<\/li>\n<li>Push-Benachrichtigungen zu Aktionen, Spielen und deinem Konto.<\/li>\n<li>M\u00f6glichkeit, das Dashboard an die Einstellungen deines Ger\u00e4ts anzupassen.<\/li>\n<li>Die Installation geht schnell und kann direkt auf der offiziellen Spinstein Casino-Website erfolgen. App-Stores von Drittanbietern sind nicht erforderlich.<\/li>\n<\/ul>\n<p>Lass uns die Vor- und Nachteile der mobilen Version vergleichen, um besser zu verstehen, ob sie sich lohnt.<\/p>\n<table>\n<tbody>\n<tr>\n<td>Vorteile<\/td>\n<td>Einschr\u00e4nkungen<\/td>\n<\/tr>\n<tr>\n<td>Sofortiger Zugriff auf das Casino und die Spiele ohne Installation<\/td>\n<td>Ben\u00f6tigt m\u00f6glicherweise etwas Speicherplatz f\u00fcr optimale Leistung<\/td>\n<\/tr>\n<tr>\n<td>Echtzeit-Benachrichtigungen zu Aktionsangeboten, Boni und wichtigen Mitteilungen<\/td>\n<td>Einschr\u00e4nkungen f\u00fcr Spieler in bestimmten geografischen Regionen<\/td>\n<\/tr>\n<tr>\n<td>Intuitive Benutzeroberfl\u00e4che mit fl\u00fcssiger Navigation und anpassbarem Layout<\/td>\n<td>Bei \u00e4lteren Ger\u00e4ten k\u00f6nnen Kompatibilit\u00e4tsprobleme auftreten<\/td>\n<\/tr>\n<tr>\n<td>Schnelles und reaktionsschnelles Gameplay mit minimierten Ladezeiten<\/td>\n<td><\/td>\n<\/tr>\n<\/tbody>\n<\/table>\n<p>All dies sorgt f\u00fcr ein fesselndes Spielerlebnis, das mit der Desktop-Version mithalten kann und den Komfort des mobilen Zugriffs bietet.<\/p>\n<p><div class=\"scrollable-content-wrap my-5\"><div class=\"scrollable-content-inner\"><h2>Spinstein App f\u00fcr Android<\/h2>\n<p>Android-Nutzer haben mit dem Sonderangebot Zugriff auf den vollen Funktionsumfang von Spinstein Casino, ohne das Risiko, eine APK herunterladen zu m\u00fcssen. Die Anwendung ist lediglich eine PWA, sodass bei unserer unkomplizierten Installation, die nur wenige Minuten dauert, keinerlei Probleme auftreten sollten.<\/p>\n<ol>\n<li>Scrolle einfach auf der Spin Stein Casino Seite nach unten und klicke auf die Schaltfl\u00e4che \u201eCasino App\u201c.<\/li>\n<li>Klicke auf die Schaltfl\u00e4che \u201eInstallieren\u201c.<\/li>\n<li>Best\u00e4tige die Installation, sobald das Banner erscheint.<\/li>\n<li>W\u00e4hle die Option \u201eZum Startbildschirm hinzuf\u00fcgen\u201c.<\/li>\n<\/ol>\n<p>Das Spinstein App Symbol erscheint nach Abschluss der Installation auf dem Startbildschirm. Jetzt hast du direkten und schnellen Zugriff auf alle Spiele. Die App bittet dich nur um die Erteilung der notwendigen Berechtigungen, meist um Internetzugang zum Spielen und zum Empfang von Benachrichtigungen, was kaum oder gar keine Auswirkungen auf die Sicherheit und Leistung deines Ger\u00e4ts hat.<\/p>\n<p>Unsere App ist mit allen g\u00e4ngigen Android-Versionen kompatibel. Die Hardware-Anforderungen gew\u00e4hrleisten ein einwandfreies Spielerlebnis, unabh\u00e4ngig vom Alter oder der Marke des Ger\u00e4ts. Nach dem Einloggen kannst du Online-Slots, Live-Dealer-Spiele und Tischspiele effektiv verwalten, und die App verf\u00fcgt \u00fcber Touch-Steuerungen, die f\u00fcr das Spielen auf Mobilger\u00e4ten optimiert sind.<\/p>\n<p><img loading=\"lazy\" decoding=\"async\" class=\"alignnone size-full wp-image-1904\" src=\"https:\/\/spin-stein-casino.com\/wp-content\/uploads\/Spinstein-Android-App.webp\" alt=\"Spinstein Android App\" width=\"1248\" height=\"536\" srcset=\"https:\/\/spin-stein-casino.com\/wp-content\/uploads\/Spinstein-Android-App.webp 1248w, https:\/\/spin-stein-casino.com\/wp-content\/uploads\/Spinstein-Android-App-300x129.webp 300w, https:\/\/spin-stein-casino.com\/wp-content\/uploads\/Spinstein-Android-App-1024x440.webp 1024w, https:\/\/spin-stein-casino.com\/wp-content\/uploads\/Spinstein-Android-App-768x330.webp 768w\" sizes=\"auto, (max-width: 1248px) 100vw, 1248px\" \/><\/p>\n<\/div><\/div><div style=\"clear: both\"><\/div><div class=\"d-flex justify-content-center\"><button data-item=\"decouvrez_link\" data-group=\"website_links\" class=\"goto fw-bold rounded-pill btn btn-orange\" aria-label=\"Laden Sie die Spinstein-App herunter\" >Laden Sie die Spinstein-App herunter<\/button><\/div><div class=\"scrollable-content-wrap my-5\"><div class=\"scrollable-content-inner\"><h2>Spinstein App f\u00fcr iOS<\/h2>\n<p>Wenn du eines der folgenden Apple-Produkte besitzt \u2013 iPhone, iPad \u2013, dann ist die Installation unserer Spinstein App f\u00fcr dich noch einfacher! Spinstein bietet iPhone- und iPad-Nutzern ein gleicherma\u00dfen ausgefeiltes Erlebnis. Die Installation ist einfach und erfordert keinen Besuch im App Store, da die App als PWA-Verkn\u00fcpfung l\u00e4uft und dir die Funktionalit\u00e4t einer nativen Anwendung bietet, auf die du \u00fcber den Browser zugreifen kannst.<\/p>\n<p>Die Spin Stein App installierst du auf einem iPad wie folgt:<\/p>\n<ol>\n<li>Scrolle auf der Spin Stein Casino Seite nach unten.<\/li>\n<li>Klicke auf das Drei-Punkte-Men\u00fc in der Adressleiste des Browsers.<\/li>\n<li>Tippe auf den Men\u00fcpunkt \u201eZum Startbildschirm hinzuf\u00fcgen\u201c.<\/li>\n<li>F\u00fcge die URL unseres Casinos hinzu.<\/li>\n<li>Best\u00e4tige die Installation.<\/li>\n<\/ol>\n<p>Herzlichen Gl\u00fcckwunsch, du hast die Spinstein App nun auf deinem Ger\u00e4t. Du kannst sie sowohl auf den kleinen Bildschirmen von iPhones als auch auf gr\u00f6\u00dferen iPads nutzen. Es gibt eine automatische, anpassungsf\u00e4hige Benutzeroberfl\u00e4che, die allen Nutzern eine grafisch ansprechende Darstellung bietet.<\/p>\n<p><img loading=\"lazy\" decoding=\"async\" class=\"alignnone size-full wp-image-1912\" src=\"https:\/\/spin-stein-casino.com\/wp-content\/uploads\/Spinstein-iOS-App.webp\" alt=\"Spinstein iOS App\" width=\"1248\" height=\"536\" srcset=\"https:\/\/spin-stein-casino.com\/wp-content\/uploads\/Spinstein-iOS-App.webp 1248w, https:\/\/spin-stein-casino.com\/wp-content\/uploads\/Spinstein-iOS-App-300x129.webp 300w, https:\/\/spin-stein-casino.com\/wp-content\/uploads\/Spinstein-iOS-App-1024x440.webp 1024w, https:\/\/spin-stein-casino.com\/wp-content\/uploads\/Spinstein-iOS-App-768x330.webp 768w\" sizes=\"auto, (max-width: 1248px) 100vw, 1248px\" \/><\/p>\n<\/div><\/div><div style=\"clear: both\"><\/div><div class=\"d-flex justify-content-center\"><button data-item=\"decouvrez_link\" data-group=\"website_links\" class=\"goto fw-bold rounded-pill btn btn-orange\" aria-label=\"Spinstein herunterladen\" >Spinstein herunterladen<\/button><\/div><div class=\"scrollable-content-wrap my-5\"><div class=\"scrollable-content-inner\"><h2>Ger\u00e4tekompatibilit\u00e4t<\/h2>\n<p>Die mobile App von Spinstein Casino ist weitgehend kompatibel. Sie passt sich automatisch an die Gr\u00f6\u00dfe und Aufl\u00f6sung des Ger\u00e4ts an und garantiert so maximales Spielvergn\u00fcgen und Benutzerfreundlichkeit. Die App unterst\u00fctzt:<\/p>\n<ul>\n<li>Leistungsstarke Smartphones, die sehr schnell aufrufen und einfach zu bedienen sind.<\/li>\n<li>Tablets bieten einen gr\u00f6\u00dferen Bildschirm, um das Spiel im Detail zu betrachten.<\/li>\n<li>Desktops und Laptops bieten ein \u00e4hnliches Erlebnis wie andere Ger\u00e4te, jedoch mit gr\u00f6\u00dferen Bildschirmen.<\/li>\n<\/ul>\n<p>Mit einem Mittelklasse-Smartphone oder einem High-End-Tablet genie\u00dfen Nutzer ein schnelles und reaktionsschnelles Spielerlebnis mit kaum Verz\u00f6gerungen. Wir hoffen, dass dir unsere mobile Casino Version gef\u00e4llt. Die Architektur der App reduziert den Akkuverbrauch und den Datenverbrauch, sodass sie sich ideal f\u00fcr lange Spielsitzungen unterwegs eignet.<\/p>\n<h2>Spin Stein Casino Desktop-Version<\/h2>\n<p>Auch wenn mobiles Gaming auf Spieler unterwegs ausgerichtet ist, ist die Desktop-Version von Spin Stein Casino ein unverzichtbares Feature f\u00fcr Spieler mit gro\u00dfen Bildschirmen oder solche, die ein klassisches Design bevorzugen. Die Desktop-Version l\u00e4uft perfekt unter Windows und macOS und verf\u00fcgt \u00fcber strenge Sicherheitseinstellungen, um die Daten unserer Nutzer zu sch\u00fctzen und Fairplay zu gew\u00e4hrleisten.<\/p>\n<p>So besuchst du das Spin Stein Casino auf einem Desktop:<\/p>\n<ol>\n<li>Klicke einfach auf eine Verkn\u00fcpfung oder \u00f6ffne einen Browser.<\/li>\n<li>Melde dich mit deiner E-Mail-Adresse und deinem Passwort bei unserem System an.<\/li>\n<li>Genie\u00dfe die Spiele auf deiner Startseite oder st\u00f6bere in deinem Dashboard.<\/li>\n<\/ol>\n<p>Das Desktop-Layout bietet einen genaueren Einblick in unseren Spinstein-Katalog, insbesondere bei Live-Dealer-Tischen, wo \u00dcbersichtlichkeit f\u00fcr das Spielerlebnis wichtig ist. Der gr\u00f6\u00dfere Bildschirm erleichtert zudem die Navigation durch Kontoeinstellungen, Aktionen und Spielarten.<\/p>\n<p>Die Desktop-Version ist mit allen Ger\u00e4ten kompatibel. Du kannst deine Kontodaten, deinen Kontostand und deinen Aktivit\u00e4tsverlauf gleicherma\u00dfen sehen, die automatisch synchronisiert werden. Diese Einheitlichkeit sorgt f\u00fcr ein konsistentes Spielerlebnis auf dem Desktop oder auf dem Handy.<\/p>\n<p><img loading=\"lazy\" decoding=\"async\" class=\"alignnone size-full wp-image-1920\" src=\"https:\/\/spin-stein-casino.com\/wp-content\/uploads\/Spinstein-Desktop.webp\" alt=\"Spinstein Desktop\" width=\"1248\" height=\"536\" srcset=\"https:\/\/spin-stein-casino.com\/wp-content\/uploads\/Spinstein-Desktop.webp 1248w, https:\/\/spin-stein-casino.com\/wp-content\/uploads\/Spinstein-Desktop-300x129.webp 300w, https:\/\/spin-stein-casino.com\/wp-content\/uploads\/Spinstein-Desktop-1024x440.webp 1024w, https:\/\/spin-stein-casino.com\/wp-content\/uploads\/Spinstein-Desktop-768x330.webp 768w\" sizes=\"auto, (max-width: 1248px) 100vw, 1248px\" \/><\/p>\n<\/div><\/div><div style=\"clear: both\"><\/div><div class=\"d-flex justify-content-center\"><button data-item=\"decouvrez_link\" data-group=\"website_links\" class=\"goto fw-bold rounded-pill btn btn-orange\" aria-label=\"Laden Sie die Spinstein-App herunter\" >Laden Sie die Spinstein-App herunter<\/button><\/div><div class=\"scrollable-content-wrap my-5\"><div class=\"scrollable-content-inner\"><h2>Warum auf dem Handy spielen?<\/h2>\n<p>Wie du bereits wei\u00dft, ist die Nutzung der mobilen Version von Spin Stein Casino unglaublich bequem und flexibel. Unsere coole App erm\u00f6glicht es Spielern, ihre Lieblingstitel zu spielen, wenn sie eine Pause machen, pendeln oder zu Hause entspannen. Der jederzeitige Zugriff auf das Casino bedeutet, dass du nicht warten oder dich auf verschiedenen Plattformen registrieren musst.<\/p>\n<p>Das mobile Spielen konzentriert sich auf Touch-Interaktionen, die einen schnellen, einfachen Zugriff auf Spiele und Funktionen zur Kontoverwaltung bieten. Dank der Reaktionsschnelligkeit der App vermeidest du Schwierigkeiten selbst auf Ger\u00e4ten mit relativ geringen Spezifikationen.<\/p>\n<h2>FAQ<\/h2>\n<h3>Kann ich in der App zwischen hellem und dunklem Modus wechseln?<\/h3>\n<p>Die Spinstein App verf\u00fcgt \u00fcber helle und dunkle Designs, damit du das visuelle Erlebnis ganz nach deinen W\u00fcnschen anpassen kannst. Diese Funktion l\u00e4sst sich im Einstellungsmen\u00fc der App aktivieren.<\/p>\n<h3>Muss ich etwas aus dem App Store herunterladen?<\/h3>\n<p>Unsere App ist eine PWA, und du kannst einfach auf die Schaltfl\u00e4che \u201eCasino-App\u201c klicken oder ein Mitglied unseres Support Team bitten, dich durch den Vorgang zu f\u00fchren, falls du nicht weiterwei\u00dft. Klicke dazu einfach auf die Live-Chat-Schaltfl\u00e4che. Du musst nichts von unbekannten Quellen installieren.<\/p>\n<h3>Was sind die Systemanforderungen f\u00fcr die mobile App?<\/h3>\n<p>Die Spinstein App ist kompatibel mit Android 8.0 und h\u00f6her sowie mit iOS 12.0 und h\u00f6her. Du kannst (technisch gesehen) auch auf sehr alten Ger\u00e4ten spielen, aber wir k\u00f6nnen keine optimale Leistung garantieren. Die App ist kompatibel mit Ger\u00e4ten der Mittel- und Oberklasse, und ihre Leistung verbessert sich mit der neuesten Hardware.<\/p>\n<\/div><\/div><\/p>\n","protected":false},"excerpt":{"rendered":"<p>Spinstein App: Mobile Casino-Spiele Die Spinstein App revolutioniert die Art und Weise, wie alle Fans von mobilen Spielen Online-Casinos sehen. Wir haben sie f\u00fcr perfekte digitale Leistung entwickelt. Unsere PWA bietet ein fl\u00fcssiges, intuitives Erlebnis, das auf alle mobilen Ger\u00e4te zugeschnitten ist. Du kannst an Live-Dealer-Spielen teilnehmen oder dein Konto m\u00fchelos verwalten, und unsere App [&hellip;]<\/p>\n","protected":false},"author":1,"featured_media":0,"parent":0,"menu_order":0,"comment_status":"closed","ping_status":"closed","template":"template-builder.php","meta":{"_acf_changed":false,"inline_featured_image":false,"footnotes":""},"class_list":["post-1442","page","type-page","status-publish","hentry"],"acf":[],"yoast_head":"<!-- This site is optimized with the Yoast SEO plugin v27.3 - https:\/\/yoast.com\/product\/yoast-seo-wordpress\/ -->\n<title>Spinstein Casino Web App | Mobil &amp; Desktop<\/title>\n<meta name=\"description\" content=\"Spinstein Web App \u2013 greife direkt \u00fcber jeden Browser auf Handy oder Desktop auf deine Lieblings-Slots, Tischspiele und Live-Casino zu. Kein Download n\u00f6tig, einfach sofort spielen und nahtlose Kontosynchronisierung mit Spin Stein.\" \/>\n<meta name=\"robots\" content=\"index, follow, max-snippet:-1, max-image-preview:large, max-video-preview:-1\" \/>\n<link rel=\"canonical\" href=\"https:\/\/spin-stein-casino.com\/de\/app\/\" \/>\n<meta property=\"og:locale\" content=\"de_DE\" \/>\n<meta property=\"og:type\" content=\"article\" \/>\n<meta property=\"og:title\" content=\"Spinstein Casino Web App | Mobil &amp; Desktop\" \/>\n<meta property=\"og:description\" content=\"Spinstein Web App \u2013 greife direkt \u00fcber jeden Browser auf Handy oder Desktop auf deine Lieblings-Slots, Tischspiele und Live-Casino zu. Kein Download n\u00f6tig, einfach sofort spielen und nahtlose Kontosynchronisierung mit Spin Stein.\" \/>\n<meta property=\"og:url\" content=\"https:\/\/spin-stein-casino.com\/de\/app\/\" \/>\n<meta property=\"og:site_name\" content=\"spinstein\" \/>\n<meta property=\"article:modified_time\" content=\"2026-03-26T11:59:29+00:00\" \/>\n<meta name=\"twitter:card\" content=\"summary_large_image\" \/>\n<meta name=\"twitter:label1\" content=\"Gesch\u00e4tzte Lesezeit\" \/>\n\t<meta name=\"twitter:data1\" content=\"2\u00a0Minuten\" \/>\n<script type=\"application\/ld+json\" class=\"yoast-schema-graph\">{\"@context\":\"https:\\\/\\\/schema.org\",\"@graph\":[{\"@type\":\"WebPage\",\"@id\":\"https:\\\/\\\/spin-stein-casino.com\\\/de\\\/app\\\/\",\"url\":\"https:\\\/\\\/spin-stein-casino.com\\\/de\\\/app\\\/\",\"name\":\"Spinstein Casino Web App | Mobil & Desktop\",\"isPartOf\":{\"@id\":\"https:\\\/\\\/spin-stein-casino.com\\\/de\\\/#website\"},\"datePublished\":\"2026-01-20T12:08:23+00:00\",\"dateModified\":\"2026-03-26T11:59:29+00:00\",\"description\":\"Spinstein Web App \u2013 greife direkt \u00fcber jeden Browser auf Handy oder Desktop auf deine Lieblings-Slots, Tischspiele und Live-Casino zu. Kein Download n\u00f6tig, einfach sofort spielen und nahtlose Kontosynchronisierung mit Spin Stein.\",\"breadcrumb\":{\"@id\":\"https:\\\/\\\/spin-stein-casino.com\\\/de\\\/app\\\/#breadcrumb\"},\"inLanguage\":\"de\",\"potentialAction\":[{\"@type\":\"ReadAction\",\"target\":[\"https:\\\/\\\/spin-stein-casino.com\\\/de\\\/app\\\/\"]}]},{\"@type\":\"BreadcrumbList\",\"@id\":\"https:\\\/\\\/spin-stein-casino.com\\\/de\\\/app\\\/#breadcrumb\",\"itemListElement\":[{\"@type\":\"ListItem\",\"position\":1,\"name\":\"Spinstein\",\"item\":\"https:\\\/\\\/spin-stein-casino.com\\\/de\\\/\"},{\"@type\":\"ListItem\",\"position\":2,\"name\":\"App\"}]},{\"@type\":\"WebSite\",\"@id\":\"https:\\\/\\\/spin-stein-casino.com\\\/de\\\/#website\",\"url\":\"https:\\\/\\\/spin-stein-casino.com\\\/de\\\/\",\"name\":\"Spinstein\",\"description\":\"\",\"publisher\":{\"@id\":\"https:\\\/\\\/spin-stein-casino.com\\\/de\\\/#organization\"},\"potentialAction\":[{\"@type\":\"SearchAction\",\"target\":{\"@type\":\"EntryPoint\",\"urlTemplate\":\"https:\\\/\\\/spin-stein-casino.com\\\/de\\\/?s={search_term_string}\"},\"query-input\":{\"@type\":\"PropertyValueSpecification\",\"valueRequired\":true,\"valueName\":\"search_term_string\"}}],\"inLanguage\":\"de\"},{\"@type\":\"Organization\",\"@id\":\"https:\\\/\\\/spin-stein-casino.com\\\/de\\\/#organization\",\"name\":\"Spinstein\",\"url\":\"https:\\\/\\\/spin-stein-casino.com\\\/de\\\/\",\"logo\":{\"@type\":\"ImageObject\",\"inLanguage\":\"de\",\"@id\":\"https:\\\/\\\/spin-stein-casino.com\\\/de\\\/#\\\/schema\\\/logo\\\/image\\\/\",\"url\":\"https:\\\/\\\/spin-stein-casino.com\\\/wp-content\\\/uploads\\\/2026\\\/03\\\/spinstein-logo.png\",\"contentUrl\":\"https:\\\/\\\/spin-stein-casino.com\\\/wp-content\\\/uploads\\\/2026\\\/03\\\/spinstein-logo.png\",\"width\":166,\"height\":40,\"caption\":\"Spinstein\"},\"image\":{\"@id\":\"https:\\\/\\\/spin-stein-casino.com\\\/de\\\/#\\\/schema\\\/logo\\\/image\\\/\"}}]}<\/script>\n<!-- \/ Yoast SEO plugin. -->","yoast_head_json":{"title":"Spinstein Casino Web App | Mobil & Desktop","description":"Spinstein Web App \u2013 greife direkt \u00fcber jeden Browser auf Handy oder Desktop auf deine Lieblings-Slots, Tischspiele und Live-Casino zu. Kein Download n\u00f6tig, einfach sofort spielen und nahtlose Kontosynchronisierung mit Spin Stein.","robots":{"index":"index","follow":"follow","max-snippet":"max-snippet:-1","max-image-preview":"max-image-preview:large","max-video-preview":"max-video-preview:-1"},"canonical":"https:\/\/spin-stein-casino.com\/de\/app\/","og_locale":"de_DE","og_type":"article","og_title":"Spinstein Casino Web App | Mobil & Desktop","og_description":"Spinstein Web App \u2013 greife direkt \u00fcber jeden Browser auf Handy oder Desktop auf deine Lieblings-Slots, Tischspiele und Live-Casino zu. Kein Download n\u00f6tig, einfach sofort spielen und nahtlose Kontosynchronisierung mit Spin Stein.","og_url":"https:\/\/spin-stein-casino.com\/de\/app\/","og_site_name":"spinstein","article_modified_time":"2026-03-26T11:59:29+00:00","twitter_card":"summary_large_image","twitter_misc":{"Gesch\u00e4tzte Lesezeit":"2\u00a0Minuten"},"schema":{"@context":"https:\/\/schema.org","@graph":[{"@type":"WebPage","@id":"https:\/\/spin-stein-casino.com\/de\/app\/","url":"https:\/\/spin-stein-casino.com\/de\/app\/","name":"Spinstein Casino Web App | Mobil & Desktop","isPartOf":{"@id":"https:\/\/spin-stein-casino.com\/de\/#website"},"datePublished":"2026-01-20T12:08:23+00:00","dateModified":"2026-03-26T11:59:29+00:00","description":"Spinstein Web App \u2013 greife direkt \u00fcber jeden Browser auf Handy oder Desktop auf deine Lieblings-Slots, Tischspiele und Live-Casino zu. Kein Download n\u00f6tig, einfach sofort spielen und nahtlose Kontosynchronisierung mit Spin Stein.","breadcrumb":{"@id":"https:\/\/spin-stein-casino.com\/de\/app\/#breadcrumb"},"inLanguage":"de","potentialAction":[{"@type":"ReadAction","target":["https:\/\/spin-stein-casino.com\/de\/app\/"]}]},{"@type":"BreadcrumbList","@id":"https:\/\/spin-stein-casino.com\/de\/app\/#breadcrumb","itemListElement":[{"@type":"ListItem","position":1,"name":"Spinstein","item":"https:\/\/spin-stein-casino.com\/de\/"},{"@type":"ListItem","position":2,"name":"App"}]},{"@type":"WebSite","@id":"https:\/\/spin-stein-casino.com\/de\/#website","url":"https:\/\/spin-stein-casino.com\/de\/","name":"Spinstein","description":"","publisher":{"@id":"https:\/\/spin-stein-casino.com\/de\/#organization"},"potentialAction":[{"@type":"SearchAction","target":{"@type":"EntryPoint","urlTemplate":"https:\/\/spin-stein-casino.com\/de\/?s={search_term_string}"},"query-input":{"@type":"PropertyValueSpecification","valueRequired":true,"valueName":"search_term_string"}}],"inLanguage":"de"},{"@type":"Organization","@id":"https:\/\/spin-stein-casino.com\/de\/#organization","name":"Spinstein","url":"https:\/\/spin-stein-casino.com\/de\/","logo":{"@type":"ImageObject","inLanguage":"de","@id":"https:\/\/spin-stein-casino.com\/de\/#\/schema\/logo\/image\/","url":"https:\/\/spin-stein-casino.com\/wp-content\/uploads\/2026\/03\/spinstein-logo.png","contentUrl":"https:\/\/spin-stein-casino.com\/wp-content\/uploads\/2026\/03\/spinstein-logo.png","width":166,"height":40,"caption":"Spinstein"},"image":{"@id":"https:\/\/spin-stein-casino.com\/de\/#\/schema\/logo\/image\/"}}]}},"_links":{"self":[{"href":"https:\/\/spin-stein-casino.com\/de\/wp-json\/wp\/v2\/pages\/1442","targetHints":{"allow":["GET"]}}],"collection":[{"href":"https:\/\/spin-stein-casino.com\/de\/wp-json\/wp\/v2\/pages"}],"about":[{"href":"https:\/\/spin-stein-casino.com\/de\/wp-json\/wp\/v2\/types\/page"}],"author":[{"embeddable":true,"href":"https:\/\/spin-stein-casino.com\/de\/wp-json\/wp\/v2\/users\/1"}],"replies":[{"embeddable":true,"href":"https:\/\/spin-stein-casino.com\/de\/wp-json\/wp\/v2\/comments?post=1442"}],"version-history":[{"count":3,"href":"https:\/\/spin-stein-casino.com\/de\/wp-json\/wp\/v2\/pages\/1442\/revisions"}],"predecessor-version":[{"id":1965,"href":"https:\/\/spin-stein-casino.com\/de\/wp-json\/wp\/v2\/pages\/1442\/revisions\/1965"}],"wp:attachment":[{"href":"https:\/\/spin-stein-casino.com\/de\/wp-json\/wp\/v2\/media?parent=1442"}],"curies":[{"name":"wp","href":"https:\/\/api.w.org\/{rel}","templated":true}]}}